{"id":716221,"date":"2025-08-27T17:39:44","date_gmt":"2025-08-27T14:39:44","guid":{"rendered":"https:\/\/roveyayinevi.com.tr\/index.php\/urun\/astronot-ne-yapar\/"},"modified":"2026-04-16T02:24:33","modified_gmt":"2026-04-15T23:24:33","slug":"astronot-ne-yapar","status":"publish","type":"product","link":"https:\/\/roveyayinevi.com.tr\/index.php\/urun\/astronot-ne-yapar\/","title":{"rendered":"Astronot Ne Yapar?"},"content":{"rendered":"<p>Y\u0131ld\u0131zlar, gezegenler, asteroitler aras\u0131nda&#8230; Be\u015f\u2026 D\u00f6rt\u2026 \u00dc\u00e7\u2026 \u0130ki\u2026 Bir\u2026 Uzay meki\u011fi havaland\u0131 ve \u00e7oktan bulutlar\u0131n \u00fcst\u00fcne vard\u0131. Astronot \u00f6nce atmosferin i\u00e7inden ge\u00e7ecek ve kendini uzay\u0131n derinliklerinde bulacak.\u00d6zel k\u0131yafetleriyle uzayda gezecek, inan\u0131lmaz aletleriyle bir s\u00fcr\u00fc deney yapacak ve sonu\u00e7lar\u0131 D\u00fcnya\u2019ya g\u00f6nderecek. Onun mesle\u011fi milyonlarca \u00e7ocu\u011fun hayali. <\/p>\n","protected":false},"excerpt":{"rendered":"<p>Y\u0131ld\u0131zlar, gezegenler, asteroitler aras\u0131nda&#8230; Be\u015f\u2026 D\u00f6rt\u2026 \u00dc\u00e7\u2026 \u0130ki\u2026 Bir\u2026 Uzay meki\u011fi havaland\u0131 ve \u00e7oktan bulutlar\u0131n \u00fcst\u00fcne vard\u0131. Astronot \u00f6nce atmosferin i\u00e7inden ge\u00e7ecek ve kendini uzay\u0131n derinliklerinde<span class=\"excerpt-hellip\"> [\u2026]<\/span><\/p>\n","protected":false},"featured_media":0,"template":"","meta":{"_monsterinsights_skip_tracking":false,"_monsterinsights_sitenote_active":false,"_monsterinsights_sitenote_note":"","_monsterinsights_sitenote_category":0},"product_brand":[],"product_cat":[12913,12274],"product_tag":[],"class_list":{"0":"post-716221","1":"product","2":"type-product","3":"status-publish","5":"product_cat-3-6-yas-kitaplari","6":"product_cat-cocuk-ve-genclik-kitaplari","7":"pa_cilt-ciltsiz","8":"pa_tur-kitap","9":"pa_yayinevi-domingo-yayinevi","10":"pa_yazar-liesbet-slegers","12":"first","13":"instock","14":"sale","15":"shipping-taxable","16":"purchasable","17":"product-type-simple"},"_links":{"self":[{"href":"https:\/\/roveyayinevi.com.tr\/index.php\/wp-json\/wp\/v2\/product\/716221","targetHints":{"allow":["GET"]}}],"collection":[{"href":"https:\/\/roveyayinevi.com.tr\/index.php\/wp-json\/wp\/v2\/product"}],"about":[{"href":"https:\/\/roveyayinevi.com.tr\/index.php\/wp-json\/wp\/v2\/types\/product"}],"wp:attachment":[{"href":"https:\/\/roveyayinevi.com.tr\/index.php\/wp-json\/wp\/v2\/media?parent=716221"}],"wp:term":[{"taxonomy":"product_brand","embeddable":true,"href":"https:\/\/roveyayinevi.com.tr\/index.php\/wp-json\/wp\/v2\/product_brand?post=716221"},{"taxonomy":"product_cat","embeddable":true,"href":"https:\/\/roveyayinevi.com.tr\/index.php\/wp-json\/wp\/v2\/product_cat?post=716221"},{"taxonomy":"product_tag","embeddable":true,"href":"https:\/\/roveyayinevi.com.tr\/index.php\/wp-json\/wp\/v2\/product_tag?post=716221"}],"curies":[{"name":"wp","href":"https:\/\/api.w.org\/{rel}","templated":true}]}}