{"id":716220,"date":"2025-08-27T17:39:43","date_gmt":"2025-08-27T14:39:43","guid":{"rendered":"https:\/\/roveyayinevi.com.tr\/index.php\/urun\/doktor-ne-yapar\/"},"modified":"2026-04-16T02:24:33","modified_gmt":"2026-04-15T23:24:33","slug":"doktor-ne-yapar","status":"publish","type":"product","link":"https:\/\/roveyayinevi.com.tr\/index.php\/urun\/doktor-ne-yapar\/","title":{"rendered":"Doktor  Ne Yapar?"},"content":{"rendered":"<p>Hap\u015fuuu!!! Kimisi ate\u015fi kimisi yaras\u0131 kimisi de a\u015f\u0131 olmak i\u00e7in gelir. Doktorlar, v\u00fccudumuz hakk\u0131nda her \u015feyi bilir. Beyaz \u00f6nl\u00fcklerini giyer ve baz\u0131 aletlerle hastalar\u0131n\u0131 muayene ederler. Hastaland\u0131\u011f\u0131n\u0131zda birinin sizi iyile\u015ftirmesi ve sa\u011fl\u0131\u011f\u0131n\u0131z\u0131 koruman\u0131za yard\u0131mc\u0131 olmas\u0131 \u00e7ok g\u00fczel de\u011fil mi? <\/p>\n","protected":false},"excerpt":{"rendered":"<p>Hap\u015fuuu!!! Kimisi ate\u015fi kimisi yaras\u0131 kimisi de a\u015f\u0131 olmak i\u00e7in gelir. Doktorlar, v\u00fccudumuz hakk\u0131nda her \u015feyi bilir. Beyaz \u00f6nl\u00fcklerini giyer ve baz\u0131 aletlerle hastalar\u0131n\u0131 muayene ederler.<span class=\"excerpt-hellip\"> [\u2026]<\/span><\/p>\n","protected":false},"featured_media":0,"template":"","meta":{"_monsterinsights_skip_tracking":false,"_monsterinsights_sitenote_active":false,"_monsterinsights_sitenote_note":"","_monsterinsights_sitenote_category":0},"product_brand":[],"product_cat":[12274,15842],"product_tag":[],"class_list":{"0":"post-716220","1":"product","2":"type-product","3":"status-publish","5":"product_cat-cocuk-ve-genclik-kitaplari","6":"product_cat-egitici-kitaplar","7":"pa_cilt-ciltsiz","8":"pa_tur-kitap","9":"pa_yayinevi-domingo-yayinevi","10":"pa_yazar-liesbet-slegers","12":"first","13":"instock","14":"sale","15":"shipping-taxable","16":"purchasable","17":"product-type-simple"},"_links":{"self":[{"href":"https:\/\/roveyayinevi.com.tr\/index.php\/wp-json\/wp\/v2\/product\/716220","targetHints":{"allow":["GET"]}}],"collection":[{"href":"https:\/\/roveyayinevi.com.tr\/index.php\/wp-json\/wp\/v2\/product"}],"about":[{"href":"https:\/\/roveyayinevi.com.tr\/index.php\/wp-json\/wp\/v2\/types\/product"}],"wp:attachment":[{"href":"https:\/\/roveyayinevi.com.tr\/index.php\/wp-json\/wp\/v2\/media?parent=716220"}],"wp:term":[{"taxonomy":"product_brand","embeddable":true,"href":"https:\/\/roveyayinevi.com.tr\/index.php\/wp-json\/wp\/v2\/product_brand?post=716220"},{"taxonomy":"product_cat","embeddable":true,"href":"https:\/\/roveyayinevi.com.tr\/index.php\/wp-json\/wp\/v2\/product_cat?post=716220"},{"taxonomy":"product_tag","embeddable":true,"href":"https:\/\/roveyayinevi.com.tr\/index.php\/wp-json\/wp\/v2\/product_tag?post=716220"}],"curies":[{"name":"wp","href":"https:\/\/api.w.org\/{rel}","templated":true}]}}