{"id":716218,"date":"2025-08-27T17:39:42","date_gmt":"2025-08-27T14:39:42","guid":{"rendered":"https:\/\/roveyayinevi.com.tr\/index.php\/urun\/balerin-ne-yapar\/"},"modified":"2026-04-16T02:24:33","modified_gmt":"2026-04-15T23:24:33","slug":"balerin-ne-yapar","status":"publish","type":"product","link":"https:\/\/roveyayinevi.com.tr\/index.php\/urun\/balerin-ne-yapar\/","title":{"rendered":"Balerin Ne Yapar?"},"content":{"rendered":"<p>Balerin her g\u00fcn egzersiz yap\u0131yor. Bu y\u00fczden uykusunu  iyi almal\u0131 ve sa\u011fl\u0131kl\u0131 beslenmeli. Bir s\u00fcr\u00fc t\u00fct\u00fcs\u00fc, tayt\u0131 ve tozlu\u011fu var. Ve tabii iyi almal\u0131 ve sa\u011fl\u0131kl\u0131 beslenmeli. Bir s\u00fcr\u00fc t\u00fct\u00fcs\u00fc, tayt\u0131 ve tozlu\u011fu var. Ve tabii zaman\u0131 gelip perdeler a\u00e7\u0131ld\u0131 m\u0131 ondan heyecanl\u0131s\u0131 olmaz. Hi\u00e7 durmadan dans eder, hareketleriyle izleyenleri b\u00fcy\u00fcler, sonunda herkes onu alk\u0131\u015flar. Onunki m\u00fczi\u011fi i\u00e7inde hissetmek isteyenler i\u00e7in harika bir meslektir.<\/p>\n","protected":false},"excerpt":{"rendered":"<p>Balerin her g\u00fcn egzersiz yap\u0131yor. Bu y\u00fczden uykusunu iyi almal\u0131 ve sa\u011fl\u0131kl\u0131 beslenmeli. Bir s\u00fcr\u00fc t\u00fct\u00fcs\u00fc, tayt\u0131 ve tozlu\u011fu var. Ve tabii iyi almal\u0131 ve sa\u011fl\u0131kl\u0131<span class=\"excerpt-hellip\"> [\u2026]<\/span><\/p>\n","protected":false},"featured_media":0,"template":"","meta":{"_monsterinsights_skip_tracking":false,"_monsterinsights_sitenote_active":false,"_monsterinsights_sitenote_note":"","_monsterinsights_sitenote_category":0},"product_brand":[],"product_cat":[12274,12284],"product_tag":[],"class_list":{"0":"post-716218","1":"product","2":"type-product","3":"status-publish","5":"product_cat-cocuk-ve-genclik-kitaplari","6":"product_cat-hikayeler","7":"pa_cilt-ciltsiz","8":"pa_tur-kitap","9":"pa_yayinevi-domingo-yayinevi","10":"pa_yazar-liesbet-slegers","12":"first","13":"instock","14":"sale","15":"shipping-taxable","16":"purchasable","17":"product-type-simple"},"_links":{"self":[{"href":"https:\/\/roveyayinevi.com.tr\/index.php\/wp-json\/wp\/v2\/product\/716218","targetHints":{"allow":["GET"]}}],"collection":[{"href":"https:\/\/roveyayinevi.com.tr\/index.php\/wp-json\/wp\/v2\/product"}],"about":[{"href":"https:\/\/roveyayinevi.com.tr\/index.php\/wp-json\/wp\/v2\/types\/product"}],"wp:attachment":[{"href":"https:\/\/roveyayinevi.com.tr\/index.php\/wp-json\/wp\/v2\/media?parent=716218"}],"wp:term":[{"taxonomy":"product_brand","embeddable":true,"href":"https:\/\/roveyayinevi.com.tr\/index.php\/wp-json\/wp\/v2\/product_brand?post=716218"},{"taxonomy":"product_cat","embeddable":true,"href":"https:\/\/roveyayinevi.com.tr\/index.php\/wp-json\/wp\/v2\/product_cat?post=716218"},{"taxonomy":"product_tag","embeddable":true,"href":"https:\/\/roveyayinevi.com.tr\/index.php\/wp-json\/wp\/v2\/product_tag?post=716218"}],"curies":[{"name":"wp","href":"https:\/\/api.w.org\/{rel}","templated":true}]}}