{"id":716216,"date":"2025-08-27T17:39:41","date_gmt":"2025-08-27T14:39:41","guid":{"rendered":"https:\/\/roveyayinevi.com.tr\/index.php\/urun\/osmanli-tibbinda-saglikli-yasam\/"},"modified":"2026-04-16T02:24:33","modified_gmt":"2026-04-15T23:24:33","slug":"osmanli-tibbinda-saglikli-yasam","status":"publish","type":"product","link":"https:\/\/roveyayinevi.com.tr\/index.php\/urun\/osmanli-tibbinda-saglikli-yasam\/","title":{"rendered":"Osmanl\u0131 T\u0131bb\u0131nda Sa\u011fl\u0131kl\u0131 Ya\u015fam"},"content":{"rendered":"<p>Osmanl\u0131 T\u0131bb\u0131nda Sa\u011fl\u0131kl\u0131 Ya\u015famSon y\u00fczy\u0131lda teknolojinin ilerlemesine paralel olarak sa\u011fl\u0131k alan\u0131nda da bir\u00e7ok geli\u015fme ya\u015fand\u0131. Ancak t\u00fcm bunlara ra\u011fmen modern t\u0131p, insan sa\u011fl\u0131\u011f\u0131n\u0131 koruma konusunda yetersiz kald\u0131. Osmanl\u0131&#8217;da doktor kelimesi yerine kullan\u0131lan hekim s\u00f6zc\u00fc\u011f\u00fc sa\u011fl\u0131\u011f\u0131 koruyan anlam\u0131na gelmektedir. Yani hekimler hastalar\u0131 iyile\u015ftirmekten ziyade, insan\u0131 hasta edebilecek unsurlar\u0131 tespit edip \u00f6nlem almaya odaklanm\u0131\u015flard\u0131r. Bu y\u00fczden Osmanl\u0131&#8217;da sa\u011fl\u0131kl\u0131 bir ya\u015fam i\u00e7in evler, k\u0131yafetler, yemekler ve temizlik hekimlerin belirledi\u011fi kurallara g\u00f6re yap\u0131l\u0131rd\u0131. Elinizdeki bu kitap, binlerce y\u0131ll\u0131k sa\u011fl\u0131kl\u0131 ya\u015fam birikiminden beslenen, Osmanl\u0131 t\u0131p kitaplar\u0131nda yer alan, uygulanm\u0131\u015f ve olumlu sonu\u00e7lar al\u0131nm\u0131\u015f bilgileri anla\u015f\u0131l\u0131r bir \u015fekilde sizlere sunmaktad\u0131r.<\/p>\n","protected":false},"excerpt":{"rendered":"<p>Osmanl\u0131 T\u0131bb\u0131nda Sa\u011fl\u0131kl\u0131 Ya\u015famSon y\u00fczy\u0131lda teknolojinin ilerlemesine paralel olarak sa\u011fl\u0131k alan\u0131nda da bir\u00e7ok geli\u015fme ya\u015fand\u0131. Ancak t\u00fcm bunlara ra\u011fmen modern t\u0131p, insan sa\u011fl\u0131\u011f\u0131n\u0131 koruma konusunda yetersiz<span class=\"excerpt-hellip\"> [\u2026]<\/span><\/p>\n","protected":false},"featured_media":0,"template":"","meta":{"_monsterinsights_skip_tracking":false,"_monsterinsights_sitenote_active":false,"_monsterinsights_sitenote_note":"","_monsterinsights_sitenote_category":0},"product_brand":[],"product_cat":[13517,12304],"product_tag":[],"class_list":{"0":"post-716216","1":"product","2":"type-product","3":"status-publish","5":"product_cat-osmanli-tarihi","6":"product_cat-tarih","7":"pa_cilt-ciltsiz","8":"pa_tur-kitap","9":"pa_yayinevi-yediveren-yayinlari","10":"pa_yazar-ayten-altintas","12":"first","13":"instock","14":"sale","15":"shipping-taxable","16":"purchasable","17":"product-type-simple"},"_links":{"self":[{"href":"https:\/\/roveyayinevi.com.tr\/index.php\/wp-json\/wp\/v2\/product\/716216","targetHints":{"allow":["GET"]}}],"collection":[{"href":"https:\/\/roveyayinevi.com.tr\/index.php\/wp-json\/wp\/v2\/product"}],"about":[{"href":"https:\/\/roveyayinevi.com.tr\/index.php\/wp-json\/wp\/v2\/types\/product"}],"wp:attachment":[{"href":"https:\/\/roveyayinevi.com.tr\/index.php\/wp-json\/wp\/v2\/media?parent=716216"}],"wp:term":[{"taxonomy":"product_brand","embeddable":true,"href":"https:\/\/roveyayinevi.com.tr\/index.php\/wp-json\/wp\/v2\/product_brand?post=716216"},{"taxonomy":"product_cat","embeddable":true,"href":"https:\/\/roveyayinevi.com.tr\/index.php\/wp-json\/wp\/v2\/product_cat?post=716216"},{"taxonomy":"product_tag","embeddable":true,"href":"https:\/\/roveyayinevi.com.tr\/index.php\/wp-json\/wp\/v2\/product_tag?post=716216"}],"curies":[{"name":"wp","href":"https:\/\/api.w.org\/{rel}","templated":true}]}}