{"id":716213,"date":"2025-08-27T17:39:38","date_gmt":"2025-08-27T14:39:38","guid":{"rendered":"https:\/\/roveyayinevi.com.tr\/index.php\/urun\/binbir-gece-masallari-3\/"},"modified":"2026-04-16T02:24:33","modified_gmt":"2026-04-15T23:24:33","slug":"binbir-gece-masallari-3","status":"publish","type":"product","link":"https:\/\/roveyayinevi.com.tr\/index.php\/urun\/binbir-gece-masallari-3\/","title":{"rendered":"Binbir Gece Masallar\u0131"},"content":{"rendered":"<p>G\u00fczeller g\u00fczeli \u015eehrazad hem kendini hem de \u00fclkedeki di\u011fer kad\u0131nlar\u0131 \u015eah \u015eehriyar&#8217;\u0131n ac\u0131mas\u0131z uygulamas\u0131ndan kurtarmak i\u00e7in ona binbir gece boyunca i\u00e7 i\u00e7e ge\u00e7en \u00f6yk\u00fcler ve masallar anlat\u0131r.Anlatt\u0131\u011f\u0131 birbirinden g\u00fczel masallar o kadar etkileyicidir ki \u015eah \u015eehriyar \u015eehrazat&#8217;\u0131n hayat\u0131n\u0131 ba\u011f\u0131\u015flar.Y\u00fczy\u0131llard\u0131r anlat\u0131lagelen ,dilden dile dola\u015fan Binbir Gece Masallar\u0131, \u00e7ocuklar\u0131n hayal g\u00fc\u00e7lerini zenginle\u015ftiren \u00f6yk\u00fclerle heyecan dolu,s\u00fcr\u00fckleyici ve b\u00fcy\u00fcleyici bir masal d\u00fcnyas\u0131n\u0131n kap\u0131lar\u0131n\u0131 aral\u0131yor.<\/p>\n","protected":false},"excerpt":{"rendered":"<p>G\u00fczeller g\u00fczeli \u015eehrazad hem kendini hem de \u00fclkedeki di\u011fer kad\u0131nlar\u0131 \u015eah \u015eehriyar&#8217;\u0131n ac\u0131mas\u0131z uygulamas\u0131ndan kurtarmak i\u00e7in ona binbir gece boyunca i\u00e7 i\u00e7e ge\u00e7en \u00f6yk\u00fcler ve masallar<span class=\"excerpt-hellip\"> [\u2026]<\/span><\/p>\n","protected":false},"featured_media":0,"template":"","meta":{"_monsterinsights_skip_tracking":false,"_monsterinsights_sitenote_active":false,"_monsterinsights_sitenote_note":"","_monsterinsights_sitenote_category":0},"product_brand":[],"product_cat":[12274,12523],"product_tag":[],"class_list":{"0":"post-716213","1":"product","2":"type-product","3":"status-publish","5":"product_cat-cocuk-ve-genclik-kitaplari","6":"product_cat-masallar","7":"pa_cilt-ciltsiz","8":"pa_tur-kitap","9":"pa_yayinevi-arkadas-yayinlari","10":"pa_yazar-antoine-galland","12":"first","13":"instock","14":"sale","15":"shipping-taxable","16":"purchasable","17":"product-type-simple"},"_links":{"self":[{"href":"https:\/\/roveyayinevi.com.tr\/index.php\/wp-json\/wp\/v2\/product\/716213","targetHints":{"allow":["GET"]}}],"collection":[{"href":"https:\/\/roveyayinevi.com.tr\/index.php\/wp-json\/wp\/v2\/product"}],"about":[{"href":"https:\/\/roveyayinevi.com.tr\/index.php\/wp-json\/wp\/v2\/types\/product"}],"wp:attachment":[{"href":"https:\/\/roveyayinevi.com.tr\/index.php\/wp-json\/wp\/v2\/media?parent=716213"}],"wp:term":[{"taxonomy":"product_brand","embeddable":true,"href":"https:\/\/roveyayinevi.com.tr\/index.php\/wp-json\/wp\/v2\/product_brand?post=716213"},{"taxonomy":"product_cat","embeddable":true,"href":"https:\/\/roveyayinevi.com.tr\/index.php\/wp-json\/wp\/v2\/product_cat?post=716213"},{"taxonomy":"product_tag","embeddable":true,"href":"https:\/\/roveyayinevi.com.tr\/index.php\/wp-json\/wp\/v2\/product_tag?post=716213"}],"curies":[{"name":"wp","href":"https:\/\/api.w.org\/{rel}","templated":true}]}}