{"id":716207,"date":"2025-08-27T17:39:34","date_gmt":"2025-08-27T14:39:34","guid":{"rendered":"https:\/\/roveyayinevi.com.tr\/index.php\/urun\/dinler-tarihi-101\/"},"modified":"2026-04-16T02:24:33","modified_gmt":"2026-04-15T23:24:33","slug":"dinler-tarihi-101","status":"publish","type":"product","link":"https:\/\/roveyayinevi.com.tr\/index.php\/urun\/dinler-tarihi-101\/","title":{"rendered":"Dinler Tarihi 101"},"content":{"rendered":"<p>D\u00fcnyada bu kadar \u00e7ok uygarl\u0131k ve onlara ait din varken, hepsinin \u00f6nemli isimlerini, kurallar\u0131n\u0131 ve tarihlerini hat\u0131rlamak kolay de\u011fildir. Dinler Tarihi 101 ise kutsal hik\u00e2yelerden se\u00e7meleri, peygamberlerin hayatlar\u0131n\u0131 ve dini fig\u00fcrlerin tarihte nas\u0131l yer edindiklerini s\u0131k\u0131c\u0131 ayr\u0131nt\u0131lara girmeden anlat\u0131yor.Antik uygarl\u0131klar\u0131n mitolojilerini ve g\u00fcn\u00fcm\u00fczde milyonlarca inanana sahip dinlerin tarihsel yolculuklar\u0131n\u0131 capcanl\u0131 bir anlat\u0131mla sunuyor. \u0130sa\u2019dan D\u00f6rt Y\u00fcce Ger\u00e7ek\u2019e, Rigveda\u2019dan Kuran\u2019a, semavi dinlerden mistik dinlere; peygamberler, kutsal kitaplar ve \u00f6nemli dini liderler hakk\u0131nda merak etti\u011finiz her \u015fey Dinler Tarihi 101\u2019de! <\/p>\n","protected":false},"excerpt":{"rendered":"<p>D\u00fcnyada bu kadar \u00e7ok uygarl\u0131k ve onlara ait din varken, hepsinin \u00f6nemli isimlerini, kurallar\u0131n\u0131 ve tarihlerini hat\u0131rlamak kolay de\u011fildir. Dinler Tarihi 101 ise kutsal hik\u00e2yelerden se\u00e7meleri,<span class=\"excerpt-hellip\"> [\u2026]<\/span><\/p>\n","protected":false},"featured_media":0,"template":"","meta":{"_monsterinsights_skip_tracking":false,"_monsterinsights_sitenote_active":false,"_monsterinsights_sitenote_note":"","_monsterinsights_sitenote_category":0},"product_brand":[],"product_cat":[12312,12304],"product_tag":[],"class_list":{"0":"post-716207","1":"product","2":"type-product","3":"status-publish","5":"product_cat-diger","6":"product_cat-tarih","7":"pa_cilt-ciltsiz","8":"pa_tur-kitap","9":"pa_yayinevi-say-yayinlari","10":"pa_yazar-peter-archer","12":"first","13":"instock","14":"sale","15":"shipping-taxable","16":"purchasable","17":"product-type-simple"},"_links":{"self":[{"href":"https:\/\/roveyayinevi.com.tr\/index.php\/wp-json\/wp\/v2\/product\/716207","targetHints":{"allow":["GET"]}}],"collection":[{"href":"https:\/\/roveyayinevi.com.tr\/index.php\/wp-json\/wp\/v2\/product"}],"about":[{"href":"https:\/\/roveyayinevi.com.tr\/index.php\/wp-json\/wp\/v2\/types\/product"}],"wp:attachment":[{"href":"https:\/\/roveyayinevi.com.tr\/index.php\/wp-json\/wp\/v2\/media?parent=716207"}],"wp:term":[{"taxonomy":"product_brand","embeddable":true,"href":"https:\/\/roveyayinevi.com.tr\/index.php\/wp-json\/wp\/v2\/product_brand?post=716207"},{"taxonomy":"product_cat","embeddable":true,"href":"https:\/\/roveyayinevi.com.tr\/index.php\/wp-json\/wp\/v2\/product_cat?post=716207"},{"taxonomy":"product_tag","embeddable":true,"href":"https:\/\/roveyayinevi.com.tr\/index.php\/wp-json\/wp\/v2\/product_tag?post=716207"}],"curies":[{"name":"wp","href":"https:\/\/api.w.org\/{rel}","templated":true}]}}