{"id":716206,"date":"2025-08-27T17:39:33","date_gmt":"2025-08-27T14:39:33","guid":{"rendered":"https:\/\/roveyayinevi.com.tr\/index.php\/urun\/kan-kardesi-viking\/"},"modified":"2026-04-16T02:24:33","modified_gmt":"2026-04-15T23:24:33","slug":"kan-kardesi-viking","status":"publish","type":"product","link":"https:\/\/roveyayinevi.com.tr\/index.php\/urun\/kan-kardesi-viking\/","title":{"rendered":"Kan Karde\u015fi &#8211; Viking"},"content":{"rendered":"<p>\u201cSava\u015f, av ve a\u015fk zevkle dolu oldu\u011fu kadar tehlikeyle de doludur.\u201dViking serisinin nefes kesen bu ikinci kitab\u0131nda, Thorgils\u2019in maceras\u0131 1019 y\u0131l\u0131nda Londra\u2019da devam ediyor. Viking d\u00fcnyas\u0131n\u0131n en \u00f6nemli adamlar\u0131ndan, \u0130ngiltere\u2019nin y\u00f6neticisi h\u00fck\u00fcmdar Knut\u2019un kar\u0131s\u0131 Aelfgifu ile ya\u015fad\u0131\u011f\u0131 a\u015fkla Thorgils, Kan Karde\u015fi\u2019nde zorlu hayat\u0131na a\u015fk\u0131n k\u0131\u015fk\u0131rt\u0131c\u0131 sular\u0131n\u0131 da ekliyor. Beklenmeyen sonu\u00e7lar do\u011furan bu tutkulu a\u015fk\u0131n yan\u0131 s\u0131ra, Thorgils \u00fclkede az\u0131l\u0131 bir haydut olarak aranan Grettir ile dostlu\u011fun tehlikeli s\u0131n\u0131rlar\u0131nda bir ka\u00e7g\u00f6\u00e7 ya\u015famaya ba\u015fl\u0131yor. Fakat Bizans\u2019a kadar uzanan hik\u00e2yede Thorgils\u2019in sadakati zorlu bir teste tabi tutulacakt\u0131r. Maceran\u0131n bir sonraki dura\u011f\u0131 olan Konstantinapolis\u2019e varmadan \u00f6nce Thorgils\u2019in gen\u00e7li\u011finin en deli zamanlar\u0131nda tan\u0131k oldu\u011fu zorluklar sizi soluksuz b\u0131rakacak.<\/p>\n","protected":false},"excerpt":{"rendered":"<p>\u201cSava\u015f, av ve a\u015fk zevkle dolu oldu\u011fu kadar tehlikeyle de doludur.\u201dViking serisinin nefes kesen bu ikinci kitab\u0131nda, Thorgils\u2019in maceras\u0131 1019 y\u0131l\u0131nda Londra\u2019da devam ediyor. Viking d\u00fcnyas\u0131n\u0131n<span class=\"excerpt-hellip\"> [\u2026]<\/span><\/p>\n","protected":false},"featured_media":0,"template":"","meta":{"_monsterinsights_skip_tracking":false,"_monsterinsights_sitenote_active":false,"_monsterinsights_sitenote_note":"","_monsterinsights_sitenote_category":0},"product_brand":[],"product_cat":[12291,12711],"product_tag":[],"class_list":{"0":"post-716206","1":"product","2":"type-product","3":"status-publish","5":"product_cat-edebiyat","6":"product_cat-roman-oyku","7":"pa_cilt-ciltsiz","8":"pa_tur-kitap","9":"pa_yayinevi-ren-kitap","10":"pa_yazar-tim-severin","12":"first","13":"instock","14":"sale","15":"shipping-taxable","16":"purchasable","17":"product-type-simple"},"_links":{"self":[{"href":"https:\/\/roveyayinevi.com.tr\/index.php\/wp-json\/wp\/v2\/product\/716206","targetHints":{"allow":["GET"]}}],"collection":[{"href":"https:\/\/roveyayinevi.com.tr\/index.php\/wp-json\/wp\/v2\/product"}],"about":[{"href":"https:\/\/roveyayinevi.com.tr\/index.php\/wp-json\/wp\/v2\/types\/product"}],"wp:attachment":[{"href":"https:\/\/roveyayinevi.com.tr\/index.php\/wp-json\/wp\/v2\/media?parent=716206"}],"wp:term":[{"taxonomy":"product_brand","embeddable":true,"href":"https:\/\/roveyayinevi.com.tr\/index.php\/wp-json\/wp\/v2\/product_brand?post=716206"},{"taxonomy":"product_cat","embeddable":true,"href":"https:\/\/roveyayinevi.com.tr\/index.php\/wp-json\/wp\/v2\/product_cat?post=716206"},{"taxonomy":"product_tag","embeddable":true,"href":"https:\/\/roveyayinevi.com.tr\/index.php\/wp-json\/wp\/v2\/product_tag?post=716206"}],"curies":[{"name":"wp","href":"https:\/\/api.w.org\/{rel}","templated":true}]}}