{"id":716205,"date":"2025-08-27T17:39:33","date_gmt":"2025-08-27T14:39:33","guid":{"rendered":"https:\/\/roveyayinevi.com.tr\/index.php\/urun\/dunyayi-kurtaran-cocuk\/"},"modified":"2026-03-28T02:28:09","modified_gmt":"2026-03-27T23:28:09","slug":"dunyayi-kurtaran-cocuk","status":"publish","type":"product","link":"https:\/\/roveyayinevi.com.tr\/index.php\/urun\/dunyayi-kurtaran-cocuk\/","title":{"rendered":"D\u00fcnyay\u0131 Kurtaran \u00c7ocuk"},"content":{"rendered":"<p>Bir \u00c7ocuk D\u00fcnya\u2019y\u0131 kurtarabilir mi?Tan\u0131\u015ft\u0131\u011f\u0131 masal c\u00fcceleri sayesinde maceralara s\u00fcr\u00fcklenirse neden olmas\u0131n?\u00d6zg\u00fcr, se\u00e7ilmi\u015flerden biridir. Onu bekleyen g\u00f6revle hem uzayda yolculuk edecek hem b\u00fct\u00fcn d\u00fcnya tarihini \u00f6\u011frenecek hem de gezegenini kurtaracak.Uzay gemileri, yanarda\u011flar, dinozorlar&#8230;S\u00fcrprizlerle dolu bu maceray\u0131 ka\u00e7\u0131rmay\u0131n!<\/p>\n","protected":false},"excerpt":{"rendered":"<p>Bir \u00c7ocuk D\u00fcnya\u2019y\u0131 kurtarabilir mi?Tan\u0131\u015ft\u0131\u011f\u0131 masal c\u00fcceleri sayesinde maceralara s\u00fcr\u00fcklenirse neden olmas\u0131n?\u00d6zg\u00fcr, se\u00e7ilmi\u015flerden biridir. Onu bekleyen g\u00f6revle hem uzayda yolculuk edecek hem b\u00fct\u00fcn d\u00fcnya tarihini \u00f6\u011frenecek<span class=\"excerpt-hellip\"> [\u2026]<\/span><\/p>\n","protected":false},"featured_media":0,"template":"","meta":{"_monsterinsights_skip_tracking":false,"_monsterinsights_sitenote_active":false,"_monsterinsights_sitenote_note":"","_monsterinsights_sitenote_category":0},"product_brand":[],"product_cat":[12274],"product_tag":[],"class_list":{"0":"post-716205","1":"product","2":"type-product","3":"status-publish","5":"product_cat-cocuk-ve-genclik-kitaplari","6":"pa_cilt-ciltsiz","7":"pa_tur-kitap","8":"pa_yayinevi-fom-kitap","9":"pa_yazar-bilgin-adali","11":"first","12":"instock","13":"sale","14":"shipping-taxable","15":"purchasable","16":"product-type-simple"},"_links":{"self":[{"href":"https:\/\/roveyayinevi.com.tr\/index.php\/wp-json\/wp\/v2\/product\/716205","targetHints":{"allow":["GET"]}}],"collection":[{"href":"https:\/\/roveyayinevi.com.tr\/index.php\/wp-json\/wp\/v2\/product"}],"about":[{"href":"https:\/\/roveyayinevi.com.tr\/index.php\/wp-json\/wp\/v2\/types\/product"}],"wp:attachment":[{"href":"https:\/\/roveyayinevi.com.tr\/index.php\/wp-json\/wp\/v2\/media?parent=716205"}],"wp:term":[{"taxonomy":"product_brand","embeddable":true,"href":"https:\/\/roveyayinevi.com.tr\/index.php\/wp-json\/wp\/v2\/product_brand?post=716205"},{"taxonomy":"product_cat","embeddable":true,"href":"https:\/\/roveyayinevi.com.tr\/index.php\/wp-json\/wp\/v2\/product_cat?post=716205"},{"taxonomy":"product_tag","embeddable":true,"href":"https:\/\/roveyayinevi.com.tr\/index.php\/wp-json\/wp\/v2\/product_tag?post=716205"}],"curies":[{"name":"wp","href":"https:\/\/api.w.org\/{rel}","templated":true}]}}