{"id":716204,"date":"2025-08-27T17:39:32","date_gmt":"2025-08-27T14:39:32","guid":{"rendered":"https:\/\/roveyayinevi.com.tr\/index.php\/urun\/cok-uslu-yaramazlar-ikiz-arkadaslar-1\/"},"modified":"2026-04-16T02:24:33","modified_gmt":"2026-04-15T23:24:33","slug":"cok-uslu-yaramazlar-ikiz-arkadaslar-1","status":"publish","type":"product","link":"https:\/\/roveyayinevi.com.tr\/index.php\/urun\/cok-uslu-yaramazlar-ikiz-arkadaslar-1\/","title":{"rendered":"\u00c7ok Uslu Yaramazlar &#8211; \u0130kiz Arkada\u015flar 1"},"content":{"rendered":"<p>Sevimli mi sevimli, uslu uslu (!) iki kafadar, kar\u015f\u0131n\u0131zda R\u00fczg\u00e2r ve Acar!R\u00fczgar ve Acar yedikleri i\u00e7tikleri ayr\u0131 gitmeyen, birbirini \u00e7ok seven iki arkada\u015f. \u00d6yle iyi anla\u015f\u0131yorlar ki sanki ak\u0131llar\u0131ndan hep ayn\u0131 \u015feyler ge\u00e7iyor. R\u00fczg\u00e2r\u2019\u0131n ba\u015flad\u0131\u011f\u0131 c\u00fcmleyi Acar, Acar\u2019\u0131n ba\u015flad\u0131\u011f\u0131 c\u00fcmleyi R\u00fczg\u00e2r tamaml\u0131yor. En \u00e7ok anla\u015ft\u0131klar\u0131 konu ise tabii ki yaramazl\u0131k! Bu y\u00fczden \u00f6\u011fretmenleri onlar\u0131n yaramazl\u0131kta ikiz olduklar\u0131n\u0131 d\u00fc\u015f\u00fcn\u00fcyor.R\u00fczgar ve Acar ilk maceralar\u0131nda evlerini de\u011fi\u015ftirmeye karar veriyorlar. Nas\u0131l olsa ikiz arkada\u015flar onlar! Anne babalar\u0131 aradaki fark\u0131 anlayamayacak bile! Yoksa anlayacak m\u0131? Sizce ne olacak?\u00c7ocuklar taraf\u0131ndan \u00e7ok sevilen yazar Ayt\u00fcl Akal birbirinden e\u011flenceli ve komik, s\u0131cac\u0131k dostluk \u00f6yk\u00fcleriyle, yepyeni maceralarda okurlar\u0131yla bulu\u015fuyor!<\/p>\n","protected":false},"excerpt":{"rendered":"<p>Sevimli mi sevimli, uslu uslu (!) iki kafadar, kar\u015f\u0131n\u0131zda R\u00fczg\u00e2r ve Acar!R\u00fczgar ve Acar yedikleri i\u00e7tikleri ayr\u0131 gitmeyen, birbirini \u00e7ok seven iki arkada\u015f. \u00d6yle iyi anla\u015f\u0131yorlar<span class=\"excerpt-hellip\"> [\u2026]<\/span><\/p>\n","protected":false},"featured_media":0,"template":"","meta":{"_monsterinsights_skip_tracking":false,"_monsterinsights_sitenote_active":false,"_monsterinsights_sitenote_note":"","_monsterinsights_sitenote_category":0},"product_brand":[],"product_cat":[12274,12284],"product_tag":[],"class_list":{"0":"post-716204","1":"product","2":"type-product","3":"status-publish","5":"product_cat-cocuk-ve-genclik-kitaplari","6":"product_cat-hikayeler","7":"pa_cilt-ciltsiz","8":"pa_tur-kitap","9":"pa_yayinevi-fom-kitap","10":"pa_yazar-aytul-akal","12":"first","13":"instock","14":"sale","15":"shipping-taxable","16":"purchasable","17":"product-type-simple"},"_links":{"self":[{"href":"https:\/\/roveyayinevi.com.tr\/index.php\/wp-json\/wp\/v2\/product\/716204","targetHints":{"allow":["GET"]}}],"collection":[{"href":"https:\/\/roveyayinevi.com.tr\/index.php\/wp-json\/wp\/v2\/product"}],"about":[{"href":"https:\/\/roveyayinevi.com.tr\/index.php\/wp-json\/wp\/v2\/types\/product"}],"wp:attachment":[{"href":"https:\/\/roveyayinevi.com.tr\/index.php\/wp-json\/wp\/v2\/media?parent=716204"}],"wp:term":[{"taxonomy":"product_brand","embeddable":true,"href":"https:\/\/roveyayinevi.com.tr\/index.php\/wp-json\/wp\/v2\/product_brand?post=716204"},{"taxonomy":"product_cat","embeddable":true,"href":"https:\/\/roveyayinevi.com.tr\/index.php\/wp-json\/wp\/v2\/product_cat?post=716204"},{"taxonomy":"product_tag","embeddable":true,"href":"https:\/\/roveyayinevi.com.tr\/index.php\/wp-json\/wp\/v2\/product_tag?post=716204"}],"curies":[{"name":"wp","href":"https:\/\/api.w.org\/{rel}","templated":true}]}}