{"id":716202,"date":"2025-08-27T17:39:31","date_gmt":"2025-08-27T14:39:31","guid":{"rendered":"https:\/\/roveyayinevi.com.tr\/index.php\/urun\/doga-ile-dogada-gezinti\/"},"modified":"2026-04-16T02:24:33","modified_gmt":"2026-04-15T23:24:33","slug":"doga-ile-dogada-gezinti","status":"publish","type":"product","link":"https:\/\/roveyayinevi.com.tr\/index.php\/urun\/doga-ile-dogada-gezinti\/","title":{"rendered":"Do\u011fa ile Do\u011fada Gezinti"},"content":{"rendered":"<p>8 farkl\u0131 yetene\u011fi temsil eden bu 8 kahraman\u0131n her maceras\u0131nda, ayr\u0131 bir karakter e\u011fitimi konusu yer al\u0131yor. Senin i\u00e7inde de mutlaka bu s\u00fcper sekizlerden biri ya da birka\u00e7\u0131 mevcut. Acaba sen hangi kahramans\u0131n? Haydi d\u00fc\u015f\u00fcn!Bu Kitapta \u00c7ok \u015eey Var! Do\u011fa SevgisiDo\u011fada Y\u00f6n BulmaYeni deyimlerYard\u0131mla\u015fma , Dayan\u0131\u015fmaArkada\u015fl\u0131k Sevgisi<\/p>\n","protected":false},"excerpt":{"rendered":"<p>8 farkl\u0131 yetene\u011fi temsil eden bu 8 kahraman\u0131n her maceras\u0131nda, ayr\u0131 bir karakter e\u011fitimi konusu yer al\u0131yor. Senin i\u00e7inde de mutlaka bu s\u00fcper sekizlerden biri ya<span class=\"excerpt-hellip\"> [\u2026]<\/span><\/p>\n","protected":false},"featured_media":0,"template":"","meta":{"_monsterinsights_skip_tracking":false,"_monsterinsights_sitenote_active":false,"_monsterinsights_sitenote_note":"","_monsterinsights_sitenote_category":0},"product_brand":[],"product_cat":[12274,12284],"product_tag":[],"class_list":{"0":"post-716202","1":"product","2":"type-product","3":"status-publish","5":"product_cat-cocuk-ve-genclik-kitaplari","6":"product_cat-hikayeler","7":"pa_cilt-ciltsiz","8":"pa_tur-kitap","9":"pa_yayinevi-marti-cocuk-yayinlari","10":"pa_yazar-aysen-oy","12":"first","13":"instock","14":"sale","15":"shipping-taxable","16":"purchasable","17":"product-type-simple"},"_links":{"self":[{"href":"https:\/\/roveyayinevi.com.tr\/index.php\/wp-json\/wp\/v2\/product\/716202","targetHints":{"allow":["GET"]}}],"collection":[{"href":"https:\/\/roveyayinevi.com.tr\/index.php\/wp-json\/wp\/v2\/product"}],"about":[{"href":"https:\/\/roveyayinevi.com.tr\/index.php\/wp-json\/wp\/v2\/types\/product"}],"wp:attachment":[{"href":"https:\/\/roveyayinevi.com.tr\/index.php\/wp-json\/wp\/v2\/media?parent=716202"}],"wp:term":[{"taxonomy":"product_brand","embeddable":true,"href":"https:\/\/roveyayinevi.com.tr\/index.php\/wp-json\/wp\/v2\/product_brand?post=716202"},{"taxonomy":"product_cat","embeddable":true,"href":"https:\/\/roveyayinevi.com.tr\/index.php\/wp-json\/wp\/v2\/product_cat?post=716202"},{"taxonomy":"product_tag","embeddable":true,"href":"https:\/\/roveyayinevi.com.tr\/index.php\/wp-json\/wp\/v2\/product_tag?post=716202"}],"curies":[{"name":"wp","href":"https:\/\/api.w.org\/{rel}","templated":true}]}}