{"id":716199,"date":"2025-08-27T17:39:28","date_gmt":"2025-08-27T14:39:28","guid":{"rendered":"https:\/\/roveyayinevi.com.tr\/index.php\/urun\/evdeki-isiklarin-sirri\/"},"modified":"2026-04-16T02:24:33","modified_gmt":"2026-04-15T23:24:33","slug":"evdeki-isiklarin-sirri","status":"publish","type":"product","link":"https:\/\/roveyayinevi.com.tr\/index.php\/urun\/evdeki-isiklarin-sirri\/","title":{"rendered":"Evdeki I\u015f\u0131klar\u0131n S\u0131rr\u0131"},"content":{"rendered":"<p>\u00c7ocuklar\u0131n hayal d\u00fcnyalar\u0131 \u00e7ok geni\u015ftir ve hayal d\u00fcnyalar\u0131nda say\u0131s\u0131z karakterlerle tan\u0131\u015fabilirler. Bazen g\u00fczel bazen k\u00f6t\u00fc bazen de korkutucu fikirlere kap\u0131l\u0131rlar.Ece geceleyin evinde yapt\u0131\u011f\u0131 k\u00fc\u00e7\u00fck gezintide, hayalindeki canavarlar\u0131 kovalayarak evdeki \u0131\u015f\u0131klar\u0131n s\u0131rr\u0131n\u0131 ke\u015ffediyor.Siz de Ece\u2019nin hikayesini okurken hem e\u011flenceli hem de e\u011fitici zamanlar ge\u00e7ireceksiniz. K\u00fc\u00e7\u00fck \u0131\u015f\u0131klardan korkan t\u00fcm \u00e7ocuklara, b\u00fcy\u00fck \u0131\u015f\u0131klarla kar\u015f\u0131la\u015fmalar\u0131 dile\u011fiyle..<\/p>\n","protected":false},"excerpt":{"rendered":"<p>\u00c7ocuklar\u0131n hayal d\u00fcnyalar\u0131 \u00e7ok geni\u015ftir ve hayal d\u00fcnyalar\u0131nda say\u0131s\u0131z karakterlerle tan\u0131\u015fabilirler. Bazen g\u00fczel bazen k\u00f6t\u00fc bazen de korkutucu fikirlere kap\u0131l\u0131rlar.Ece geceleyin evinde yapt\u0131\u011f\u0131 k\u00fc\u00e7\u00fck gezintide, hayalindeki<span class=\"excerpt-hellip\"> [\u2026]<\/span><\/p>\n","protected":false},"featured_media":0,"template":"","meta":{"_monsterinsights_skip_tracking":false,"_monsterinsights_sitenote_active":false,"_monsterinsights_sitenote_note":"","_monsterinsights_sitenote_category":0},"product_brand":[],"product_cat":[12274,12284],"product_tag":[],"class_list":{"0":"post-716199","1":"product","2":"type-product","3":"status-publish","5":"product_cat-cocuk-ve-genclik-kitaplari","6":"product_cat-hikayeler","7":"pa_cilt-ciltsiz","8":"pa_tur-kitap","9":"pa_yayinevi-kitap-saati-yayinevi","10":"pa_yazar-cristina-petit","12":"first","13":"instock","14":"sale","15":"shipping-taxable","16":"purchasable","17":"product-type-simple"},"_links":{"self":[{"href":"https:\/\/roveyayinevi.com.tr\/index.php\/wp-json\/wp\/v2\/product\/716199","targetHints":{"allow":["GET"]}}],"collection":[{"href":"https:\/\/roveyayinevi.com.tr\/index.php\/wp-json\/wp\/v2\/product"}],"about":[{"href":"https:\/\/roveyayinevi.com.tr\/index.php\/wp-json\/wp\/v2\/types\/product"}],"wp:attachment":[{"href":"https:\/\/roveyayinevi.com.tr\/index.php\/wp-json\/wp\/v2\/media?parent=716199"}],"wp:term":[{"taxonomy":"product_brand","embeddable":true,"href":"https:\/\/roveyayinevi.com.tr\/index.php\/wp-json\/wp\/v2\/product_brand?post=716199"},{"taxonomy":"product_cat","embeddable":true,"href":"https:\/\/roveyayinevi.com.tr\/index.php\/wp-json\/wp\/v2\/product_cat?post=716199"},{"taxonomy":"product_tag","embeddable":true,"href":"https:\/\/roveyayinevi.com.tr\/index.php\/wp-json\/wp\/v2\/product_tag?post=716199"}],"curies":[{"name":"wp","href":"https:\/\/api.w.org\/{rel}","templated":true}]}}