{"id":716195,"date":"2025-08-27T17:39:26","date_gmt":"2025-08-27T14:39:26","guid":{"rendered":"https:\/\/roveyayinevi.com.tr\/index.php\/urun\/kuresellesme-oyunlari-ve-kriz\/"},"modified":"2026-04-16T02:24:33","modified_gmt":"2026-04-15T23:24:33","slug":"kuresellesme-oyunlari-ve-kriz","status":"publish","type":"product","link":"https:\/\/roveyayinevi.com.tr\/index.php\/urun\/kuresellesme-oyunlari-ve-kriz\/","title":{"rendered":"K\u00fcreselle\u015fme Oyunlar\u0131 ve Kriz"},"content":{"rendered":"<p>\u015eu me\u015fhur k\u00fcresel krizin \u00fczerinden on y\u0131l ge\u00e7tikten sonra yay\u0131mlanan bu kitap ile ilgili \u201cYine mi kriz? S\u00f6ylenecek her \u015fey s\u00f6ylendi, yaz\u0131lacak her \u015fey yaz\u0131ld\u0131 zaten.\u201d diye d\u00fc\u015f\u00fcnebilirsiniz. Ancak, \u00e7ok yan\u0131l\u0131yorsunuz! D\u00fcnya tarihine damgas\u0131n\u0131 vuran olaylar\u0131n ger\u00e7ekle\u015fmesine neden olan hareketler zincirinin, olay taze iken \u00e7ok a\u00e7\u0131k g\u00f6r\u00fclemeyece\u011fi, bu nedenle de olaylar\u0131n \u00e7ok do\u011fru analiz edilemeyece\u011fi, tarih\u00e7ilerin ifade etti\u011fi bir ger\u00e7ektir. \u0130\u015fte tam da bu nedenle, tarihsel olay\u0131n \u00fcst\u00fcnden yakla\u015f\u0131k on y\u0131l ge\u00e7tikten sonra yay\u0131mlanan bu kitab\u0131 okumakta yarar var. Naci Canpolat bu kitab\u0131nda, insanlar\u0131n h\u0131rslar\u0131n\u0131n, bir ba\u015fka deyi\u015fle irrasyonel davran\u0131\u015flar\u0131n\u0131n sonucu olan k\u00fcresel krize giden s\u00fcreci, oyun teorisi bak\u0131\u015f a\u00e7\u0131s\u0131yla ele alarak k\u00fcreselle\u015fmenin tarihsel geli\u015fimi i\u00e7inde inceliyor ve k\u00fcresel finansal sistemin sorunlar\u0131na \u0131\u015f\u0131k tutuyor.<\/p>\n","protected":false},"excerpt":{"rendered":"<p>\u015eu me\u015fhur k\u00fcresel krizin \u00fczerinden on y\u0131l ge\u00e7tikten sonra yay\u0131mlanan bu kitap ile ilgili \u201cYine mi kriz? S\u00f6ylenecek her \u015fey s\u00f6ylendi, yaz\u0131lacak her \u015fey yaz\u0131ld\u0131 zaten.\u201d<span class=\"excerpt-hellip\"> [\u2026]<\/span><\/p>\n","protected":false},"featured_media":0,"template":"","meta":{"_monsterinsights_skip_tracking":false,"_monsterinsights_sitenote_active":false,"_monsterinsights_sitenote_note":"","_monsterinsights_sitenote_category":0},"product_brand":[],"product_cat":[14841,13043],"product_tag":[],"class_list":{"0":"post-716195","1":"product","2":"type-product","3":"status-publish","5":"product_cat-arastirma-inceleme-kuram","6":"product_cat-ekonomi","7":"pa_cilt-ciltsiz","8":"pa_tur-kitap","9":"pa_yayinevi-efil-yayinevi","10":"pa_yazar-naci-canpolat","12":"first","13":"instock","14":"sale","15":"shipping-taxable","16":"purchasable","17":"product-type-simple"},"_links":{"self":[{"href":"https:\/\/roveyayinevi.com.tr\/index.php\/wp-json\/wp\/v2\/product\/716195","targetHints":{"allow":["GET"]}}],"collection":[{"href":"https:\/\/roveyayinevi.com.tr\/index.php\/wp-json\/wp\/v2\/product"}],"about":[{"href":"https:\/\/roveyayinevi.com.tr\/index.php\/wp-json\/wp\/v2\/types\/product"}],"wp:attachment":[{"href":"https:\/\/roveyayinevi.com.tr\/index.php\/wp-json\/wp\/v2\/media?parent=716195"}],"wp:term":[{"taxonomy":"product_brand","embeddable":true,"href":"https:\/\/roveyayinevi.com.tr\/index.php\/wp-json\/wp\/v2\/product_brand?post=716195"},{"taxonomy":"product_cat","embeddable":true,"href":"https:\/\/roveyayinevi.com.tr\/index.php\/wp-json\/wp\/v2\/product_cat?post=716195"},{"taxonomy":"product_tag","embeddable":true,"href":"https:\/\/roveyayinevi.com.tr\/index.php\/wp-json\/wp\/v2\/product_tag?post=716195"}],"curies":[{"name":"wp","href":"https:\/\/api.w.org\/{rel}","templated":true}]}}