{"id":716193,"date":"2025-08-27T17:39:25","date_gmt":"2025-08-27T14:39:25","guid":{"rendered":"https:\/\/roveyayinevi.com.tr\/index.php\/urun\/cinsel-sozlesme\/"},"modified":"2026-04-16T02:24:33","modified_gmt":"2026-04-15T23:24:33","slug":"cinsel-sozlesme","status":"publish","type":"product","link":"https:\/\/roveyayinevi.com.tr\/index.php\/urun\/cinsel-sozlesme\/","title":{"rendered":"Cinsel S\u00f6zle\u015fme"},"content":{"rendered":"<p>B\u00fct\u00fcn insanlar do\u011fu\u015ftan \u00f6zg\u00fcrse neden b\u00fct\u00fcn kad\u0131nlar do\u011fu\u015ftan k\u00f6ledir? Bu sorunun soruldu\u011fu g\u00fcnden beri feministler erkeklerin kad\u0131nlar \u00fcst\u00fcndeki ataerki hakk\u0131na kar\u015f\u0131 m\u00fccadele veriyor. Cinsel S\u00f6zle\u015fme, erkeklerin \u00f6zg\u00fcrl\u00fc\u011f\u00fc ile kad\u0131nlar\u0131n tabiyetinin ilk s\u00f6zle\u015fmeyle nas\u0131l kuruldu\u011funu ortaya koyarak bu \u00e7abaya b\u00fcy\u00fck bir katk\u0131da bulunuyor.Carol Pateman bug\u00fcn bir klasik kabul edilen \u00e7al\u0131\u015fmas\u0131nda, bir \u00f6zg\u00fcrl\u00fck hik\u00e2yesi olarak sunulan toplumsal s\u00f6zle\u015fme teorisini tart\u0131\u015fmaya a\u00e7\u0131yor. \u0130lk s\u00f6zle\u015fme hik\u00e2yesinin yar\u0131s\u0131n\u0131n eksik oldu\u011funu s\u00f6yleyen Pateman, ilk s\u00f6zle\u015fme yap\u0131l\u0131rken, erkeklerin kad\u0131nlara egemen olmas\u0131n\u0131n ve erkeklerin kad\u0131nlar \u00fczerinde e\u015fit cinsel eri\u015fime sahip olmas\u0131n\u0131n \u00f6ng\u00f6r\u00fcld\u00fc\u011f\u00fcn\u00fc kaydediyor.Toplumsal s\u00f6zle\u015fme bir \u00f6zg\u00fcrl\u00fck hik\u00e2yesi iken, cinsellik s\u00f6zle\u015fmesinin bir tabiyet hik\u00e2yesi oldu\u011funu vurgulayan Pateman, s\u00f6zle\u015fme teorisinde evrensel \u00f6zg\u00fcrl\u00fc\u011f\u00fcn daima bir hipotez, bir hik\u00e2ye, siyasi bir kurgu oldu\u011funu hat\u0131rlat\u0131yor. Evlilik, k\u00f6lelik, i\u015f, fahi\u015felik, ta\u015f\u0131y\u0131c\u0131 annelik gibi \u00e7e\u015fitli alanlardaki s\u00f6zle\u015fme t\u00fcrlerini ele\u015ftirel bir yakla\u015f\u0131mla inceleyen Cinsel S\u00f6zle\u015fme, e\u015fitlik ilkesine dayal\u0131 bir s\u00f6zle\u015fme aray\u0131\u015f\u0131ndaki feminist yakla\u015f\u0131ma da, toplumsal s\u00f6zle\u015fmeyi sivil \u00f6zg\u00fcrl\u00fc\u011f\u00fcn ba\u015flang\u0131c\u0131 olarak sunan anaak\u0131m siyaset bilimine ve her iki kanattan ideolojilere de k\u00f6r noktalar\u0131n\u0131 g\u00f6steren \u00e7\u0131\u011f\u0131r a\u00e7m\u0131\u015f bir metin.Cinsel S\u00f6zle\u015fme, siyaset bilimi ve felsefesi, kad\u0131n \u00e7al\u0131\u015fmalar\u0131, sosyoloji ve hukuk alanlar\u0131ndan akademisyenlerin ve \u00f6\u011frencilerin temel ba\u015fvuru kaynaklar\u0131ndan biri.<\/p>\n","protected":false},"excerpt":{"rendered":"<p>B\u00fct\u00fcn insanlar do\u011fu\u015ftan \u00f6zg\u00fcrse neden b\u00fct\u00fcn kad\u0131nlar do\u011fu\u015ftan k\u00f6ledir? Bu sorunun soruldu\u011fu g\u00fcnden beri feministler erkeklerin kad\u0131nlar \u00fcst\u00fcndeki ataerki hakk\u0131na kar\u015f\u0131 m\u00fccadele veriyor. Cinsel S\u00f6zle\u015fme, erkeklerin<span class=\"excerpt-hellip\"> [\u2026]<\/span><\/p>\n","protected":false},"featured_media":0,"template":"","meta":{"_monsterinsights_skip_tracking":false,"_monsterinsights_sitenote_active":false,"_monsterinsights_sitenote_note":"","_monsterinsights_sitenote_category":0},"product_brand":[],"product_cat":[12337,14528],"product_tag":[],"class_list":{"0":"post-716193","1":"product","2":"type-product","3":"status-publish","5":"product_cat-politika-siyaset","6":"product_cat-siyaset-tarihi","7":"pa_cilt-ciltsiz","8":"pa_tur-kitap","9":"pa_yayinevi-bogazici-universitesi-yayinevi","10":"pa_yazar-carole-pateman","12":"first","13":"instock","14":"sale","15":"shipping-taxable","16":"purchasable","17":"product-type-simple"},"_links":{"self":[{"href":"https:\/\/roveyayinevi.com.tr\/index.php\/wp-json\/wp\/v2\/product\/716193","targetHints":{"allow":["GET"]}}],"collection":[{"href":"https:\/\/roveyayinevi.com.tr\/index.php\/wp-json\/wp\/v2\/product"}],"about":[{"href":"https:\/\/roveyayinevi.com.tr\/index.php\/wp-json\/wp\/v2\/types\/product"}],"wp:attachment":[{"href":"https:\/\/roveyayinevi.com.tr\/index.php\/wp-json\/wp\/v2\/media?parent=716193"}],"wp:term":[{"taxonomy":"product_brand","embeddable":true,"href":"https:\/\/roveyayinevi.com.tr\/index.php\/wp-json\/wp\/v2\/product_brand?post=716193"},{"taxonomy":"product_cat","embeddable":true,"href":"https:\/\/roveyayinevi.com.tr\/index.php\/wp-json\/wp\/v2\/product_cat?post=716193"},{"taxonomy":"product_tag","embeddable":true,"href":"https:\/\/roveyayinevi.com.tr\/index.php\/wp-json\/wp\/v2\/product_tag?post=716193"}],"curies":[{"name":"wp","href":"https:\/\/api.w.org\/{rel}","templated":true}]}}