{"id":716191,"date":"2025-08-27T17:39:23","date_gmt":"2025-08-27T14:39:23","guid":{"rendered":"https:\/\/roveyayinevi.com.tr\/index.php\/urun\/cin-ve-dort-dilek\/"},"modified":"2026-04-16T02:24:33","modified_gmt":"2026-04-15T23:24:33","slug":"cin-ve-dort-dilek","status":"publish","type":"product","link":"https:\/\/roveyayinevi.com.tr\/index.php\/urun\/cin-ve-dort-dilek\/","title":{"rendered":"Cin ve D\u00f6rt Dilek"},"content":{"rendered":"<p>Okulun ilk g\u00fcn\u00fc geldi \u00e7att\u0131. Ama Lukas okula gitmemek i\u00e7in \u00e7e\u015fitli bahaneler buluyor. Okula vard\u0131\u011f\u0131nda ise bak\u0131n o bahaneler nas\u0131l son buluyor\u2026 Do\u011frular\u0131 \u00d6\u011freniyorum dizisinde yer alan kitaplar, \u00e7ocuklar\u0131m\u0131z\u0131n ki\u015fisel geli\u015fimleri ve do\u011fru davran\u0131\u015f bi\u00e7imlerini \u00f6\u011frenmeleri i\u00e7in yol g\u00f6steriyor. <\/p>\n","protected":false},"excerpt":{"rendered":"<p>Okulun ilk g\u00fcn\u00fc geldi \u00e7att\u0131. Ama Lukas okula gitmemek i\u00e7in \u00e7e\u015fitli bahaneler buluyor. Okula vard\u0131\u011f\u0131nda ise bak\u0131n o bahaneler nas\u0131l son buluyor\u2026 Do\u011frular\u0131 \u00d6\u011freniyorum dizisinde yer<span class=\"excerpt-hellip\"> [\u2026]<\/span><\/p>\n","protected":false},"featured_media":0,"template":"","meta":{"_monsterinsights_skip_tracking":false,"_monsterinsights_sitenote_active":false,"_monsterinsights_sitenote_note":"","_monsterinsights_sitenote_category":0},"product_brand":[],"product_cat":[12274,12284],"product_tag":[],"class_list":{"0":"post-716191","1":"product","2":"type-product","3":"status-publish","5":"product_cat-cocuk-ve-genclik-kitaplari","6":"product_cat-hikayeler","7":"pa_cilt-ciltsiz","8":"pa_tur-kitap","9":"pa_yayinevi-1001-cicek-kitaplar","10":"pa_yazar-nadine-brun-cosme","12":"first","13":"instock","14":"sale","15":"shipping-taxable","16":"purchasable","17":"product-type-simple"},"_links":{"self":[{"href":"https:\/\/roveyayinevi.com.tr\/index.php\/wp-json\/wp\/v2\/product\/716191","targetHints":{"allow":["GET"]}}],"collection":[{"href":"https:\/\/roveyayinevi.com.tr\/index.php\/wp-json\/wp\/v2\/product"}],"about":[{"href":"https:\/\/roveyayinevi.com.tr\/index.php\/wp-json\/wp\/v2\/types\/product"}],"wp:attachment":[{"href":"https:\/\/roveyayinevi.com.tr\/index.php\/wp-json\/wp\/v2\/media?parent=716191"}],"wp:term":[{"taxonomy":"product_brand","embeddable":true,"href":"https:\/\/roveyayinevi.com.tr\/index.php\/wp-json\/wp\/v2\/product_brand?post=716191"},{"taxonomy":"product_cat","embeddable":true,"href":"https:\/\/roveyayinevi.com.tr\/index.php\/wp-json\/wp\/v2\/product_cat?post=716191"},{"taxonomy":"product_tag","embeddable":true,"href":"https:\/\/roveyayinevi.com.tr\/index.php\/wp-json\/wp\/v2\/product_tag?post=716191"}],"curies":[{"name":"wp","href":"https:\/\/api.w.org\/{rel}","templated":true}]}}