{"id":716188,"date":"2025-08-27T17:39:21","date_gmt":"2025-08-27T14:39:21","guid":{"rendered":"https:\/\/roveyayinevi.com.tr\/index.php\/urun\/halit-refig\/"},"modified":"2026-04-16T02:24:33","modified_gmt":"2026-04-15T23:24:33","slug":"halit-refig","status":"publish","type":"product","link":"https:\/\/roveyayinevi.com.tr\/index.php\/urun\/halit-refig\/","title":{"rendered":"Halit Refi\u011f"},"content":{"rendered":"<p>T\u00fcrkiye\u2019nin yak\u0131lan ilk ve tek filmi \u201cYorgun Sava\u015f\u00e7\u0131\u201dn\u0131n y\u00f6netmeni Halit Refi\u011f ile onurlu bir ya\u015fam\u0131n an\u0131lar\u0131\u2026\u201cA\u015fk-\u0131 Memnu\u201d ile ba\u015flayan derin bir sevgi, ba\u011fl\u0131l\u0131k hikayesi\u2026\u201cHan\u0131m\u201d, \u201cTeyzem\u201d, \u201cK\u00f6pekler Adas\u0131\u201d gibi filmlerin yarat\u0131c\u0131s\u0131 vicdanl\u0131 ayd\u0131n Halit Refi\u011f ile 35 y\u0131l\u2026T\u00fcrk sinemas\u0131n\u0131n b\u00fcy\u00fck y\u00f6netmenlerinden Halit Refi\u011f, hayat\u0131 boyunca Ulusal Sinema d\u00fc\u015f\u00fcncesinin savunuculu\u011funu yapt\u0131. O yaln\u0131zca bir sinemac\u0131 de\u011fil, ayn\u0131 zamanda \u00fclkesi ve d\u00fcnya politikas\u0131 \u00fczerine \u00f6zg\u00fcr fikirlerin yarat\u0131c\u0131s\u0131 \u00f6nemli bir d\u00fc\u015f\u00fcnce adam\u0131, b\u00fcy\u00fck bir vatanseverdi. Halit Refi\u011f bu ideallere sahip olmas\u0131n\u0131n bedelini meslek\u00ee ya\u015fam\u0131nda kar\u015f\u0131la\u015ft\u0131\u011f\u0131 zorluklarla \u00f6dedi. Yine de asla onurlu ya\u015famaktan vazge\u00e7medi. Maddiyata de\u011fil, maneviyata ba\u011fl\u0131 bir g\u00f6n\u00fcl insan\u0131 olarak bireysel \u00e7\u0131karlar\u0131n\u0131 toplumun \u00e7\u0131karlar\u0131n\u0131n gerisinde tuttu. Her yerde ve her ko\u015fulda do\u011fru bildi\u011fini savunmaktan geri durmad\u0131.Halit Refi\u011f\u2019in bu onurlu ya\u015fam\u0131nda ona her zaman destek veren, 35 y\u0131l boyunca onu hi\u00e7 yaln\u0131z b\u0131rakmayan e\u015fi G\u00fclper Refi\u011f\u2019in tan\u0131kl\u0131\u011f\u0131, bug\u00fcne dek Halit Refi\u011f\u2019in asla dillendirmedi\u011fi baz\u0131 ger\u00e7ekleri g\u00f6zler \u00f6n\u00fcne seriyor. Bu kitap G\u00fclper Refi\u011f\u2019in e\u015fine olan sonsuz sevgi ve sadakatinin bir \u00fcr\u00fcn\u00fc olmaktan \u00f6te, Halit Refi\u011f\u2019in d\u00fcnya g\u00f6r\u00fc\u015f\u00fcne ve derin ruhuna sayg\u0131n\u0131n ifadesi\u2026<\/p>\n","protected":false},"excerpt":{"rendered":"<p>T\u00fcrkiye\u2019nin yak\u0131lan ilk ve tek filmi \u201cYorgun Sava\u015f\u00e7\u0131\u201dn\u0131n y\u00f6netmeni Halit Refi\u011f ile onurlu bir ya\u015fam\u0131n an\u0131lar\u0131\u2026\u201cA\u015fk-\u0131 Memnu\u201d ile ba\u015flayan derin bir sevgi, ba\u011fl\u0131l\u0131k hikayesi\u2026\u201cHan\u0131m\u201d, \u201cTeyzem\u201d, \u201cK\u00f6pekler<span class=\"excerpt-hellip\"> [\u2026]<\/span><\/p>\n","protected":false},"featured_media":0,"template":"","meta":{"_monsterinsights_skip_tracking":false,"_monsterinsights_sitenote_active":false,"_monsterinsights_sitenote_note":"","_monsterinsights_sitenote_category":0},"product_brand":[],"product_cat":[14009,12291],"product_tag":[],"class_list":{"0":"post-716188","1":"product","2":"type-product","3":"status-publish","5":"product_cat-biyografi-otobiyografi-edebiyat","6":"product_cat-edebiyat","7":"pa_cilt-ciltsiz","8":"pa_tur-kitap","9":"pa_yayinevi-yeditepe-yayinevi","10":"pa_yazar-gulper-refig","12":"first","13":"instock","14":"sale","15":"shipping-taxable","16":"purchasable","17":"product-type-simple"},"_links":{"self":[{"href":"https:\/\/roveyayinevi.com.tr\/index.php\/wp-json\/wp\/v2\/product\/716188","targetHints":{"allow":["GET"]}}],"collection":[{"href":"https:\/\/roveyayinevi.com.tr\/index.php\/wp-json\/wp\/v2\/product"}],"about":[{"href":"https:\/\/roveyayinevi.com.tr\/index.php\/wp-json\/wp\/v2\/types\/product"}],"wp:attachment":[{"href":"https:\/\/roveyayinevi.com.tr\/index.php\/wp-json\/wp\/v2\/media?parent=716188"}],"wp:term":[{"taxonomy":"product_brand","embeddable":true,"href":"https:\/\/roveyayinevi.com.tr\/index.php\/wp-json\/wp\/v2\/product_brand?post=716188"},{"taxonomy":"product_cat","embeddable":true,"href":"https:\/\/roveyayinevi.com.tr\/index.php\/wp-json\/wp\/v2\/product_cat?post=716188"},{"taxonomy":"product_tag","embeddable":true,"href":"https:\/\/roveyayinevi.com.tr\/index.php\/wp-json\/wp\/v2\/product_tag?post=716188"}],"curies":[{"name":"wp","href":"https:\/\/api.w.org\/{rel}","templated":true}]}}