{"id":716187,"date":"2025-08-27T17:39:21","date_gmt":"2025-08-27T14:39:21","guid":{"rendered":"https:\/\/roveyayinevi.com.tr\/index.php\/urun\/yavuz-sultan-selimsah\/"},"modified":"2026-03-10T02:36:24","modified_gmt":"2026-03-09T23:36:24","slug":"yavuz-sultan-selimsah","status":"publish","type":"product","link":"https:\/\/roveyayinevi.com.tr\/index.php\/urun\/yavuz-sultan-selimsah\/","title":{"rendered":"Yavuz Sultan Selim\u015fah"},"content":{"rendered":"<p>Osmanl\u0131 Devleti\u2019nde Osman Gazi\u2019den itibaren kendisiyle birlikte 9 padi\u015fah\u0131n i\u00e7inde en az m\u00fcddet saltanat s\u00fcrm\u00fc\u015f olan Yavuz Sultan Selim\u015fah, sade sekiz y\u0131l s\u00fcren saltanat m\u00fcddetine ra\u011fmen en \u00e7ok toprak fetheden padi\u015faht\u0131r. B\u00fct\u00fcn zaman\u0131 sava\u015flarda ve fetihlerde ge\u00e7mi\u015f ve Osmanl\u0131 topraklar\u0131n\u0131 iki kat\u0131ndan fazla geni\u015fletmi\u015ftir. Orta ve Do\u011fu Anadolu, Suriye, Filistin, M\u0131s\u0131r, Arap yar\u0131madas\u0131 ve Afrika\u2019n\u0131n \u00f6nemli yerlerini fethetmi\u015ftir.D\u00fcnyan\u0131n en b\u00fcy\u00fck cihangirlerinden olan Yavuz Sultan Selim\u015fah hakk\u0131ndaki bu kitap, yine d\u00fcnyan\u0131n en b\u00fcy\u00fck seyyahlar\u0131ndan ve seyahat yazarlar\u0131ndan olan Evliy\u00e2 \u00c7elebi\u2019nin Seyahatn\u00e2mesi\u2019nde Yavuz\u2019a ait bahislerden se\u00e7ilerek haz\u0131rlanm\u0131\u015ft\u0131r. Yavuz Sultan Selim\u015fah\u2019\u0131n padi\u015fahl\u0131k \u00f6ncesi bilgileri, sava\u015flar\u0131, kanunlar\u0131, eserleri ve zaman\u0131nda ya\u015fam\u0131\u015f me\u015fhurlara ait b\u00fct\u00fcn bilgileri bu kitapta bulabileceksiniz.<\/p>\n","protected":false},"excerpt":{"rendered":"<p>Osmanl\u0131 Devleti\u2019nde Osman Gazi\u2019den itibaren kendisiyle birlikte 9 padi\u015fah\u0131n i\u00e7inde en az m\u00fcddet saltanat s\u00fcrm\u00fc\u015f olan Yavuz Sultan Selim\u015fah, sade sekiz y\u0131l s\u00fcren saltanat m\u00fcddetine ra\u011fmen<span class=\"excerpt-hellip\"> [\u2026]<\/span><\/p>\n","protected":false},"featured_media":0,"template":"","meta":{"_monsterinsights_skip_tracking":false,"_monsterinsights_sitenote_active":false,"_monsterinsights_sitenote_note":"","_monsterinsights_sitenote_category":0},"product_brand":[],"product_cat":[14009,12291],"product_tag":[],"class_list":{"0":"post-716187","1":"product","2":"type-product","3":"status-publish","5":"product_cat-biyografi-otobiyografi-edebiyat","6":"product_cat-edebiyat","7":"pa_cilt-ciltsiz","8":"pa_tur-kitap","9":"pa_yayinevi-yeditepe-yayinevi","10":"pa_yazar-seyit-ali-kahraman","12":"first","13":"instock","14":"sale","15":"shipping-taxable","16":"purchasable","17":"product-type-simple"},"_links":{"self":[{"href":"https:\/\/roveyayinevi.com.tr\/index.php\/wp-json\/wp\/v2\/product\/716187","targetHints":{"allow":["GET"]}}],"collection":[{"href":"https:\/\/roveyayinevi.com.tr\/index.php\/wp-json\/wp\/v2\/product"}],"about":[{"href":"https:\/\/roveyayinevi.com.tr\/index.php\/wp-json\/wp\/v2\/types\/product"}],"wp:attachment":[{"href":"https:\/\/roveyayinevi.com.tr\/index.php\/wp-json\/wp\/v2\/media?parent=716187"}],"wp:term":[{"taxonomy":"product_brand","embeddable":true,"href":"https:\/\/roveyayinevi.com.tr\/index.php\/wp-json\/wp\/v2\/product_brand?post=716187"},{"taxonomy":"product_cat","embeddable":true,"href":"https:\/\/roveyayinevi.com.tr\/index.php\/wp-json\/wp\/v2\/product_cat?post=716187"},{"taxonomy":"product_tag","embeddable":true,"href":"https:\/\/roveyayinevi.com.tr\/index.php\/wp-json\/wp\/v2\/product_tag?post=716187"}],"curies":[{"name":"wp","href":"https:\/\/api.w.org\/{rel}","templated":true}]}}