{"id":716186,"date":"2025-08-27T17:39:20","date_gmt":"2025-08-27T14:39:20","guid":{"rendered":"https:\/\/roveyayinevi.com.tr\/index.php\/urun\/halka-dunya-muhendisleri\/"},"modified":"2026-04-16T02:24:33","modified_gmt":"2026-04-15T23:24:33","slug":"halka-dunya-muhendisleri","status":"publish","type":"product","link":"https:\/\/roveyayinevi.com.tr\/index.php\/urun\/halka-dunya-muhendisleri\/","title":{"rendered":"Halka D\u00fcnya M\u00fchendisleri"},"content":{"rendered":"<p>Halka D\u00fcnya\u2019ya ger\u00e7ekle\u015ftirdikleri macera dolu yolculu\u011fun \u00fczerinden yirmi \u00fc\u00e7 y\u0131l ge\u00e7mi\u015fken, Louis Wu ile Hayvan Konu\u015fmac\u0131s\u0131, en yetkili oldu\u011funu iddia eden bir puppeteer taraf\u0131ndan al\u0131konulur. \u00c7e\u015fitli nedenlerle halk\u0131n g\u00f6z\u00fcndeki itibar\u0131n\u0131 yitiren bu puppeteer, Halka D\u00fcnya\u2019ya gidip oradaki zenginlikleri ele ge\u00e7irince stat\u00fcs\u00fcn\u00fc yeniden kazanaca\u011f\u0131n\u0131 d\u00fc\u015f\u00fcnmektedir. Ne var ki muazzam b\u00fcy\u00fckl\u00fckteki, gizemli gezegen Halka D\u00fcnya\u2019ya vard\u0131klar\u0131nda Louis Wu ile arkada\u015flar\u0131 pek \u00e7ok s\u00fcrprizle kar\u015f\u0131la\u015f\u0131r. Bunlardan biri de Halka D\u00fcnya\u2019n\u0131n yerinden oynayarak g\u00fcne\u015fine g\u00fcnden g\u00fcne biraz daha yakla\u015fmas\u0131d\u0131r. E\u011fer Louis Wu ve beraberindekiler, Halka D\u00fcnya m\u00fchendislerinin kurdu\u011fu kontrol merkezine ula\u015f\u0131p sorunu \u00e7\u00f6zemezlerse, birka\u00e7 aya kadar milyarlarca Halka D\u00fcnyal\u0131 \u00f6lecektir. Bilimkurgu t\u00fcr\u00fcn\u00fcn ustalar\u0131ndan biri olan LarryNiven, \u201cHalka D\u00fcnya\u201d serisinde hayranl\u0131k uyand\u0131r\u0131c\u0131 bir kurgusal evren sunuyor. Halka D\u00fcnya M\u00fchendisleri\u2019nde bu deha \u00fcr\u00fcn\u00fc yapay d\u00fcnyay\u0131 ke\u015ffe \u00e7\u0131karken, m\u00fchendislerinin hangi \u0131rktan oldu\u011funu merak etmekten kendinizi alamayacaks\u0131n\u0131z. <\/p>\n","protected":false},"excerpt":{"rendered":"<p>Halka D\u00fcnya\u2019ya ger\u00e7ekle\u015ftirdikleri macera dolu yolculu\u011fun \u00fczerinden yirmi \u00fc\u00e7 y\u0131l ge\u00e7mi\u015fken, Louis Wu ile Hayvan Konu\u015fmac\u0131s\u0131, en yetkili oldu\u011funu iddia eden bir puppeteer taraf\u0131ndan al\u0131konulur. \u00c7e\u015fitli<span class=\"excerpt-hellip\"> [\u2026]<\/span><\/p>\n","protected":false},"featured_media":0,"template":"","meta":{"_monsterinsights_skip_tracking":false,"_monsterinsights_sitenote_active":false,"_monsterinsights_sitenote_note":"","_monsterinsights_sitenote_category":0},"product_brand":[],"product_cat":[12540,12291],"product_tag":[],"class_list":{"0":"post-716186","1":"product","2":"type-product","3":"status-publish","5":"product_cat-bilim-kurgu","6":"product_cat-edebiyat","7":"pa_cilt-ciltsiz","8":"pa_tur-kitap","9":"pa_yayinevi-panama-yayincilik","10":"pa_yazar-larry-niven","12":"first","13":"instock","14":"sale","15":"shipping-taxable","16":"purchasable","17":"product-type-simple"},"_links":{"self":[{"href":"https:\/\/roveyayinevi.com.tr\/index.php\/wp-json\/wp\/v2\/product\/716186","targetHints":{"allow":["GET"]}}],"collection":[{"href":"https:\/\/roveyayinevi.com.tr\/index.php\/wp-json\/wp\/v2\/product"}],"about":[{"href":"https:\/\/roveyayinevi.com.tr\/index.php\/wp-json\/wp\/v2\/types\/product"}],"wp:attachment":[{"href":"https:\/\/roveyayinevi.com.tr\/index.php\/wp-json\/wp\/v2\/media?parent=716186"}],"wp:term":[{"taxonomy":"product_brand","embeddable":true,"href":"https:\/\/roveyayinevi.com.tr\/index.php\/wp-json\/wp\/v2\/product_brand?post=716186"},{"taxonomy":"product_cat","embeddable":true,"href":"https:\/\/roveyayinevi.com.tr\/index.php\/wp-json\/wp\/v2\/product_cat?post=716186"},{"taxonomy":"product_tag","embeddable":true,"href":"https:\/\/roveyayinevi.com.tr\/index.php\/wp-json\/wp\/v2\/product_tag?post=716186"}],"curies":[{"name":"wp","href":"https:\/\/api.w.org\/{rel}","templated":true}]}}