{"id":716184,"date":"2025-08-27T17:39:19","date_gmt":"2025-08-27T14:39:19","guid":{"rendered":"https:\/\/roveyayinevi.com.tr\/index.php\/urun\/yeni-paradigmayi-olusturmak\/"},"modified":"2026-04-16T02:24:33","modified_gmt":"2026-04-15T23:24:33","slug":"yeni-paradigmayi-olusturmak","status":"publish","type":"product","link":"https:\/\/roveyayinevi.com.tr\/index.php\/urun\/yeni-paradigmayi-olusturmak\/","title":{"rendered":"Yeni Paradigmay\u0131 Olu\u015fturmak"},"content":{"rendered":"<p>Mevcut kapitalist emperyalist sistem ve onun neoliberal uygulamalar\u0131 s\u00fcrd\u00fcr\u00fclebilir midir?  Fikret Ba\u015fkaya, \u201cs\u00fcrd\u00fcr\u00fclemeyece\u011fi\u201d kanaatinde ve Yeni Paradigmay\u0131 Olu\u015fturmak\u2019\u0131 yazma amac\u0131n\u0131 \u015f\u00f6yle dile getiriyor: \u201cBu kitap, neden b\u00f6yle oldu\u011funa, neden bir \u2018s\u00fcrd\u00fcr\u00fclemezlik\u2019 durumunun ortaya \u00e7\u0131kt\u0131\u011f\u0131na dair bir netle\u015fme sa\u011flama amac\u0131 ta\u015f\u0131yor\u201d. Ard\u0131ndan, \u201cE\u011fer s\u00fcrd\u00fcr\u00fclemeyece\u011fini kabul ediyorsak, radikal bir d\u00fc\u015f\u00fcnce devrimine, yeni bir R\u00f6nesansa ihtiya\u00e7 var\u201d diyen Ba\u015fkaya, bu R\u00f6nesans\u0131n unsurlar\u0131n\u0131 tart\u0131\u015fmaya ba\u015fl\u0131yor.  \u00d6nce \u201cmuas\u0131r medeniyet seviyesi\u201d, hemen pe\u015finden de ilerleme, modernle\u015fme, \u00e7a\u011fda\u015fla\u015fma, b\u00fcy\u00fcme, kalk\u0131nma ve s\u00fcrd\u00fcr\u00fclebilir kalk\u0131nma kavramlar\u0131 enine boyuna sorgulan\u0131yor.  \u201cT\u00fcrkiye\u2019de yakla\u015f\u0131k 90 y\u0131ld\u0131r \u2018muas\u0131r medeniyet seviyesinin \u00fcst\u00fcne \u00e7\u0131kma\u2019 \u015fark\u0131s\u0131 s\u00f6yleniyor. Oysa \u00fczerine \u00e7\u0131k\u0131lmas\u0131 gereken \u2018muas\u0131r medeniyet\u2019, kapitalist y\u0131k\u0131c\u0131l\u0131ktan ve barbarl\u0131ktan ba\u015fkas\u0131 de\u011fil\u201d diyen Fikret Ba\u015fkaya, s\u00f6z konusu \u201cmuas\u0131rla\u015fma\u201d hedefiyle \u00f6rt\u00fc\u015fen \u201cAvrupa\u201dy\u0131 da, bir b\u00fcy\u00fck sermaye ve Atlantik projesi olan Avrupa Birli\u011fi\u2019nin bug\u00fcn geldi\u011fi nokta itibar\u0131yla ele al\u0131yor.  \u201cS\u00fcrd\u00fcr\u00fclebilir kalk\u0131nma\u201d kavram\u0131n\u0131n oksimoron niteli\u011fine, b\u00fcy\u00fcme mitine, tar\u0131m\u0131n bug\u00fcn gelip dayand\u0131\u011f\u0131 \u00e7\u0131kmazlara, topra\u011f\u0131n \u00f6ld\u00fcr\u00fclmesine vb. de\u011finen \u00e7al\u0131\u015fmas\u0131nda, do\u011fay\u0131 ve canl\u0131lar\u0131 yok eden \u201ckalk\u0131nma\u201d anlay\u0131\u015f\u0131n\u0131 b\u00fct\u00fcn boyutlar\u0131yla ortaya koyuyor Ba\u015fkaya. Demokrasi, STK\u2019lar, k\u00fclt\u00fcralizm ve \u201cPolitik \u0130slam\u201d tart\u0131\u015fmalar\u0131n\u0131n ard\u0131ndan kapitalizmden \u00e7\u0131k\u0131\u015f\u0131n alternatiflerini, kom\u00fcnc\u00fc m\u00fclkiyet bi\u00e7imlerini ortaya koyarak ve \u201cYeni bir paradigma i\u00e7in 12 \u00f6neri\u201dsini payla\u015farak tamaml\u0131yor kitab\u0131n\u0131.  Yine Ba\u015fkaya\u2019n\u0131n s\u00f6zleriyle; \u201cYa ge\u00e7erli paradigmadan, kapitalizmden vakitlice \u00e7\u0131k\u0131lacak, ya da insanl\u0131\u011f\u0131n bir gelece\u011fi olmayacak&#8230;\u201d<\/p>\n","protected":false},"excerpt":{"rendered":"<p>Mevcut kapitalist emperyalist sistem ve onun neoliberal uygulamalar\u0131 s\u00fcrd\u00fcr\u00fclebilir midir? Fikret Ba\u015fkaya, \u201cs\u00fcrd\u00fcr\u00fclemeyece\u011fi\u201d kanaatinde ve Yeni Paradigmay\u0131 Olu\u015fturmak\u2019\u0131 yazma amac\u0131n\u0131 \u015f\u00f6yle dile getiriyor: \u201cBu kitap, neden<span class=\"excerpt-hellip\"> [\u2026]<\/span><\/p>\n","protected":false},"featured_media":0,"template":"","meta":{"_monsterinsights_skip_tracking":false,"_monsterinsights_sitenote_active":false,"_monsterinsights_sitenote_note":"","_monsterinsights_sitenote_category":0},"product_brand":[],"product_cat":[13590,12337],"product_tag":[],"class_list":{"0":"post-716184","1":"product","2":"type-product","3":"status-publish","5":"product_cat-arastirma-inceleme-politika-siyaset","6":"product_cat-politika-siyaset","7":"pa_cilt-ciltsiz","8":"pa_tur-kitap","9":"pa_yayinevi-yordam-kitap","10":"pa_yazar-fikret-baskaya","12":"first","13":"instock","14":"sale","15":"shipping-taxable","16":"purchasable","17":"product-type-simple"},"_links":{"self":[{"href":"https:\/\/roveyayinevi.com.tr\/index.php\/wp-json\/wp\/v2\/product\/716184","targetHints":{"allow":["GET"]}}],"collection":[{"href":"https:\/\/roveyayinevi.com.tr\/index.php\/wp-json\/wp\/v2\/product"}],"about":[{"href":"https:\/\/roveyayinevi.com.tr\/index.php\/wp-json\/wp\/v2\/types\/product"}],"wp:attachment":[{"href":"https:\/\/roveyayinevi.com.tr\/index.php\/wp-json\/wp\/v2\/media?parent=716184"}],"wp:term":[{"taxonomy":"product_brand","embeddable":true,"href":"https:\/\/roveyayinevi.com.tr\/index.php\/wp-json\/wp\/v2\/product_brand?post=716184"},{"taxonomy":"product_cat","embeddable":true,"href":"https:\/\/roveyayinevi.com.tr\/index.php\/wp-json\/wp\/v2\/product_cat?post=716184"},{"taxonomy":"product_tag","embeddable":true,"href":"https:\/\/roveyayinevi.com.tr\/index.php\/wp-json\/wp\/v2\/product_tag?post=716184"}],"curies":[{"name":"wp","href":"https:\/\/api.w.org\/{rel}","templated":true}]}}