{"id":716183,"date":"2025-08-27T17:39:18","date_gmt":"2025-08-27T14:39:18","guid":{"rendered":"https:\/\/roveyayinevi.com.tr\/index.php\/urun\/canavarin-agzinda-abd-komunist-partisi-tarihi-1919-1959-2\/"},"modified":"2026-04-16T02:24:33","modified_gmt":"2026-04-15T23:24:33","slug":"canavarin-agzinda-abd-komunist-partisi-tarihi-1919-1959-2","status":"publish","type":"product","link":"https:\/\/roveyayinevi.com.tr\/index.php\/urun\/canavarin-agzinda-abd-komunist-partisi-tarihi-1919-1959-2\/","title":{"rendered":"Canavar\u0131n A\u011fz\u0131nda &#8211; ABD Kom\u00fcnist Partisi Tarihi 1919 &#8211; 1959"},"content":{"rendered":"<p>Haluk Gerger\u2019in, emperyalizmin merkezinde, yani tam da canavar\u0131n a\u011fz\u0131nda ABD Kom\u00fcnist Partisi\u2019nin 40 y\u0131ll\u0131k ola\u011fan\u00fcst\u00fc maceras\u0131n\u0131 anlatan \u00f6zg\u00fcn ve kapsaml\u0131 eseri \u00fc\u00e7\u00fcnc\u00fc kitab\u0131yla birlikte tamamlan\u0131yor.ABD Kom\u00fcnist Partisi tarihi anlat\u0131s\u0131, bu kitapta, y\u0131k\u0131ma s\u00fcr\u00fckleni\u015fin hik\u00e2yesine, \u201c\u00e7\u00fcr\u00fcmenin farkl\u0131 hallerine\u201d odaklan\u0131yor. Kom\u00fcnist Parti tarihi oldu\u011fu kadar kapitalizmle m\u00fccadelenin tarihi, bir o kadar \u00dc\u00e7\u00fcnc\u00fc Enternasyonal\u2019in ve ideolojik tart\u0131\u015fmalar\u0131n tarihi olan bu anlat\u0131, yenilginin nesnel nedenlerini bilimsel sosyalizmin \u0131\u015f\u0131\u011f\u0131nda ar\u0131yor.Daha \u00f6nce b\u00fcy\u00fck bunal\u0131m\u0131n ve \u201ccephe faaliyetleri\u201dnin verdi\u011fi moralle g\u00fc\u00e7lenen Kom\u00fcnist Parti, \u0130kinci D\u00fcnya Sava\u015f\u0131, Hitler\u2019in Sovyetler Birli\u011fi\u2019ne sald\u0131r\u0131s\u0131, ABD\u2019nin sava\u015fa kat\u0131lmas\u0131, pe\u015finden So\u011fuk Sava\u015f, Stalin\u2019e d\u00f6n\u00fck \u201calg\u0131\u201dn\u0131n de\u011fi\u015fmesi, Kore Sava\u015f\u0131 vb. tarihsel olaylar\u0131n ya\u015fand\u0131\u011f\u0131 d\u00f6nemde tasfiye s\u00fcrecine girecek ve \u00f6nce partiden derne\u011fe gerileyecek, ard\u0131ndan yeralt\u0131na inerek yok olacakt\u0131r.Bu s\u00fcrecin analizini yine tarih\u00ee belge ve ki\u015filerin tan\u0131kl\u0131\u011f\u0131nda yap\u0131yor Haluk Gerger. Y\u0131llarca i\u00e7eride ve d\u0131\u015far\u0131da yarg\u0131lanmaktan kurtulamam\u0131\u015f kahramanlar\u0131, tart\u0131\u015fmalar\u0131, eylemleri \u015fimdi okurun yarg\u0131s\u0131na teslim ediyor; adalet i\u00e7in. Ancak burada adalet, gelecek i\u00e7in ders \u00e7\u0131karmak demek.Zira Gerger\u2019in de belirtti\u011fi gibi, \u201c\u00d6\u011frenmek, sorgulamak, ele\u015ftirmek, yenilgiden dersler \u00e7\u0131kartarak kazanmaya yeni ba\u015ftan koyulmak i\u00e7in gereklidir\u2026\u201d<\/p>\n","protected":false},"excerpt":{"rendered":"<p>Haluk Gerger\u2019in, emperyalizmin merkezinde, yani tam da canavar\u0131n a\u011fz\u0131nda ABD Kom\u00fcnist Partisi\u2019nin 40 y\u0131ll\u0131k ola\u011fan\u00fcst\u00fc maceras\u0131n\u0131 anlatan \u00f6zg\u00fcn ve kapsaml\u0131 eseri \u00fc\u00e7\u00fcnc\u00fc kitab\u0131yla birlikte tamamlan\u0131yor.ABD Kom\u00fcnist<span class=\"excerpt-hellip\"> [\u2026]<\/span><\/p>\n","protected":false},"featured_media":0,"template":"","meta":{"_monsterinsights_skip_tracking":false,"_monsterinsights_sitenote_active":false,"_monsterinsights_sitenote_note":"","_monsterinsights_sitenote_category":0},"product_brand":[],"product_cat":[13590,12337],"product_tag":[],"class_list":{"0":"post-716183","1":"product","2":"type-product","3":"status-publish","5":"product_cat-arastirma-inceleme-politika-siyaset","6":"product_cat-politika-siyaset","7":"pa_cilt-ciltsiz","8":"pa_tur-kitap","9":"pa_yayinevi-yordam-kitap","10":"pa_yazar-haluk-gerger","12":"first","13":"instock","14":"sale","15":"shipping-taxable","16":"purchasable","17":"product-type-simple"},"_links":{"self":[{"href":"https:\/\/roveyayinevi.com.tr\/index.php\/wp-json\/wp\/v2\/product\/716183","targetHints":{"allow":["GET"]}}],"collection":[{"href":"https:\/\/roveyayinevi.com.tr\/index.php\/wp-json\/wp\/v2\/product"}],"about":[{"href":"https:\/\/roveyayinevi.com.tr\/index.php\/wp-json\/wp\/v2\/types\/product"}],"wp:attachment":[{"href":"https:\/\/roveyayinevi.com.tr\/index.php\/wp-json\/wp\/v2\/media?parent=716183"}],"wp:term":[{"taxonomy":"product_brand","embeddable":true,"href":"https:\/\/roveyayinevi.com.tr\/index.php\/wp-json\/wp\/v2\/product_brand?post=716183"},{"taxonomy":"product_cat","embeddable":true,"href":"https:\/\/roveyayinevi.com.tr\/index.php\/wp-json\/wp\/v2\/product_cat?post=716183"},{"taxonomy":"product_tag","embeddable":true,"href":"https:\/\/roveyayinevi.com.tr\/index.php\/wp-json\/wp\/v2\/product_tag?post=716183"}],"curies":[{"name":"wp","href":"https:\/\/api.w.org\/{rel}","templated":true}]}}