{"id":716182,"date":"2025-08-27T17:39:17","date_gmt":"2025-08-27T14:39:17","guid":{"rendered":"https:\/\/roveyayinevi.com.tr\/index.php\/urun\/uyumak-istemeyen-klara\/"},"modified":"2026-04-16T02:24:33","modified_gmt":"2026-04-15T23:24:33","slug":"uyumak-istemeyen-klara","status":"publish","type":"product","link":"https:\/\/roveyayinevi.com.tr\/index.php\/urun\/uyumak-istemeyen-klara\/","title":{"rendered":"Uyumak \u0130stemeyen Klara"},"content":{"rendered":"<p>Klara\u2019n\u0131n uykusu geldi. Ama uyumamak i\u00e7in \u00e7e\u015fitli bahaneler buluyor. Annesi ve babas\u0131n\u0131n e\u011flenceli oyunlar\u0131 sayesinde uyku saati Klara i\u00e7in keyifli bir zamana d\u00f6n\u00fc\u015f\u00fcyor ve uyumak i\u00e7in art\u0131k can at\u0131yor\u2026 Do\u011frular\u0131 \u00d6\u011freniyorum dizisinde yer alan kitaplar, \u00e7ocuklar\u0131m\u0131z\u0131n ki\u015fisel geli\u015fimleri ve do\u011fru davran\u0131\u015f bi\u00e7imlerini \u00f6\u011frenmeleri i\u00e7in yol g\u00f6steriyor. <\/p>\n","protected":false},"excerpt":{"rendered":"<p>Klara\u2019n\u0131n uykusu geldi. Ama uyumamak i\u00e7in \u00e7e\u015fitli bahaneler buluyor. Annesi ve babas\u0131n\u0131n e\u011flenceli oyunlar\u0131 sayesinde uyku saati Klara i\u00e7in keyifli bir zamana d\u00f6n\u00fc\u015f\u00fcyor ve uyumak i\u00e7in<span class=\"excerpt-hellip\"> [\u2026]<\/span><\/p>\n","protected":false},"featured_media":0,"template":"","meta":{"_monsterinsights_skip_tracking":false,"_monsterinsights_sitenote_active":false,"_monsterinsights_sitenote_note":"","_monsterinsights_sitenote_category":0},"product_brand":[],"product_cat":[12913,12274],"product_tag":[],"class_list":{"0":"post-716182","1":"product","2":"type-product","3":"status-publish","5":"product_cat-3-6-yas-kitaplari","6":"product_cat-cocuk-ve-genclik-kitaplari","7":"pa_cilt-ciltsiz","8":"pa_tur-kitap","9":"pa_yayinevi-1001-cicek-kitaplar","10":"pa_yazar-nadine-brun-cosme","12":"first","13":"instock","14":"sale","15":"shipping-taxable","16":"purchasable","17":"product-type-simple"},"_links":{"self":[{"href":"https:\/\/roveyayinevi.com.tr\/index.php\/wp-json\/wp\/v2\/product\/716182","targetHints":{"allow":["GET"]}}],"collection":[{"href":"https:\/\/roveyayinevi.com.tr\/index.php\/wp-json\/wp\/v2\/product"}],"about":[{"href":"https:\/\/roveyayinevi.com.tr\/index.php\/wp-json\/wp\/v2\/types\/product"}],"wp:attachment":[{"href":"https:\/\/roveyayinevi.com.tr\/index.php\/wp-json\/wp\/v2\/media?parent=716182"}],"wp:term":[{"taxonomy":"product_brand","embeddable":true,"href":"https:\/\/roveyayinevi.com.tr\/index.php\/wp-json\/wp\/v2\/product_brand?post=716182"},{"taxonomy":"product_cat","embeddable":true,"href":"https:\/\/roveyayinevi.com.tr\/index.php\/wp-json\/wp\/v2\/product_cat?post=716182"},{"taxonomy":"product_tag","embeddable":true,"href":"https:\/\/roveyayinevi.com.tr\/index.php\/wp-json\/wp\/v2\/product_tag?post=716182"}],"curies":[{"name":"wp","href":"https:\/\/api.w.org\/{rel}","templated":true}]}}