{"id":716180,"date":"2025-08-27T17:39:16","date_gmt":"2025-08-27T14:39:16","guid":{"rendered":"https:\/\/roveyayinevi.com.tr\/index.php\/urun\/sovyet-deneyinden-siyaset-dersleri\/"},"modified":"2026-04-16T02:24:33","modified_gmt":"2026-04-15T23:24:33","slug":"sovyet-deneyinden-siyaset-dersleri","status":"publish","type":"product","link":"https:\/\/roveyayinevi.com.tr\/index.php\/urun\/sovyet-deneyinden-siyaset-dersleri\/","title":{"rendered":"Sovyet Deneyinden Siyaset Dersleri"},"content":{"rendered":"<p>Belki gen\u00e7 ku\u015fak tan\u0131k olmad\u0131 ama 74 y\u0131ll\u0131k sars\u0131c\u0131 bir deneyim ya\u015fand\u0131 d\u00fcnyam\u0131zda. 1917\u2019den 1991\u2019e dek s\u00fcren ve \u201cSovyetler\u201d, \u201creel sosyalizm\u201d, \u201csosyalist blok\u201d, \u201cdemir perde\u201d gibi adlarla an\u0131lan bu deneyimi, \u00f6zellikle ilk ve son d\u00f6nemlerindeki kimi y\u00f6nelimleriyle ve buradan \u00e7\u0131kar\u0131lmas\u0131 gereken \u201csiyaset dersleri\u201dyle anlatan bir kitap Sovyet Deneyinden Siyaset Dersleri.\u0130lk olarak 1989\u2019da yay\u0131mlanan bu \u00e7al\u0131\u015fmas\u0131nda Metin \u00c7ulhao\u011flu, \u00f6nce 1920\u2019lerden 1930\u2019lara uzanan kesitteki NEP ve kolektivizasyon uygulamalar\u0131 ile sanayile\u015fme hamlesine, ard\u0131ndan da 1985\u2019ten 1989\u2019a uzanan kesitte glasnost ve perestroyka politikalar\u0131na yo\u011funla\u015f\u0131yor. Ekonomik hamleler, zorunluluk ve a\u00e7mazlarla birlikte, ideolojik hamle giri\u015fimleri ve zaaflar \u00f6n plana \u00e7\u0131k\u0131yor en \u00e7ok \u00c7ulhao\u011flu\u2019nun anlat\u0131m\u0131nda.Farkl\u0131 d\u00f6nemlerdeki sa\u011f ve sol \u201csapma\u201dlar; Buharin, Preobrajenski, Lenin, Tro\u00e7ki ve Stalin gibi Bol\u015fevik \u00f6nderlerin sosyalizmin belli sorunlar\u0131na farkl\u0131 yakla\u015f\u0131mlar\u0131; d\u00f6nemsel politikalara \u201ckitlesel destek\u201d aray\u0131\u015flar\u0131; bir d\u00f6nemin siyasetinde \u00f6ne \u00e7\u0131kanlar\u0131n bir sonraki d\u00f6nemin politik ikliminde \u201charcanmas\u0131\u201d; \u201ci\u015f\u00e7i-k\u00f6yl\u00fc ittifak\u0131\u201dn\u0131n \u00e7\u00f6z\u00fclmesi; Parti y\u00f6netimindeki ve \u201cbilim akademisi\u201d gibi kurumlardaki kadrolar\u0131n ideolojik zaaflar\u0131 vb. Sovyet Deneyinden Siyaset Dersleri\u2019nin \u00f6ne \u00e7\u0131kan di\u011fer konular\u0131\u2026Yazar\u0131n s\u00f6zleriyle \u201c\u00d6zellikle Sovyet deneyinde, u\u00e7 u\u011fraklara b\u00fct\u00fcn\u00fcyle angajman b\u00fcy\u00fck riskler i\u00e7eriyor ve tarih hep bunu g\u00f6steriyor\u201d iken, \u201cson u\u00e7 u\u011frak\u201d diyebilece\u011fimiz glasnost ve perestroyka d\u00f6neminin muhasebesi ile tamamlan\u0131yor kitap.D\u00fcnyam\u0131zdan ge\u00e7ip gitmi\u015f 74 y\u0131ll\u0131k bir deneyimi anlamak ve olas\u0131 yeni deneyimleri onun zaaflar\u0131ndan korumak i\u00e7in\u2026<\/p>\n","protected":false},"excerpt":{"rendered":"<p>Belki gen\u00e7 ku\u015fak tan\u0131k olmad\u0131 ama 74 y\u0131ll\u0131k sars\u0131c\u0131 bir deneyim ya\u015fand\u0131 d\u00fcnyam\u0131zda. 1917\u2019den 1991\u2019e dek s\u00fcren ve \u201cSovyetler\u201d, \u201creel sosyalizm\u201d, \u201csosyalist blok\u201d, \u201cdemir perde\u201d gibi<span class=\"excerpt-hellip\"> [\u2026]<\/span><\/p>\n","protected":false},"featured_media":0,"template":"","meta":{"_monsterinsights_skip_tracking":false,"_monsterinsights_sitenote_active":false,"_monsterinsights_sitenote_note":"","_monsterinsights_sitenote_category":0},"product_brand":[],"product_cat":[12337],"product_tag":[],"class_list":{"0":"post-716180","1":"product","2":"type-product","3":"status-publish","5":"product_cat-politika-siyaset","6":"pa_cilt-ciltsiz","7":"pa_tur-kitap","8":"pa_yayinevi-yordam-kitap","9":"pa_yazar-metin-culhaoglu","11":"first","12":"instock","13":"sale","14":"shipping-taxable","15":"purchasable","16":"product-type-simple"},"_links":{"self":[{"href":"https:\/\/roveyayinevi.com.tr\/index.php\/wp-json\/wp\/v2\/product\/716180","targetHints":{"allow":["GET"]}}],"collection":[{"href":"https:\/\/roveyayinevi.com.tr\/index.php\/wp-json\/wp\/v2\/product"}],"about":[{"href":"https:\/\/roveyayinevi.com.tr\/index.php\/wp-json\/wp\/v2\/types\/product"}],"wp:attachment":[{"href":"https:\/\/roveyayinevi.com.tr\/index.php\/wp-json\/wp\/v2\/media?parent=716180"}],"wp:term":[{"taxonomy":"product_brand","embeddable":true,"href":"https:\/\/roveyayinevi.com.tr\/index.php\/wp-json\/wp\/v2\/product_brand?post=716180"},{"taxonomy":"product_cat","embeddable":true,"href":"https:\/\/roveyayinevi.com.tr\/index.php\/wp-json\/wp\/v2\/product_cat?post=716180"},{"taxonomy":"product_tag","embeddable":true,"href":"https:\/\/roveyayinevi.com.tr\/index.php\/wp-json\/wp\/v2\/product_tag?post=716180"}],"curies":[{"name":"wp","href":"https:\/\/api.w.org\/{rel}","templated":true}]}}