{"id":716179,"date":"2025-08-27T17:39:15","date_gmt":"2025-08-27T14:39:15","guid":{"rendered":"https:\/\/roveyayinevi.com.tr\/index.php\/urun\/eski-tanrilar-yeni-bilmeceler\/"},"modified":"2026-04-16T02:24:33","modified_gmt":"2026-04-15T23:24:33","slug":"eski-tanrilar-yeni-bilmeceler","status":"publish","type":"product","link":"https:\/\/roveyayinevi.com.tr\/index.php\/urun\/eski-tanrilar-yeni-bilmeceler\/","title":{"rendered":"Eski Tanr\u0131lar, Yeni Bilmeceler"},"content":{"rendered":"<p>Marx geri d\u00f6nd\u00fc, ama hangi Marx? Yak\u0131n ge\u00e7mi\u015fte yay\u0131mlanan ya\u015fam\u00f6yk\u00fcleri, onu bir 19. y\u00fczy\u0131l fig\u00fcr\u00fc olarak konumlamakta \u0131srarl\u0131. Mike Davis\u2019in Marx ve Marksizm hakk\u0131nda tezlerini ilk kez do\u011frudan kaleme ald\u0131\u011f\u0131 bu kitapta ise, sadece ge\u00e7mi\u015fe de\u011fil bug\u00fcne dair de konu\u015fan bir d\u00fc\u015f\u00fcn\u00fcr \u00e7\u0131k\u0131yor kar\u015f\u0131m\u0131za.Bir dizi ara\u015ft\u0131r\u0131c\u0131 ve k\u0131\u015fk\u0131rt\u0131c\u0131 makaleyi bir araya getirdi\u011fi kitab\u0131nda Davis, Marx\u2019\u0131n zaman\u0131m\u0131za d\u00f6n\u00fck iki temel sorgulamas\u0131n\u0131 ke\u015ffe \u00e7\u0131k\u0131yor: \u201cToplumun devrimci d\u00f6n\u00fc\u015f\u00fcm\u00fcne kimler \u00f6nderlik edebilir\u201d ve \u201cGezegenimizdeki \u00e7evresel krizin nedeni ve \u00e7\u00f6z\u00fcm\u00fc nedir?\u201dDavis, Marx\u2019\u0131n kuramsal metinlerinin ve siyaset yazarl\u0131\u011f\u0131n\u0131n yeni boyutlar\u0131n\u0131 ayd\u0131nlatmak i\u00e7in emek tarihinin o geni\u015f ar\u015fivine ba\u015fvuruyor. Bize \u201ckay\u0131p bir Marx\u201d \u00f6neriyor. Bu Marx\u2019\u0131n, tarihin akt\u00f6rlerine, milliyet\u00e7ili\u011fe ve s\u0131n\u0131f m\u00fccadelesinin \u201carada kalan s\u0131n\u0131flarla ilgili g\u00f6r\u00fcn\u00fcm\u00fc\u201dne dair \u00e7\u00f6z\u00fcmlemeleri, bizim karanl\u0131\u011fa g\u00f6m\u00fclm\u00fc\u015f \u00e7a\u011f\u0131m\u0131zda devrimci d\u00fc\u015f\u00fcncelerin yeniden canland\u0131r\u0131lmas\u0131 i\u00e7in kritik \u00f6nemde. Davis, k\u00fcresel istihdam krizi ile giderek bozulan iklim \u015fartlar\u0131n\u0131 da ele ald\u0131\u011f\u0131 \u00e7\u00f6z\u00fcmlemesinde kapitalizmin insanl\u0131\u011f\u0131n devam\u0131n\u0131 sa\u011flama konusundaki ba\u015far\u0131s\u0131zl\u0131\u011f\u0131na dikkat \u00e7ekerken, \u201cinsanl\u0131k \u00e7a\u011f\u0131na\u201d dair feti\u015fizmi de k\u0131yas\u0131ya ele\u015ftiriyor.Eski Tanr\u0131lar, Yeni Bilmeceler\u2019in son b\u00f6l\u00fcm\u00fcnde, art\u0131k unutulup gitmi\u015f eski bir tart\u0131\u015fmaya, \u201calternatif sosyalist kent\u00e7ilik\u201d (1880-1934) tart\u0131\u015fmalar\u0131na bakan Mike Davis, s\u00fcrd\u00fcr\u00fclebilir bir \u00e7evrede evrensel \u00f6l\u00e7ekte y\u00fcksek nitelikli bir ya\u015fam\u0131n temel kavramlar\u0131n\u0131 aramaya koyuluyor.Tarihsel sosyoloji, k\u00fclt\u00fcrel analiz ve strateji alan\u0131nda bir el kitab\u0131 oldu\u011fu kadar, Marksist tart\u0131\u015fmalara m\u00fckemmel bir giri\u015f de olan Davis\u2019in bu kitab\u0131, eyleme ge\u00e7irici bir silah \u00f6zelli\u011fi de ta\u015f\u0131yor. \u2013 Robert BrennerMarx\u2019\u0131n Manifesto ve 18 Brumaire\u2019de ortaya koydu\u011fu o derin ve yo\u011fun siyasi analiz miras\u0131n\u0131 in\u015fa etmede, Mike Davis kadar ba\u015far\u0131l\u0131 bir isim daha yok. \u2013 Leo Panitch<\/p>\n","protected":false},"excerpt":{"rendered":"<p>Marx geri d\u00f6nd\u00fc, ama hangi Marx? Yak\u0131n ge\u00e7mi\u015fte yay\u0131mlanan ya\u015fam\u00f6yk\u00fcleri, onu bir 19. y\u00fczy\u0131l fig\u00fcr\u00fc olarak konumlamakta \u0131srarl\u0131. Mike Davis\u2019in Marx ve Marksizm hakk\u0131nda tezlerini ilk<span class=\"excerpt-hellip\"> [\u2026]<\/span><\/p>\n","protected":false},"featured_media":0,"template":"","meta":{"_monsterinsights_skip_tracking":false,"_monsterinsights_sitenote_active":false,"_monsterinsights_sitenote_note":"","_monsterinsights_sitenote_category":0},"product_brand":[],"product_cat":[16098,12337],"product_tag":[],"class_list":{"0":"post-716179","1":"product","2":"type-product","3":"status-publish","5":"product_cat-politik-akimlar-hareketler","6":"product_cat-politika-siyaset","7":"pa_cilt-ciltsiz","8":"pa_tur-kitap","9":"pa_yayinevi-yordam-kitap","10":"pa_yazar-mike-davis","12":"first","13":"instock","14":"sale","15":"shipping-taxable","16":"purchasable","17":"product-type-simple"},"_links":{"self":[{"href":"https:\/\/roveyayinevi.com.tr\/index.php\/wp-json\/wp\/v2\/product\/716179","targetHints":{"allow":["GET"]}}],"collection":[{"href":"https:\/\/roveyayinevi.com.tr\/index.php\/wp-json\/wp\/v2\/product"}],"about":[{"href":"https:\/\/roveyayinevi.com.tr\/index.php\/wp-json\/wp\/v2\/types\/product"}],"wp:attachment":[{"href":"https:\/\/roveyayinevi.com.tr\/index.php\/wp-json\/wp\/v2\/media?parent=716179"}],"wp:term":[{"taxonomy":"product_brand","embeddable":true,"href":"https:\/\/roveyayinevi.com.tr\/index.php\/wp-json\/wp\/v2\/product_brand?post=716179"},{"taxonomy":"product_cat","embeddable":true,"href":"https:\/\/roveyayinevi.com.tr\/index.php\/wp-json\/wp\/v2\/product_cat?post=716179"},{"taxonomy":"product_tag","embeddable":true,"href":"https:\/\/roveyayinevi.com.tr\/index.php\/wp-json\/wp\/v2\/product_tag?post=716179"}],"curies":[{"name":"wp","href":"https:\/\/api.w.org\/{rel}","templated":true}]}}