{"id":716178,"date":"2025-08-27T17:39:15","date_gmt":"2025-08-27T14:39:15","guid":{"rendered":"https:\/\/roveyayinevi.com.tr\/index.php\/urun\/bale-okulu-yasasin-ikinci-siniftayiz\/"},"modified":"2026-04-14T02:31:43","modified_gmt":"2026-04-13T23:31:43","slug":"bale-okulu-yasasin-ikinci-siniftayiz","status":"publish","type":"product","link":"https:\/\/roveyayinevi.com.tr\/index.php\/urun\/bale-okulu-yasasin-ikinci-siniftayiz\/","title":{"rendered":"Bale Okulu &#8211; Ya\u015fas\u0131n \u0130kinci S\u0131n\u0131ftay\u0131z"},"content":{"rendered":"<p>Siz De Kendinizi Balenin B\u00fcy\u00fcs\u00fcne Kapt\u0131r\u0131n! Konservatuvar \u00f6\u011frencileri, ikinci s\u0131n\u0131fa ge\u00e7menin heyecan\u0131n\u0131 ya\u015f\u0131yor! Viola ve arkada\u015flar\u0131, uzun yaz tatilinin ard\u0131ndan yeniden bir araya geliyor. Yeni ders y\u0131l\u0131n\u0131n ba\u015flamas\u0131na sevinen Viola, Philip\u2019i tekrar g\u00f6rd\u00fc\u011f\u00fc i\u00e7in \u00e7ok mutlu. Tiyatroda \u201cCarmen\u201din sahnelenece\u011fi haberi ise, hepsinde b\u00fcy\u00fck bir heyecan yarat\u0131yor.<\/p>\n","protected":false},"excerpt":{"rendered":"<p>Siz De Kendinizi Balenin B\u00fcy\u00fcs\u00fcne Kapt\u0131r\u0131n! Konservatuvar \u00f6\u011frencileri, ikinci s\u0131n\u0131fa ge\u00e7menin heyecan\u0131n\u0131 ya\u015f\u0131yor! Viola ve arkada\u015flar\u0131, uzun yaz tatilinin ard\u0131ndan yeniden bir araya geliyor. Yeni ders<span class=\"excerpt-hellip\"> [\u2026]<\/span><\/p>\n","protected":false},"featured_media":0,"template":"","meta":{"_monsterinsights_skip_tracking":false,"_monsterinsights_sitenote_active":false,"_monsterinsights_sitenote_note":"","_monsterinsights_sitenote_category":0},"product_brand":[],"product_cat":[12274,12284],"product_tag":[],"class_list":{"0":"post-716178","1":"product","2":"type-product","3":"status-publish","5":"product_cat-cocuk-ve-genclik-kitaplari","6":"product_cat-hikayeler","7":"pa_cilt-ciltsiz","8":"pa_tur-kitap","9":"pa_yayinevi-beyaz-balina-yayinlari","10":"pa_yazar-aurora-marsotto","12":"first","13":"instock","14":"sale","15":"shipping-taxable","16":"purchasable","17":"product-type-simple"},"_links":{"self":[{"href":"https:\/\/roveyayinevi.com.tr\/index.php\/wp-json\/wp\/v2\/product\/716178","targetHints":{"allow":["GET"]}}],"collection":[{"href":"https:\/\/roveyayinevi.com.tr\/index.php\/wp-json\/wp\/v2\/product"}],"about":[{"href":"https:\/\/roveyayinevi.com.tr\/index.php\/wp-json\/wp\/v2\/types\/product"}],"wp:attachment":[{"href":"https:\/\/roveyayinevi.com.tr\/index.php\/wp-json\/wp\/v2\/media?parent=716178"}],"wp:term":[{"taxonomy":"product_brand","embeddable":true,"href":"https:\/\/roveyayinevi.com.tr\/index.php\/wp-json\/wp\/v2\/product_brand?post=716178"},{"taxonomy":"product_cat","embeddable":true,"href":"https:\/\/roveyayinevi.com.tr\/index.php\/wp-json\/wp\/v2\/product_cat?post=716178"},{"taxonomy":"product_tag","embeddable":true,"href":"https:\/\/roveyayinevi.com.tr\/index.php\/wp-json\/wp\/v2\/product_tag?post=716178"}],"curies":[{"name":"wp","href":"https:\/\/api.w.org\/{rel}","templated":true}]}}