{"id":716177,"date":"2025-08-27T17:39:14","date_gmt":"2025-08-27T14:39:14","guid":{"rendered":"https:\/\/roveyayinevi.com.tr\/index.php\/urun\/kardeslik-savascilari-volkandan-kacis\/"},"modified":"2026-04-16T02:24:33","modified_gmt":"2026-04-15T23:24:33","slug":"kardeslik-savascilari-volkandan-kacis","status":"publish","type":"product","link":"https:\/\/roveyayinevi.com.tr\/index.php\/urun\/kardeslik-savascilari-volkandan-kacis\/","title":{"rendered":"Karde\u015flik Sava\u015f\u00e7\u0131lar\u0131 &#8211; Volkandan Ka\u00e7\u0131\u015f"},"content":{"rendered":"<p>Hallasholm\u2019da, Skandiya\u2019n\u0131n en b\u00fcy\u00fck sava\u015f\u00e7\u0131s\u0131n\u0131n se\u00e7ildi\u011fi ve g\u00fcnlerce s\u00fcren Maktig yar\u0131\u015fmas\u0131n\u0131n heyecan\u0131 ya\u015fanmaktad\u0131r. Yar\u0131\u015fman\u0131n favori sava\u015f\u00e7\u0131s\u0131 Stig\u2019in kap\u0131s\u0131, hi\u00e7 beklemedi\u011fi biri taraf\u0131ndan \u00e7al\u0131n\u0131r. Hal ve ekibi, bu ziyaret\u00e7iden Skandiya\u2019n\u0131n g\u00fcneyindeki Bizantos\u2019ta h\u00fck\u00fcm s\u00fcren \u0130mparatori\u00e7e Justinia\u2019n\u0131n o\u011flunun, zalim korsan Myrgos taraf\u0131ndan ka\u00e7\u0131r\u0131ld\u0131\u011f\u0131n\u0131 \u00f6\u011frenirler. Ve Bal\u0131k\u00e7\u0131l Karde\u015fli\u011fi, gen\u00e7 imparatoru kurtarmak \u00fczere yola koyulur. Hal ve ekibi, volkanik Santorillos Adas\u0131\u2019nda, u\u00e7urumun tepesinde tutulan gen\u00e7 imparatoru kurtarmaya \u00e7al\u0131\u015f\u0131rken volkan patlar. Bal\u0131k\u00e7\u0131l Karde\u015fli\u011fi, bu \u00f6l\u00fcmc\u00fcl patlamadan ve korsanlar\u0131n sald\u0131r\u0131s\u0131ndan kurtulabilecek mi?<\/p>\n","protected":false},"excerpt":{"rendered":"<p>Hallasholm\u2019da, Skandiya\u2019n\u0131n en b\u00fcy\u00fck sava\u015f\u00e7\u0131s\u0131n\u0131n se\u00e7ildi\u011fi ve g\u00fcnlerce s\u00fcren Maktig yar\u0131\u015fmas\u0131n\u0131n heyecan\u0131 ya\u015fanmaktad\u0131r. Yar\u0131\u015fman\u0131n favori sava\u015f\u00e7\u0131s\u0131 Stig\u2019in kap\u0131s\u0131, hi\u00e7 beklemedi\u011fi biri taraf\u0131ndan \u00e7al\u0131n\u0131r. Hal ve ekibi,<span class=\"excerpt-hellip\"> [\u2026]<\/span><\/p>\n","protected":false},"featured_media":0,"template":"","meta":{"_monsterinsights_skip_tracking":false,"_monsterinsights_sitenote_active":false,"_monsterinsights_sitenote_note":"","_monsterinsights_sitenote_category":0},"product_brand":[],"product_cat":[12291,12711],"product_tag":[],"class_list":{"0":"post-716177","1":"product","2":"type-product","3":"status-publish","5":"product_cat-edebiyat","6":"product_cat-roman-oyku","7":"pa_cilt-ciltsiz","8":"pa_tur-kitap","9":"pa_yayinevi-beyaz-balina-yayinlari","10":"pa_yazar-john-flanagan","12":"first","13":"instock","14":"sale","15":"shipping-taxable","16":"purchasable","17":"product-type-simple"},"_links":{"self":[{"href":"https:\/\/roveyayinevi.com.tr\/index.php\/wp-json\/wp\/v2\/product\/716177","targetHints":{"allow":["GET"]}}],"collection":[{"href":"https:\/\/roveyayinevi.com.tr\/index.php\/wp-json\/wp\/v2\/product"}],"about":[{"href":"https:\/\/roveyayinevi.com.tr\/index.php\/wp-json\/wp\/v2\/types\/product"}],"wp:attachment":[{"href":"https:\/\/roveyayinevi.com.tr\/index.php\/wp-json\/wp\/v2\/media?parent=716177"}],"wp:term":[{"taxonomy":"product_brand","embeddable":true,"href":"https:\/\/roveyayinevi.com.tr\/index.php\/wp-json\/wp\/v2\/product_brand?post=716177"},{"taxonomy":"product_cat","embeddable":true,"href":"https:\/\/roveyayinevi.com.tr\/index.php\/wp-json\/wp\/v2\/product_cat?post=716177"},{"taxonomy":"product_tag","embeddable":true,"href":"https:\/\/roveyayinevi.com.tr\/index.php\/wp-json\/wp\/v2\/product_tag?post=716177"}],"curies":[{"name":"wp","href":"https:\/\/api.w.org\/{rel}","templated":true}]}}