{"id":716176,"date":"2025-08-27T17:39:13","date_gmt":"2025-08-27T14:39:13","guid":{"rendered":"https:\/\/roveyayinevi.com.tr\/index.php\/urun\/theta-healing-hastaliklar-ve-rahatsizliklar\/"},"modified":"2026-04-16T02:24:32","modified_gmt":"2026-04-15T23:24:32","slug":"theta-healing-hastaliklar-ve-rahatsizliklar","status":"publish","type":"product","link":"https:\/\/roveyayinevi.com.tr\/index.php\/urun\/theta-healing-hastaliklar-ve-rahatsizliklar\/","title":{"rendered":"Theta Healing &#8211; Hastal\u0131klar ve Rahats\u0131zl\u0131klar"},"content":{"rendered":"<p>ThetaHealing tekni\u011finin yarat\u0131c\u0131s\u0131 ViannaStibal, yeni kitab\u0131yla tekni\u011fini daha da \u0130leri boyutlara ta\u015f\u0131yor.   Hastal\u0131klar\u0131 sezgisel bir bak\u0131\u015f a\u00e7\u0131s\u0131yla ortaya koyan bu k\u0131lavuz,  harika ThetaHealing\u2122 tekni\u011fini ve g\u00fc\u00e7l\u00fc uygulamalar\u0131n\u0131 k\u00fcresel bir kitleye sunan ThetaHealing\u2122 ve \u0130leri ThetaHealing\u2122 kitaplar\u0131n\u0131n devam\u0131d\u0131r. ThetaHealing\u2122 s\u00fcre\u00e7lerini bilenler i\u00e7in m\u00fckemmel bir referans olan bu kapsaml\u0131 \u00e7al\u0131\u015fma, ViannaStibal&#8217;\u0131n \u015fifa \u00e7al\u0131\u015fmas\u0131na uygun buldu\u011fu t\u00fcm programlar\u0131, inan\u00e7 sistemlerini, sezgisel g\u00f6r\u00fc\u015fleri, \u00e7\u00f6z\u00fcmleri ve takviyeleri i\u00e7eriyor. Hastal\u0131klar ve Rahats\u0131zl\u0131klar, dan\u0131\u015fanlarla yap\u0131lan  47.000&#8217;den fazla seansa dayanmaktad\u0131r. Bilgiye h\u0131zl\u0131 ula\u015f\u0131m i\u00e7in alfabetik olarak haz\u0131rlanm\u0131\u015f bu kitap, hastal\u0131klar\u0131n geni\u015f ve \u00e7e\u015fitli bir listesini ele al\u0131r ve radikal bir iyile\u015fme yoluna i\u015faret eder. Toksik duygular\u0131n hastal\u0131\u011fa katk\u0131da bulunabilece\u011fine dair artan bilimsel kan\u0131tlar neticesinde duygular\u0131n, hislerin ve d\u00fc\u015f\u00fcncelerin g\u00fcc\u00fcn\u00fcn ki\u015finin fiziksel sa\u011fl\u0131\u011f\u0131n\u0131 do\u011frudan etkiledi\u011fine dair artan fark\u0131ndal\u0131k, giderek daha fazla insan\u0131n, en m\u00fckemmel sa\u011fl\u0131\u011f\u0131n yarat\u0131lmas\u0131nda zihnin bedene etkisini de\u011fi\u015ftirmenin \u00e7ok b\u00fcy\u00fck bir \u00f6nemi oldu\u011funu fark etmesini sa\u011flamaktad\u0131r. Bu kitap, \u015fifa d\u00fcnyas\u0131nda ortaya \u00e7\u0131kan yeni paradigmaya de\u011ferli bir katk\u0131y\u0131 temsil ediyor!   V\u0131annaSt\u0131bal bir ressam, yazar, \u00f6\u011fretmen ve sezgisel okuyucudur. Amerika Birle\u015fik Devletleri, IdohaFalls&#8217;ta ya\u015famaktad\u0131r. Kendini, bu iyile\u015ftirme modelini d\u00fcnyaya yaymaya adam\u0131\u015ft\u0131r ve 25&#8217;ten fazla \u00fclkede e\u011fitmenler ve uygulay\u0131c\u0131lar yeti\u015ftirmi\u015ftir. Vianna, her \u0131rktan, her inan\u00e7tan ve her dinden insan\u0131 ThetaHealing y\u00f6ntemi hakk\u0131nda e\u011fitmek \u00fczere uluslararas\u0131 seminerler d\u00fczenlemektedir.<\/p>\n","protected":false},"excerpt":{"rendered":"<p>ThetaHealing tekni\u011finin yarat\u0131c\u0131s\u0131 ViannaStibal, yeni kitab\u0131yla tekni\u011fini daha da \u0130leri boyutlara ta\u015f\u0131yor. Hastal\u0131klar\u0131 sezgisel bir bak\u0131\u015f a\u00e7\u0131s\u0131yla ortaya koyan bu k\u0131lavuz, harika ThetaHealing\u2122 tekni\u011fini ve g\u00fc\u00e7l\u00fc<span class=\"excerpt-hellip\"> [\u2026]<\/span><\/p>\n","protected":false},"featured_media":0,"template":"","meta":{"_monsterinsights_skip_tracking":false,"_monsterinsights_sitenote_active":false,"_monsterinsights_sitenote_note":"","_monsterinsights_sitenote_category":0},"product_brand":[],"product_cat":[13366,13365],"product_tag":[],"class_list":{"0":"post-716176","1":"product","2":"type-product","3":"status-publish","5":"product_cat-diger-saglik","6":"product_cat-saglik","7":"pa_cilt-ciltsiz","8":"pa_tur-kitap","9":"pa_yayinevi-nemesis-kitap","10":"pa_yazar-vianna-stibal","12":"first","13":"instock","14":"sale","15":"shipping-taxable","16":"purchasable","17":"product-type-simple"},"_links":{"self":[{"href":"https:\/\/roveyayinevi.com.tr\/index.php\/wp-json\/wp\/v2\/product\/716176","targetHints":{"allow":["GET"]}}],"collection":[{"href":"https:\/\/roveyayinevi.com.tr\/index.php\/wp-json\/wp\/v2\/product"}],"about":[{"href":"https:\/\/roveyayinevi.com.tr\/index.php\/wp-json\/wp\/v2\/types\/product"}],"wp:attachment":[{"href":"https:\/\/roveyayinevi.com.tr\/index.php\/wp-json\/wp\/v2\/media?parent=716176"}],"wp:term":[{"taxonomy":"product_brand","embeddable":true,"href":"https:\/\/roveyayinevi.com.tr\/index.php\/wp-json\/wp\/v2\/product_brand?post=716176"},{"taxonomy":"product_cat","embeddable":true,"href":"https:\/\/roveyayinevi.com.tr\/index.php\/wp-json\/wp\/v2\/product_cat?post=716176"},{"taxonomy":"product_tag","embeddable":true,"href":"https:\/\/roveyayinevi.com.tr\/index.php\/wp-json\/wp\/v2\/product_tag?post=716176"}],"curies":[{"name":"wp","href":"https:\/\/api.w.org\/{rel}","templated":true}]}}