{"id":716175,"date":"2025-08-27T17:39:13","date_gmt":"2025-08-27T14:39:13","guid":{"rendered":"https:\/\/roveyayinevi.com.tr\/index.php\/urun\/kurtulus-2\/"},"modified":"2026-04-16T02:24:32","modified_gmt":"2026-04-15T23:24:32","slug":"kurtulus-2","status":"publish","type":"product","link":"https:\/\/roveyayinevi.com.tr\/index.php\/urun\/kurtulus-2\/","title":{"rendered":"Kurtulu\u015f"},"content":{"rendered":"<p>Ya Birlikte Sava\u015f Ya Da Tek Ba\u015f\u0131na \u00d6lDo\u011fum G\u00fcn\u00fc \u00c7ocuklar\u0131, Omeyocan gezegeninde hayatta kalmak i\u00e7in yarat\u0131lm\u0131\u015flard\u0131. Ama o gezegende ya\u015fayacak olanlar onlar de\u011fil, onlar\u0131 yaratan canavarlard\u0131. Onlar bin y\u0131ll\u0131k bir m\u00fccadelede sadece birer piyondu. Ta ki Em Savage kaderlerini ba\u015ftan yazana dek. Em, Do\u011fum G\u00fcn\u00fc \u00c7ocuklar\u0131n\u0131 birle\u015ftirip \u201cyeti\u015fkinlere\u201d ba\u015fkald\u0131rd\u0131 ve halk\u0131n\u0131 zafere ta\u015f\u0131d\u0131. Ama sava\u015f hen\u00fcz bitmedi. Gezegenleri bir uzayl\u0131 istilas\u0131 ile kar\u015f\u0131 kar\u015f\u0131ya. Bu istilac\u0131lar\u0131 gezegenlerine \u00e7a\u011f\u0131ran \u201c\u015fey\u201d ise g\u00fcnden g\u00fcne g\u00fc\u00e7leniyor. Hayatlar\u0131n\u0131n ve gezegenlerinin kurtulu\u015fu onu yenmelerine ba\u011fl\u0131. Em Savage liderlik etti\u011fi bu son sava\u015ftan galip \u00e7\u0131kmak i\u00e7in kendi varl\u0131\u011f\u0131 ile ilgili tehlikeli s\u0131rlarla ilk ve son kez y\u00fczle\u015fmek zorunda.<\/p>\n","protected":false},"excerpt":{"rendered":"<p>Ya Birlikte Sava\u015f Ya Da Tek Ba\u015f\u0131na \u00d6lDo\u011fum G\u00fcn\u00fc \u00c7ocuklar\u0131, Omeyocan gezegeninde hayatta kalmak i\u00e7in yarat\u0131lm\u0131\u015flard\u0131. Ama o gezegende ya\u015fayacak olanlar onlar de\u011fil, onlar\u0131 yaratan canavarlard\u0131.<span class=\"excerpt-hellip\"> [\u2026]<\/span><\/p>\n","protected":false},"featured_media":0,"template":"","meta":{"_monsterinsights_skip_tracking":false,"_monsterinsights_sitenote_active":false,"_monsterinsights_sitenote_note":"","_monsterinsights_sitenote_category":0},"product_brand":[],"product_cat":[12291,12711],"product_tag":[],"class_list":{"0":"post-716175","1":"product","2":"type-product","3":"status-publish","5":"product_cat-edebiyat","6":"product_cat-roman-oyku","7":"pa_cilt-ciltsiz","8":"pa_tur-kitap","9":"pa_yayinevi-go-kitap","10":"pa_yazar-scott-sigler","12":"first","13":"instock","14":"sale","15":"shipping-taxable","16":"purchasable","17":"product-type-simple"},"_links":{"self":[{"href":"https:\/\/roveyayinevi.com.tr\/index.php\/wp-json\/wp\/v2\/product\/716175","targetHints":{"allow":["GET"]}}],"collection":[{"href":"https:\/\/roveyayinevi.com.tr\/index.php\/wp-json\/wp\/v2\/product"}],"about":[{"href":"https:\/\/roveyayinevi.com.tr\/index.php\/wp-json\/wp\/v2\/types\/product"}],"wp:attachment":[{"href":"https:\/\/roveyayinevi.com.tr\/index.php\/wp-json\/wp\/v2\/media?parent=716175"}],"wp:term":[{"taxonomy":"product_brand","embeddable":true,"href":"https:\/\/roveyayinevi.com.tr\/index.php\/wp-json\/wp\/v2\/product_brand?post=716175"},{"taxonomy":"product_cat","embeddable":true,"href":"https:\/\/roveyayinevi.com.tr\/index.php\/wp-json\/wp\/v2\/product_cat?post=716175"},{"taxonomy":"product_tag","embeddable":true,"href":"https:\/\/roveyayinevi.com.tr\/index.php\/wp-json\/wp\/v2\/product_tag?post=716175"}],"curies":[{"name":"wp","href":"https:\/\/api.w.org\/{rel}","templated":true}]}}