{"id":716172,"date":"2025-08-27T17:39:10","date_gmt":"2025-08-27T14:39:10","guid":{"rendered":"https:\/\/roveyayinevi.com.tr\/index.php\/urun\/donusum-21\/"},"modified":"2026-04-12T02:29:51","modified_gmt":"2026-04-11T23:29:51","slug":"donusum-21","status":"publish","type":"product","link":"https:\/\/roveyayinevi.com.tr\/index.php\/urun\/donusum-21\/","title":{"rendered":"D\u00f6n\u00fc\u015f\u00fcm"},"content":{"rendered":"<p>Bir sabah yata\u011f\u0131nda kendini bir b\u00f6cek olarak bulan Gregor Samsa, yabanc\u0131la\u015ft\u0131\u011f\u0131 bedenine bakarken bir yandan da ona nas\u0131l davranaca\u011f\u0131n\u0131 bilemeyen aile bireylerinin ya\u015fad\u0131\u011f\u0131 \u015fokla ba\u015fa \u00e7\u0131kmaya \u00e7al\u0131\u015f\u0131r. Disiplinli ya\u015fam tarz\u0131yla ailesinin ge\u00e7imini omuzlam\u0131\u015f, gezici bir sat\u0131\u015f temsilcisi olan Gregor\u2019un zihinsel faaliyetleri, d\u00f6n\u00fc\u015fen bedenine ra\u011fmen devam etmektedir; ancak ailesi ve i\u015fe ge\u00e7 kald\u0131\u011f\u0131 i\u00e7in eve kontrole gelen patronu k\u0131sa bir \u015fa\u015fk\u0131nl\u0131k s\u00fcrecinden sonra onun art\u0131k i\u015fe yaramaz bir b\u00f6cek oldu\u011funu kabullenmek zorunda kal\u0131r.Al\u0131\u015ft\u0131\u011f\u0131 d\u00fczenden koparak ister istemez bamba\u015fka bir ya\u015fam bi\u00e7imine ge\u00e7en Gregor\u2019un iki farkl\u0131 d\u00fczlemin yaratt\u0131\u011f\u0131 gerilim hatt\u0131nda geli\u015fen \u00f6yk\u00fcs\u00fcn\u00fc yorumlamak ise Kafka\u2019n\u0131n varolu\u015f labirentinde bir \u00e7\u0131k\u0131\u015f arayan okuyucunun hayal g\u00fcc\u00fcne kal\u0131yor.Hayata ba\u015fkald\u0131rd\u0131\u011f\u0131, ba\u015fka bir deyi\u015fle genel-ge\u00e7er normlarla uzla\u015fmay\u0131 kabul etmedi\u011fi i\u00e7in koyu bir yaln\u0131zl\u0131\u011fa itilen bir bireyin aile i\u00e7inde ezilmesini ve toplumsal anlamda hi\u00e7le\u015fmesini okurken, siz de Gregor\u2019la ayn\u0131 odaya kapat\u0131lm\u0131\u015f, onun g\u00f6z\u00fcnden d\u0131\u015far\u0131ya bakarken bulacaks\u0131n\u0131z kendinizi.<\/p>\n","protected":false},"excerpt":{"rendered":"<p>Bir sabah yata\u011f\u0131nda kendini bir b\u00f6cek olarak bulan Gregor Samsa, yabanc\u0131la\u015ft\u0131\u011f\u0131 bedenine bakarken bir yandan da ona nas\u0131l davranaca\u011f\u0131n\u0131 bilemeyen aile bireylerinin ya\u015fad\u0131\u011f\u0131 \u015fokla ba\u015fa \u00e7\u0131kmaya<span class=\"excerpt-hellip\"> [\u2026]<\/span><\/p>\n","protected":false},"featured_media":0,"template":"","meta":{"_monsterinsights_skip_tracking":false,"_monsterinsights_sitenote_active":false,"_monsterinsights_sitenote_note":"","_monsterinsights_sitenote_category":0},"product_brand":[],"product_cat":[12291,12711],"product_tag":[],"class_list":{"0":"post-716172","1":"product","2":"type-product","3":"status-publish","5":"product_cat-edebiyat","6":"product_cat-roman-oyku","7":"pa_cilt-ciltsiz","8":"pa_tur-kitap","9":"pa_yayinevi-koridor-yayincilik","10":"pa_yazar-franz-kafka","12":"first","13":"instock","14":"sale","15":"shipping-taxable","16":"purchasable","17":"product-type-simple"},"_links":{"self":[{"href":"https:\/\/roveyayinevi.com.tr\/index.php\/wp-json\/wp\/v2\/product\/716172","targetHints":{"allow":["GET"]}}],"collection":[{"href":"https:\/\/roveyayinevi.com.tr\/index.php\/wp-json\/wp\/v2\/product"}],"about":[{"href":"https:\/\/roveyayinevi.com.tr\/index.php\/wp-json\/wp\/v2\/types\/product"}],"wp:attachment":[{"href":"https:\/\/roveyayinevi.com.tr\/index.php\/wp-json\/wp\/v2\/media?parent=716172"}],"wp:term":[{"taxonomy":"product_brand","embeddable":true,"href":"https:\/\/roveyayinevi.com.tr\/index.php\/wp-json\/wp\/v2\/product_brand?post=716172"},{"taxonomy":"product_cat","embeddable":true,"href":"https:\/\/roveyayinevi.com.tr\/index.php\/wp-json\/wp\/v2\/product_cat?post=716172"},{"taxonomy":"product_tag","embeddable":true,"href":"https:\/\/roveyayinevi.com.tr\/index.php\/wp-json\/wp\/v2\/product_tag?post=716172"}],"curies":[{"name":"wp","href":"https:\/\/api.w.org\/{rel}","templated":true}]}}