{"id":716171,"date":"2025-08-27T17:39:10","date_gmt":"2025-08-27T14:39:10","guid":{"rendered":"https:\/\/roveyayinevi.com.tr\/index.php\/urun\/gelecegi-icat-etmek-postkapitalizm-ve-calismanin-olmadigi-bir-dunya\/"},"modified":"2026-04-16T02:24:32","modified_gmt":"2026-04-15T23:24:32","slug":"gelecegi-icat-etmek-postkapitalizm-ve-calismanin-olmadigi-bir-dunya","status":"publish","type":"product","link":"https:\/\/roveyayinevi.com.tr\/index.php\/urun\/gelecegi-icat-etmek-postkapitalizm-ve-calismanin-olmadigi-bir-dunya\/","title":{"rendered":"Gelece\u011fi \u0130cat Etmek: Postkapitalizm ve \u00c7al\u0131\u015fman\u0131n Olmad\u0131\u011f\u0131 Bir D\u00fcnya"},"content":{"rendered":"<p>Herkesin Sevece\u011fi \u00dctopya: \u00c7al\u0131\u015fman\u0131n Olmad\u0131\u011f\u0131 Bir D\u00fcnyaSiyaset teorisi, dijital ekonomi ve sosyoloji alanlar\u0131nda uzmanla\u015fan iki yazar ve akademisyenin, Nick Srnicek ile Alex Williams\u2019\u0131n ortak imzas\u0131n\u0131 ta\u015f\u0131yan Gelece\u011fi \u0130cat Etmek: Postkapitalizm ve \u00c7al\u0131\u015fman\u0131n Olmad\u0131\u011f\u0131 Bir D\u00fcnya, kapitalizmin olmad\u0131\u011f\u0131 bir gelecek tahayy\u00fcl\u00fcne sahip \u00e7\u0131karak sol siyaseti somut ad\u0131mlar atmaya davet ediyor.Delidolu&#8217;nun \u201cNe Yapmal\u0131?\u201d temal\u0131 kurmaca d\u0131\u015f\u0131 eserler koleksiyonunda yerini alan kitap, \u201cG\u00fcncel sol siyaseti bug\u00fcn\u00fcn teknolojik d\u00fcnyas\u0131nda nas\u0131l etkili k\u0131labiliriz?\u201d sorusuna yan\u0131t ararken hem k\u00fcresel neoliberalizmi hem de \u201c\u00e7al\u0131\u015fma\u201d fikrini mercek alt\u0131na al\u0131yor.Toplumsal hareketler \u00fczerine en g\u00fcncel teorik \u00e7er\u00e7eveden beslenen bu kapsaml\u0131 \u00e7al\u0131\u015fma, siyaset bilimi, iktisat, ileti\u015fim ve sosyoloji ba\u015fta olmak \u00fczere sosyal bilimlerin \u00e7e\u015fitli alanlar\u0131nda e\u011fitim alan \u00f6\u011frenciler ile bu alanlarda \u00e7al\u0131\u015fan akademisyenlerin yan\u0131 s\u0131ra g\u00fcncel siyasetle ilgilenen kitapseverlere ve aktivistlere de hitap ediyor.Teknolojideki ilerlemeler ve dijitalle\u015fme ya\u015famlar\u0131m\u0131z\u0131 radikal bir bi\u00e7imde d\u00f6n\u00fc\u015ft\u00fcr\u00fcrken gelecek \u00fczerine d\u00fc\u015f\u00fcnmenin ve yeni bir d\u00fcnya icat etmenin vakti geldi de ge\u00e7iyor bile. Srnicek ve Williams, bu g\u00f6reve talip olan sol siyasetlerin, teknolojiyle ilgili \u00f6nyarg\u0131lar\u0131 ve hapsolduklar\u0131 yerel savunma siyasetleri nedeniyle s\u0131n\u0131rl\u0131 kald\u0131klar\u0131n\u0131 ifade ederek k\u00fcresel kapitalizmin ancak evrensel bir vizyonla alt edilebilece\u011fini s\u00f6yl\u00fcyor. Antikapitalist m\u00fccadeleye ve g\u00fcn\u00fcm\u00fcz\u00fcn toplumsal hareketlerine dair g\u00fcncel bir bak\u0131\u015f vadeden bu \u00e7al\u0131\u015fma, kapitalizmin olmad\u0131\u011f\u0131 bir d\u00fcnya hayalini her zamankinden daha ge\u00e7erli ve g\u00fc\u00e7l\u00fc k\u0131l\u0131yor.&#8221;\u0130nsanl\u0131\u011f\u0131n gelece\u011fi, teknolojik d\u00f6n\u00fc\u015f\u00fcmdeki \u00f6zg\u00fcrle\u015fmeye s\u0131k\u0131 s\u0131k\u0131ya ba\u011fl\u0131d\u0131r. Ge\u00e7erlili\u011fini korumak ve siyasal a\u00e7\u0131dan etkili kalmak isteyen her hareketin teknolojik d\u00fcnyam\u0131zdaki imk\u00e2n ve geli\u015fmeleri yakalamas\u0131 gerekir. Sol \u015fimdiki h\u00e2liyle ne g\u00fcn\u00fcm\u00fczde kalabilir ne de ge\u00e7mi\u015fe d\u00f6nebilir.Yeni ve daha iyi bir gelecek kurmak i\u00e7in yeni bir hegemonya in\u015fa etmemiz ve bunun i\u00e7in de gerekli ad\u0131mlar\u0131 atmam\u0131z gerekiyor. Kolektif hayal g\u00fcc\u00fcm\u00fcz\u00fc kapitalizmin koydu\u011fu s\u0131n\u0131rlar\u0131n \u00f6tesine ta\u015f\u0131mak zorunday\u0131z. Bug\u00fcn ne kadar sa\u011flam g\u00f6r\u00fcn\u00fcrse g\u00f6r\u00fcns\u00fcn, neoliberalizmin gelece\u011fi de g\u00fcvende de\u011fildir.\u015eimdiye dek tan\u0131k oldu\u011fumuz b\u00fct\u00fcn toplumsal sistemler gibi neoliberalizm de sonsuza kadar s\u00fcrmeyecektir. Bug\u00fcn bize d\u00fc\u015fen, neoliberalizmden sonras\u0131n\u0131 icat etmektir.&#8221;<\/p>\n","protected":false},"excerpt":{"rendered":"<p>Herkesin Sevece\u011fi \u00dctopya: \u00c7al\u0131\u015fman\u0131n Olmad\u0131\u011f\u0131 Bir D\u00fcnyaSiyaset teorisi, dijital ekonomi ve sosyoloji alanlar\u0131nda uzmanla\u015fan iki yazar ve akademisyenin, Nick Srnicek ile Alex Williams\u2019\u0131n ortak imzas\u0131n\u0131 ta\u015f\u0131yan<span class=\"excerpt-hellip\"> [\u2026]<\/span><\/p>\n","protected":false},"featured_media":0,"template":"","meta":{"_monsterinsights_skip_tracking":false,"_monsterinsights_sitenote_active":false,"_monsterinsights_sitenote_note":"","_monsterinsights_sitenote_category":0},"product_brand":[],"product_cat":[14787,13488],"product_tag":[],"class_list":{"0":"post-716171","1":"product","2":"type-product","3":"status-publish","5":"product_cat-diger-toplum-ve-insan","6":"product_cat-toplum-ve-insan","7":"pa_cilt-ciltsiz","8":"pa_tur-kitap","9":"pa_yayinevi-delidolu","10":"pa_yazar-nick-srnicek-alex-williams","12":"first","13":"instock","14":"sale","15":"shipping-taxable","16":"purchasable","17":"product-type-simple"},"_links":{"self":[{"href":"https:\/\/roveyayinevi.com.tr\/index.php\/wp-json\/wp\/v2\/product\/716171","targetHints":{"allow":["GET"]}}],"collection":[{"href":"https:\/\/roveyayinevi.com.tr\/index.php\/wp-json\/wp\/v2\/product"}],"about":[{"href":"https:\/\/roveyayinevi.com.tr\/index.php\/wp-json\/wp\/v2\/types\/product"}],"wp:attachment":[{"href":"https:\/\/roveyayinevi.com.tr\/index.php\/wp-json\/wp\/v2\/media?parent=716171"}],"wp:term":[{"taxonomy":"product_brand","embeddable":true,"href":"https:\/\/roveyayinevi.com.tr\/index.php\/wp-json\/wp\/v2\/product_brand?post=716171"},{"taxonomy":"product_cat","embeddable":true,"href":"https:\/\/roveyayinevi.com.tr\/index.php\/wp-json\/wp\/v2\/product_cat?post=716171"},{"taxonomy":"product_tag","embeddable":true,"href":"https:\/\/roveyayinevi.com.tr\/index.php\/wp-json\/wp\/v2\/product_tag?post=716171"}],"curies":[{"name":"wp","href":"https:\/\/api.w.org\/{rel}","templated":true}]}}