{"id":716170,"date":"2025-08-27T17:39:09","date_gmt":"2025-08-27T14:39:09","guid":{"rendered":"https:\/\/roveyayinevi.com.tr\/index.php\/urun\/golgelerin-efendisi-ilk-yillar-2-hackham-cayiri-savasi\/"},"modified":"2026-04-16T02:24:32","modified_gmt":"2026-04-15T23:24:32","slug":"golgelerin-efendisi-ilk-yillar-2-hackham-cayiri-savasi","status":"publish","type":"product","link":"https:\/\/roveyayinevi.com.tr\/index.php\/urun\/golgelerin-efendisi-ilk-yillar-2-hackham-cayiri-savasi\/","title":{"rendered":"G\u00f6lgelerin Efendisi \u0130lk Y\u0131llar 2 &#8211; Hackham \u00c7ay\u0131r\u0131 Sava\u015f\u0131"},"content":{"rendered":"<p>\u0130lk Y\u0131llar, G\u00f6lgelerin Efendisi serisinin ilk kitab\u0131ndan 15 y\u0131l \u00f6nce ge\u00e7en olaylar\u0131 anlat\u0131yor\u2026Gorlan\u2019da d\u00fczenlenen turnuvan\u0131n ard\u0131ndan Ya\u011fmur ve Gece Da\u011flar\u0131\u2019na ka\u00e7an Morgarath, Araluen Krall\u0131\u011f\u0131\u2019na sava\u015f a\u00e7maya haz\u0131rlanmaktad\u0131r. Korkun\u00e7 Wargallar\u0131 zihinsel yolla kontrol eden Kara Lord\u2019un kalabal\u0131k ordusuna kar\u015f\u0131l\u0131k, Kral Duncan\u2019\u0131n elinde \u00e7ok az asker vard\u0131r. Crowley ve Halt\u2019un \u00e7abas\u0131yla eski g\u00fcc\u00fcne kavu\u015fmaya ba\u015flayan Orman Muhaf\u0131zlar\u0131 Birli\u011fi de ordunun destek kuvveti olur.Araluen ordusunun son savunma hatt\u0131, Hackham \u00c7ay\u0131r\u0131 olacakt\u0131r. Halt\u2019un Wargallar hakk\u0131nda \u00f6\u011frendi\u011fi ilgin\u00e7 ger\u00e7ek, Morgarath\u2019\u0131 yenmelerini sa\u011flayabilecek midir?<\/p>\n","protected":false},"excerpt":{"rendered":"<p>\u0130lk Y\u0131llar, G\u00f6lgelerin Efendisi serisinin ilk kitab\u0131ndan 15 y\u0131l \u00f6nce ge\u00e7en olaylar\u0131 anlat\u0131yor\u2026Gorlan\u2019da d\u00fczenlenen turnuvan\u0131n ard\u0131ndan Ya\u011fmur ve Gece Da\u011flar\u0131\u2019na ka\u00e7an Morgarath, Araluen Krall\u0131\u011f\u0131\u2019na sava\u015f a\u00e7maya<span class=\"excerpt-hellip\"> [\u2026]<\/span><\/p>\n","protected":false},"featured_media":0,"template":"","meta":{"_monsterinsights_skip_tracking":false,"_monsterinsights_sitenote_active":false,"_monsterinsights_sitenote_note":"","_monsterinsights_sitenote_category":0},"product_brand":[],"product_cat":[12274,12284],"product_tag":[],"class_list":{"0":"post-716170","1":"product","2":"type-product","3":"status-publish","5":"product_cat-cocuk-ve-genclik-kitaplari","6":"product_cat-hikayeler","7":"pa_cilt-ciltsiz","8":"pa_tur-kitap","9":"pa_yayinevi-beyaz-balina-yayinlari","10":"pa_yazar-john-flanagan","12":"first","13":"instock","14":"sale","15":"shipping-taxable","16":"purchasable","17":"product-type-simple"},"_links":{"self":[{"href":"https:\/\/roveyayinevi.com.tr\/index.php\/wp-json\/wp\/v2\/product\/716170","targetHints":{"allow":["GET"]}}],"collection":[{"href":"https:\/\/roveyayinevi.com.tr\/index.php\/wp-json\/wp\/v2\/product"}],"about":[{"href":"https:\/\/roveyayinevi.com.tr\/index.php\/wp-json\/wp\/v2\/types\/product"}],"wp:attachment":[{"href":"https:\/\/roveyayinevi.com.tr\/index.php\/wp-json\/wp\/v2\/media?parent=716170"}],"wp:term":[{"taxonomy":"product_brand","embeddable":true,"href":"https:\/\/roveyayinevi.com.tr\/index.php\/wp-json\/wp\/v2\/product_brand?post=716170"},{"taxonomy":"product_cat","embeddable":true,"href":"https:\/\/roveyayinevi.com.tr\/index.php\/wp-json\/wp\/v2\/product_cat?post=716170"},{"taxonomy":"product_tag","embeddable":true,"href":"https:\/\/roveyayinevi.com.tr\/index.php\/wp-json\/wp\/v2\/product_tag?post=716170"}],"curies":[{"name":"wp","href":"https:\/\/api.w.org\/{rel}","templated":true}]}}