{"id":716168,"date":"2025-08-27T17:39:07","date_gmt":"2025-08-27T14:39:07","guid":{"rendered":"https:\/\/roveyayinevi.com.tr\/index.php\/urun\/benim-adim-salah\/"},"modified":"2026-04-16T02:24:32","modified_gmt":"2026-04-15T23:24:32","slug":"benim-adim-salah","status":"publish","type":"product","link":"https:\/\/roveyayinevi.com.tr\/index.php\/urun\/benim-adim-salah\/","title":{"rendered":"Benim Ad\u0131m Salah"},"content":{"rendered":"<p>\u201c\u015eu an, yery\u00fcz\u00fcndeki en iyi futbolcu o!\u201d- Steven GerrardM\u0131s\u0131rl\u0131 oyuncu Muhammed Salah, do\u011fup b\u00fcy\u00fcd\u00fc\u011f\u00fc Nagrig k\u00f6y\u00fcndeki sahaya ad\u0131m att\u0131\u011f\u0131 g\u00fcnden beri b\u00fcy\u00fck hayaller kurdu. \u00c7ocukken, antrenman yapabilmek i\u00e7in saatlerce yolculuk etmek zorunda kald\u0131 ama t\u00fcm emeklerinin kar\u015f\u0131l\u0131\u011f\u0131n\u0131 ald\u0131. Bug\u00fcn gerek Liverpool\u2019un gerekse M\u0131s\u0131r Milli Tak\u0131m\u0131\u2019n\u0131n forveti olarak harikalar yarat\u0131yor. \u00c7\u00fcnk\u00fc El Mokawloon\u2019daki eski hocas\u0131 Hamdi Nooh\u2019un s\u00f6z\u00fcn\u00fc hi\u00e7 unutmuyor: \u201cB\u00fcy\u00fck y\u0131ld\u0131zlar, kendilerini geli\u015ftirmeye hep devam ederler.\u201d<\/p>\n","protected":false},"excerpt":{"rendered":"<p>\u201c\u015eu an, yery\u00fcz\u00fcndeki en iyi futbolcu o!\u201d- Steven GerrardM\u0131s\u0131rl\u0131 oyuncu Muhammed Salah, do\u011fup b\u00fcy\u00fcd\u00fc\u011f\u00fc Nagrig k\u00f6y\u00fcndeki sahaya ad\u0131m att\u0131\u011f\u0131 g\u00fcnden beri b\u00fcy\u00fck hayaller kurdu. \u00c7ocukken, antrenman<span class=\"excerpt-hellip\"> [\u2026]<\/span><\/p>\n","protected":false},"featured_media":0,"template":"","meta":{"_monsterinsights_skip_tracking":false,"_monsterinsights_sitenote_active":false,"_monsterinsights_sitenote_note":"","_monsterinsights_sitenote_category":0},"product_brand":[],"product_cat":[15563,15564],"product_tag":[],"class_list":{"0":"post-716168","1":"product","2":"type-product","3":"status-publish","5":"product_cat-hobi","6":"product_cat-spor","7":"pa_cilt-ciltsiz","8":"pa_tur-kitap","9":"pa_yayinevi-beyaz-balina-yayinlari","10":"pa_yazar-matt-oldfield-tom-oldfield","12":"first","13":"instock","14":"sale","15":"shipping-taxable","16":"purchasable","17":"product-type-simple"},"_links":{"self":[{"href":"https:\/\/roveyayinevi.com.tr\/index.php\/wp-json\/wp\/v2\/product\/716168","targetHints":{"allow":["GET"]}}],"collection":[{"href":"https:\/\/roveyayinevi.com.tr\/index.php\/wp-json\/wp\/v2\/product"}],"about":[{"href":"https:\/\/roveyayinevi.com.tr\/index.php\/wp-json\/wp\/v2\/types\/product"}],"wp:attachment":[{"href":"https:\/\/roveyayinevi.com.tr\/index.php\/wp-json\/wp\/v2\/media?parent=716168"}],"wp:term":[{"taxonomy":"product_brand","embeddable":true,"href":"https:\/\/roveyayinevi.com.tr\/index.php\/wp-json\/wp\/v2\/product_brand?post=716168"},{"taxonomy":"product_cat","embeddable":true,"href":"https:\/\/roveyayinevi.com.tr\/index.php\/wp-json\/wp\/v2\/product_cat?post=716168"},{"taxonomy":"product_tag","embeddable":true,"href":"https:\/\/roveyayinevi.com.tr\/index.php\/wp-json\/wp\/v2\/product_tag?post=716168"}],"curies":[{"name":"wp","href":"https:\/\/api.w.org\/{rel}","templated":true}]}}