{"id":716167,"date":"2025-08-27T17:39:07","date_gmt":"2025-08-27T14:39:07","guid":{"rendered":"https:\/\/roveyayinevi.com.tr\/index.php\/urun\/evliya-celebi-seyahatnamesinde-istanbul\/"},"modified":"2026-04-16T02:24:32","modified_gmt":"2026-04-15T23:24:32","slug":"evliya-celebi-seyahatnamesinde-istanbul","status":"publish","type":"product","link":"https:\/\/roveyayinevi.com.tr\/index.php\/urun\/evliya-celebi-seyahatnamesinde-istanbul\/","title":{"rendered":"Evliya \u00c7elebi Seyahatnamesinde \u0130stanbul"},"content":{"rendered":"<p>14 y\u0131l kadar \u00f6nce Prof. M\u00fcmtaz Turhan\u2019\u0131n yan\u0131nda pek gen\u00e7 ve hevesli bir asistand\u0131m. O tarihlerde Prof. Turhan, k\u00fclt\u00fcr faaliyetlerine yard\u0131m etmek isteyen bir bankan\u0131n m\u00e2l\u00ee deste\u011fini sa\u011flayarak T\u00fcrk k\u00fclt\u00fcr tarihi \u00fczerinde geni\u015f bir ara\u015ft\u0131rma yapmak ve k\u00fclt\u00fcr de\u011fi\u015fmelerini tarih i\u00e7indeki geli\u015fme seyrine g\u00f6re incelemek istiyordu. Bu ara\u015ft\u0131rma biri ar\u015fiv kaynaklar\u0131, di\u011feri T\u00fcrkiye ve T\u00fcrkler hakk\u0131nda yerli yabanc\u0131 kitaplar olmak \u00fczere bilhassa iki sahada y\u00fcr\u00fct\u00fclecekti. Yard\u0131m va\u2019deden m\u00fcessesenin sonradan vazge\u00e7mesi \u00fczerine bu te\u015febb\u00fcs hen\u00fcz ekip kurma safhas\u0131nda sona ermi\u015f oldu. Kendisi benim bu sahada \u00e7al\u0131\u015fmam\u0131 istiyor, fakat temel psikolojide sa\u011flam bir kariyer yapmadan, yani do\u00e7ent olmadan b\u00f6yle bir faaliyete giri\u015fmemi kat\u2019iyen do\u011fru bulmuyordu. Pek gen\u00e7 ve tecr\u00fcbesiz bir \u00e7a\u011f\u0131mda hakikaten b\u00f6yle bir maceraya at\u0131lmaktan ka\u00e7\u0131nd\u0131m, fakat T\u00fcrk k\u00fclt\u00fcr\u00fcn\u00fcn kaynak eserleri ile olan m\u00fcnasebetimi hi\u00e7 kesmedim. \u0130\u015fte Evliy\u00e2 \u00c7elebi Seyahatn\u00e2mesi \u00fczerindeki \u00e7al\u0131\u015fmalar\u0131m o al\u00e2kan\u0131n bir neticesidir. Ben  tarih\u00e7i de\u011filim, bu y\u00fczden Evliy\u00e2 \u00c7elebi Seyahatnamesi\u2019nin kar\u015f\u0131la\u015ft\u0131rmal\u0131 ve tenk\u00eetli bir bas\u0131m\u0131n\u0131 yapmak, hem ilgimin hem de bilgimin \u00f6tesindedir. Ben sadece T\u00fcrk k\u00fclt\u00fcr tarihini ara\u015ft\u0131ran bir sosyal psikolog olarak, 17. y\u00fczy\u0131l T\u00fcrk hayat\u0131n\u0131n en k\u0131ymetli kaynaklar\u0131ndan birinin metnini sunmak istiyorum. S\u00f6z\u00fc uzatmaktansa sizleri Evliy\u00e2 \u00c7elebi ile ba\u015f ba\u015fa b\u0131rakmak daha iyi olur. Erol G\u00fcng\u00f6r<\/p>\n","protected":false},"excerpt":{"rendered":"<p>14 y\u0131l kadar \u00f6nce Prof. M\u00fcmtaz Turhan\u2019\u0131n yan\u0131nda pek gen\u00e7 ve hevesli bir asistand\u0131m. O tarihlerde Prof. Turhan, k\u00fclt\u00fcr faaliyetlerine yard\u0131m etmek isteyen bir bankan\u0131n m\u00e2l\u00ee<span class=\"excerpt-hellip\"> [\u2026]<\/span><\/p>\n","protected":false},"featured_media":0,"template":"","meta":{"_monsterinsights_skip_tracking":false,"_monsterinsights_sitenote_active":false,"_monsterinsights_sitenote_note":"","_monsterinsights_sitenote_category":0},"product_brand":[],"product_cat":[13055,13054],"product_tag":[],"class_list":{"0":"post-716167","1":"product","2":"type-product","3":"status-publish","5":"product_cat-gezi-rehberi","6":"product_cat-gezi-ve-rehber-kitaplari","7":"pa_cilt-ciltsiz","8":"pa_tur-kitap","9":"pa_yayinevi-altinordu-yayinlari","10":"pa_yazar-erol-gungor","12":"first","13":"instock","14":"sale","15":"shipping-taxable","16":"purchasable","17":"product-type-simple"},"_links":{"self":[{"href":"https:\/\/roveyayinevi.com.tr\/index.php\/wp-json\/wp\/v2\/product\/716167","targetHints":{"allow":["GET"]}}],"collection":[{"href":"https:\/\/roveyayinevi.com.tr\/index.php\/wp-json\/wp\/v2\/product"}],"about":[{"href":"https:\/\/roveyayinevi.com.tr\/index.php\/wp-json\/wp\/v2\/types\/product"}],"wp:attachment":[{"href":"https:\/\/roveyayinevi.com.tr\/index.php\/wp-json\/wp\/v2\/media?parent=716167"}],"wp:term":[{"taxonomy":"product_brand","embeddable":true,"href":"https:\/\/roveyayinevi.com.tr\/index.php\/wp-json\/wp\/v2\/product_brand?post=716167"},{"taxonomy":"product_cat","embeddable":true,"href":"https:\/\/roveyayinevi.com.tr\/index.php\/wp-json\/wp\/v2\/product_cat?post=716167"},{"taxonomy":"product_tag","embeddable":true,"href":"https:\/\/roveyayinevi.com.tr\/index.php\/wp-json\/wp\/v2\/product_tag?post=716167"}],"curies":[{"name":"wp","href":"https:\/\/api.w.org\/{rel}","templated":true}]}}