{"id":716166,"date":"2025-08-27T17:39:06","date_gmt":"2025-08-27T14:39:06","guid":{"rendered":"https:\/\/roveyayinevi.com.tr\/index.php\/urun\/ne-guzeldik-eskiden\/"},"modified":"2026-04-16T02:24:32","modified_gmt":"2026-04-15T23:24:32","slug":"ne-guzeldik-eskiden","status":"publish","type":"product","link":"https:\/\/roveyayinevi.com.tr\/index.php\/urun\/ne-guzeldik-eskiden\/","title":{"rendered":"Ne G\u00fczeldik Eskiden"},"content":{"rendered":"<p>Gidiyorum\u2026 Veda etmek istemeden gidiyorum\u2026 \u0130stemeyerek gidiyorum\u2026 Beni ben yapan duygular\u0131mla gidiyorum\u2026 Gitmek mi kolayd\u0131 yoksa kalmak m\u0131? \u0130kisi de zor! Gitmek istemeden gitmek zorunda olmak da, kalmak istemeden kalmak da\u2026 Nesrin\u2026 \u0130sminin anlam\u0131 \u2018\u2019Yaban G\u00fcl\u00fc\u2019\u2019\u2026 Ver bir yaban g\u00fcl\u00fc misali f\u0131rt\u0131nalarla, sert r\u00fczgarlarla ge\u00e7en, destans\u0131 hayat m\u00fccadelesi\u2026 Y\u0131lmamak, y\u0131k\u0131lmamak; ve her \u015feyden \u00f6nce g\u00fc\u00e7l\u00fc oldu\u011funa inanmakla ya\u015fanan \u00e7etin bir imtihan\u2026 Sabr\u0131n ve inanc\u0131n, ne denli s\u0131rl\u0131 kap\u0131lar a\u00e7abildi\u011finin b\u00fcy\u00fcl\u00fc anlat\u0131m\u0131\u2026 Her bir sayfas\u0131, dupduru bir nehir gibi ak\u0131p giden bir anlat\u0131m\u2026 \u2018\u2019NE G\u00dcZELD\u0130N ESK\u0130DEN\u2019\u2019\u2026 \u00d6ylesine bizden ve \u00f6ylesine i\u00e7imizden bir hayat\u0131, s\u0131cac\u0131k duygularla harmanlayan, Yazar Kadriye Turhan\u2019\u0131n g\u00f6n\u00fcller ayna tutan roman\u0131\u2026 Sizleri bir anlat\u0131y\u0131 okumaya de\u011fil, ya\u015famaya davet ediyor\u2026 <\/p>\n","protected":false},"excerpt":{"rendered":"<p>Gidiyorum\u2026 Veda etmek istemeden gidiyorum\u2026 \u0130stemeyerek gidiyorum\u2026 Beni ben yapan duygular\u0131mla gidiyorum\u2026 Gitmek mi kolayd\u0131 yoksa kalmak m\u0131? \u0130kisi de zor! Gitmek istemeden gitmek zorunda olmak<span class=\"excerpt-hellip\"> [\u2026]<\/span><\/p>\n","protected":false},"featured_media":0,"template":"","meta":{"_monsterinsights_skip_tracking":false,"_monsterinsights_sitenote_active":false,"_monsterinsights_sitenote_note":"","_monsterinsights_sitenote_category":0},"product_brand":[],"product_cat":[12291,12711],"product_tag":[],"class_list":{"0":"post-716166","1":"product","2":"type-product","3":"status-publish","5":"product_cat-edebiyat","6":"product_cat-roman-oyku","7":"pa_cilt-ciltsiz","8":"pa_tur-kitap","9":"pa_yayinevi-cinaralti-yayinlari","10":"pa_yazar-kadriye-turhan","12":"first","13":"instock","14":"sale","15":"shipping-taxable","16":"purchasable","17":"product-type-simple"},"_links":{"self":[{"href":"https:\/\/roveyayinevi.com.tr\/index.php\/wp-json\/wp\/v2\/product\/716166","targetHints":{"allow":["GET"]}}],"collection":[{"href":"https:\/\/roveyayinevi.com.tr\/index.php\/wp-json\/wp\/v2\/product"}],"about":[{"href":"https:\/\/roveyayinevi.com.tr\/index.php\/wp-json\/wp\/v2\/types\/product"}],"wp:attachment":[{"href":"https:\/\/roveyayinevi.com.tr\/index.php\/wp-json\/wp\/v2\/media?parent=716166"}],"wp:term":[{"taxonomy":"product_brand","embeddable":true,"href":"https:\/\/roveyayinevi.com.tr\/index.php\/wp-json\/wp\/v2\/product_brand?post=716166"},{"taxonomy":"product_cat","embeddable":true,"href":"https:\/\/roveyayinevi.com.tr\/index.php\/wp-json\/wp\/v2\/product_cat?post=716166"},{"taxonomy":"product_tag","embeddable":true,"href":"https:\/\/roveyayinevi.com.tr\/index.php\/wp-json\/wp\/v2\/product_tag?post=716166"}],"curies":[{"name":"wp","href":"https:\/\/api.w.org\/{rel}","templated":true}]}}