{"id":716165,"date":"2025-08-27T17:39:05","date_gmt":"2025-08-27T14:39:05","guid":{"rendered":"https:\/\/roveyayinevi.com.tr\/index.php\/urun\/siir-sair-ve-peygambere-dair\/"},"modified":"2026-04-16T02:24:32","modified_gmt":"2026-04-15T23:24:32","slug":"siir-sair-ve-peygambere-dair","status":"publish","type":"product","link":"https:\/\/roveyayinevi.com.tr\/index.php\/urun\/siir-sair-ve-peygambere-dair\/","title":{"rendered":"\u015eiir, \u015eair ve Peygamber&#8217;e Dair"},"content":{"rendered":"<p>Arap edebiyat\u0131 tarih\u00e7ileri Arap \u015fiirini c\u00e2hiliye, erken d\u00f6nem \u0130sl\u00e2m (Hz. Peygamber ve Hulefa-i Ra\u015fid\u00een), Emeviler, Abbasiler, T\u00fcrk d\u00f6nemi ve \u00e7a\u011fda\u015f d\u00f6nem olmak \u00fczere alt\u0131 ayr\u0131 devrede ele al\u0131rlar. Bu kitab\u0131n konusu ise erken d\u00f6nem \u0130sl\u00e2m\u2019\u0131n Hz. Peygamber\u2019in ya\u015fad\u0131\u011f\u0131 d\u00f6nem ile s\u0131n\u0131rl\u0131 olan k\u0131sm\u0131d\u0131r. \u015eiir, Hz. Peygamber\u2019e vazifesinin tebli\u011f edilmesinden vefat\u0131na kadar ge\u00e7en 22 y\u0131ll\u0131k s\u00fcrenin \u00fc\u00e7 farkl\u0131 d\u00f6neminde \u00fc\u00e7 farkl\u0131 \u015fekilde de\u011ferlendirilmi\u015ftir. \u0130lki vahyin ba\u015flad\u0131\u011f\u0131 d\u00f6nemdir ve bu d\u00f6nemde vahyi korumak ve onun Allah kel\u00e2m\u0131 oldu\u011funu iyice belirtmek i\u00e7in \u015fiirden uzak durulmu\u015f ve \u015fiir \u00f6v\u00fclmekten sak\u0131n\u0131lm\u0131\u015ft\u0131r. \u0130kinci d\u00f6nem vahyin Allah kel\u00e2m\u0131 oldu\u011fu kabul edildikten sonra M\u00fcsl\u00fcmanlarla m\u00fc\u015friklerin sava\u015fmaya ba\u015flad\u0131klar\u0131 d\u00f6nemdir. Bu d\u00f6nemde, m\u00fc\u015friklerle hem meydanlarda k\u0131l\u0131\u00e7 ve okla hem de m\u00fc\u015frik \u015fairlerin hicviyelerine \u015fiir ile kar\u015f\u0131l\u0131k verilerek m\u00fccadele edilmi\u015ftir, bazen \u015fairlerin s\u00f6yledikleri hicviyeler oklardan \u00e7ok daha tesirli olmu\u015ftur. \u00dc\u00e7\u00fcnc\u00fc d\u00f6nem ise fethin tamamlanmas\u0131ndan sonraki d\u00f6nemdir. Burada \u015fiir ger\u00e7ek anlam\u0131n\u0131 bulur. Art\u0131k o, \u0130sl\u00e2m\u2019\u0131n temel ilkelerinin ve g\u00fczel ahl\u00e2k\u0131n yayg\u0131nla\u015ft\u0131r\u0131c\u0131s\u0131 olarak s\u00f6ylenmeye ba\u015flanm\u0131\u015f, tasavvufun M\u00fcsl\u00fcmanlar aras\u0131nda iyice yerle\u015fmesiyle de meseleye irfan\u00ee bir boyut kat\u0131lm\u0131\u015f, \u015fiir ger\u00e7ek mahiyetine kavu\u015fmu\u015f, \u0130sl\u00e2m\u00eele\u015fmi\u015ftir. Bu kitapta \u0130sl\u00e2m&#8217;\u0131n do\u011fu\u015f d\u00f6neminde \u015fiirin ser\u00fcveni izlenmeye \u00e7al\u0131\u015f\u0131lm\u0131\u015ft\u0131r.<\/p>\n","protected":false},"excerpt":{"rendered":"<p>Arap edebiyat\u0131 tarih\u00e7ileri Arap \u015fiirini c\u00e2hiliye, erken d\u00f6nem \u0130sl\u00e2m (Hz. Peygamber ve Hulefa-i Ra\u015fid\u00een), Emeviler, Abbasiler, T\u00fcrk d\u00f6nemi ve \u00e7a\u011fda\u015f d\u00f6nem olmak \u00fczere alt\u0131 ayr\u0131 devrede<span class=\"excerpt-hellip\"> [\u2026]<\/span><\/p>\n","protected":false},"featured_media":0,"template":"","meta":{"_monsterinsights_skip_tracking":false,"_monsterinsights_sitenote_active":false,"_monsterinsights_sitenote_note":"","_monsterinsights_sitenote_category":0},"product_brand":[],"product_cat":[13072,12291],"product_tag":[],"class_list":{"0":"post-716165","1":"product","2":"type-product","3":"status-publish","5":"product_cat-arastirma-inceleme-referans","6":"product_cat-edebiyat","7":"pa_cilt-ciltsiz","8":"pa_tur-kitap","9":"pa_yayinevi-otuken-nesriyat","10":"pa_yazar-ismail-gulec","12":"first","13":"instock","14":"sale","15":"shipping-taxable","16":"purchasable","17":"product-type-simple"},"_links":{"self":[{"href":"https:\/\/roveyayinevi.com.tr\/index.php\/wp-json\/wp\/v2\/product\/716165","targetHints":{"allow":["GET"]}}],"collection":[{"href":"https:\/\/roveyayinevi.com.tr\/index.php\/wp-json\/wp\/v2\/product"}],"about":[{"href":"https:\/\/roveyayinevi.com.tr\/index.php\/wp-json\/wp\/v2\/types\/product"}],"wp:attachment":[{"href":"https:\/\/roveyayinevi.com.tr\/index.php\/wp-json\/wp\/v2\/media?parent=716165"}],"wp:term":[{"taxonomy":"product_brand","embeddable":true,"href":"https:\/\/roveyayinevi.com.tr\/index.php\/wp-json\/wp\/v2\/product_brand?post=716165"},{"taxonomy":"product_cat","embeddable":true,"href":"https:\/\/roveyayinevi.com.tr\/index.php\/wp-json\/wp\/v2\/product_cat?post=716165"},{"taxonomy":"product_tag","embeddable":true,"href":"https:\/\/roveyayinevi.com.tr\/index.php\/wp-json\/wp\/v2\/product_tag?post=716165"}],"curies":[{"name":"wp","href":"https:\/\/api.w.org\/{rel}","templated":true}]}}