{"id":716163,"date":"2025-08-27T17:39:04","date_gmt":"2025-08-27T14:39:04","guid":{"rendered":"https:\/\/roveyayinevi.com.tr\/index.php\/urun\/sosyolojik-yontemin-kurallari-2\/"},"modified":"2026-04-16T02:24:32","modified_gmt":"2026-04-15T23:24:32","slug":"sosyolojik-yontemin-kurallari-2","status":"publish","type":"product","link":"https:\/\/roveyayinevi.com.tr\/index.php\/urun\/sosyolojik-yontemin-kurallari-2\/","title":{"rendered":"Sosyolojik Y\u00f6ntemin Kurallar\u0131"},"content":{"rendered":"<p>Modern d\u00f6nem sosyolojisinin kurucular\u0131ndan biri ve hatta en \u00f6nemlisi olan Emile Durkheim, \u201cSosyolojik Y\u00f6ntemin Kurallar\u0131\u201d kitab\u0131nda pozitivist ger\u00e7eklikten yola \u00e7\u0131karak sosyolojik bilgiye ula\u015fman\u0131n metodolojisini anla\u015f\u0131l\u0131r bir dille ele al\u0131yor.Sosyoloji bilimine giri\u015f kitab\u0131 olarak da de\u011ferlendirilebilecek Durkheim\u2019in bu eserini orijinal dilinden \u00e7evirisiyle size sunuyoruz.<\/p>\n","protected":false},"excerpt":{"rendered":"<p>Modern d\u00f6nem sosyolojisinin kurucular\u0131ndan biri ve hatta en \u00f6nemlisi olan Emile Durkheim, \u201cSosyolojik Y\u00f6ntemin Kurallar\u0131\u201d kitab\u0131nda pozitivist ger\u00e7eklikten yola \u00e7\u0131karak sosyolojik bilgiye ula\u015fman\u0131n metodolojisini anla\u015f\u0131l\u0131r bir<span class=\"excerpt-hellip\"> [\u2026]<\/span><\/p>\n","protected":false},"featured_media":0,"template":"","meta":{"_monsterinsights_skip_tracking":false,"_monsterinsights_sitenote_active":false,"_monsterinsights_sitenote_note":"","_monsterinsights_sitenote_category":0},"product_brand":[],"product_cat":[12835,12324],"product_tag":[],"class_list":{"0":"post-716163","1":"product","2":"type-product","3":"status-publish","5":"product_cat-genel-sosyoloji","6":"product_cat-sosyoloji","7":"pa_cilt-ciltsiz","8":"pa_tur-kitap","9":"pa_yayinevi-pozitif-yayinlari","10":"pa_yazar-emile-durkheim","12":"first","13":"instock","14":"sale","15":"shipping-taxable","16":"purchasable","17":"product-type-simple"},"_links":{"self":[{"href":"https:\/\/roveyayinevi.com.tr\/index.php\/wp-json\/wp\/v2\/product\/716163","targetHints":{"allow":["GET"]}}],"collection":[{"href":"https:\/\/roveyayinevi.com.tr\/index.php\/wp-json\/wp\/v2\/product"}],"about":[{"href":"https:\/\/roveyayinevi.com.tr\/index.php\/wp-json\/wp\/v2\/types\/product"}],"wp:attachment":[{"href":"https:\/\/roveyayinevi.com.tr\/index.php\/wp-json\/wp\/v2\/media?parent=716163"}],"wp:term":[{"taxonomy":"product_brand","embeddable":true,"href":"https:\/\/roveyayinevi.com.tr\/index.php\/wp-json\/wp\/v2\/product_brand?post=716163"},{"taxonomy":"product_cat","embeddable":true,"href":"https:\/\/roveyayinevi.com.tr\/index.php\/wp-json\/wp\/v2\/product_cat?post=716163"},{"taxonomy":"product_tag","embeddable":true,"href":"https:\/\/roveyayinevi.com.tr\/index.php\/wp-json\/wp\/v2\/product_tag?post=716163"}],"curies":[{"name":"wp","href":"https:\/\/api.w.org\/{rel}","templated":true}]}}