{"id":716161,"date":"2025-08-27T17:39:03","date_gmt":"2025-08-27T14:39:03","guid":{"rendered":"https:\/\/roveyayinevi.com.tr\/index.php\/urun\/yurt-kemiricileri\/"},"modified":"2026-04-16T02:24:32","modified_gmt":"2026-04-15T23:24:32","slug":"yurt-kemiricileri","status":"publish","type":"product","link":"https:\/\/roveyayinevi.com.tr\/index.php\/urun\/yurt-kemiricileri\/","title":{"rendered":"Yurt Kemiricileri"},"content":{"rendered":"<p>Elinizdeki kitap, Cumhuriyetin \u00e7\u00fcr\u00fct\u00fcl\u00fc\u015f\u00fcne tan\u0131kl\u0131k etmek zorunda kalan bir gazetecinin mesle\u011fini s\u00fcrd\u00fcr\u00fcrken belgeli\u011finde biriktirdi\u011fi kesiklerden, ald\u0131\u011f\u0131 k\u00fc\u00e7\u00fck notlardan, d\u00fc\u015f\u00fcncelerden, de\u011ferlendirmelerden ve yaz\u0131lardan olu\u015fan bir not defteri gibidir. Siyasal iktidarlar\u0131n g\u00fcd\u00fcmledi\u011fi yanda\u015f bas\u0131n&#8230; Cemaat medyas\u0131n\u0131n tezg\u00e2h senaryolar\u0131&#8230; K\u00fcresel egemenli\u011fin kol kanat gerdi\u011fi yay\u0131n organlar\u0131&#8230; Cumhuriyete d\u00fc\u015fmanl\u0131\u011f\u0131 ana ama\u00e7 edinmi\u015f gazeteciler, siyasiler, patronlar, kurumlar&#8230; \u0130\u015fgale u\u011frayan, sat\u0131lan gazeteler&#8230; K\u0131saca; bir gazetecinin g\u00f6z\u00fcnden yak\u0131n tarihin yurdumuz i\u00e7in ac\u0131l\u0131, bas\u0131n i\u00e7in utan\u0131las\u0131 ger\u00e7ek \u00f6yk\u00fcs\u00fc&#8230; <\/p>\n","protected":false},"excerpt":{"rendered":"<p>Elinizdeki kitap, Cumhuriyetin \u00e7\u00fcr\u00fct\u00fcl\u00fc\u015f\u00fcne tan\u0131kl\u0131k etmek zorunda kalan bir gazetecinin mesle\u011fini s\u00fcrd\u00fcr\u00fcrken belgeli\u011finde biriktirdi\u011fi kesiklerden, ald\u0131\u011f\u0131 k\u00fc\u00e7\u00fck notlardan, d\u00fc\u015f\u00fcncelerden, de\u011ferlendirmelerden ve yaz\u0131lardan olu\u015fan bir not defteri<span class=\"excerpt-hellip\"> [\u2026]<\/span><\/p>\n","protected":false},"featured_media":0,"template":"","meta":{"_monsterinsights_skip_tracking":false,"_monsterinsights_sitenote_active":false,"_monsterinsights_sitenote_note":"","_monsterinsights_sitenote_category":0},"product_brand":[],"product_cat":[12304,13493],"product_tag":[],"class_list":{"0":"post-716161","1":"product","2":"type-product","3":"status-publish","5":"product_cat-tarih","6":"product_cat-turkiye-ve-cumhuriyet-tarihi","7":"pa_cilt-ciltsiz","8":"pa_tur-kitap","9":"pa_yayinevi-telgrafhane-yayinlari","10":"pa_yazar-isik-kansu","12":"first","13":"instock","14":"sale","15":"shipping-taxable","16":"purchasable","17":"product-type-simple"},"_links":{"self":[{"href":"https:\/\/roveyayinevi.com.tr\/index.php\/wp-json\/wp\/v2\/product\/716161","targetHints":{"allow":["GET"]}}],"collection":[{"href":"https:\/\/roveyayinevi.com.tr\/index.php\/wp-json\/wp\/v2\/product"}],"about":[{"href":"https:\/\/roveyayinevi.com.tr\/index.php\/wp-json\/wp\/v2\/types\/product"}],"wp:attachment":[{"href":"https:\/\/roveyayinevi.com.tr\/index.php\/wp-json\/wp\/v2\/media?parent=716161"}],"wp:term":[{"taxonomy":"product_brand","embeddable":true,"href":"https:\/\/roveyayinevi.com.tr\/index.php\/wp-json\/wp\/v2\/product_brand?post=716161"},{"taxonomy":"product_cat","embeddable":true,"href":"https:\/\/roveyayinevi.com.tr\/index.php\/wp-json\/wp\/v2\/product_cat?post=716161"},{"taxonomy":"product_tag","embeddable":true,"href":"https:\/\/roveyayinevi.com.tr\/index.php\/wp-json\/wp\/v2\/product_tag?post=716161"}],"curies":[{"name":"wp","href":"https:\/\/api.w.org\/{rel}","templated":true}]}}