{"id":716160,"date":"2025-08-27T17:39:03","date_gmt":"2025-08-27T14:39:03","guid":{"rendered":"https:\/\/roveyayinevi.com.tr\/index.php\/urun\/esme-bre-deli-ruzgar\/"},"modified":"2026-04-16T02:24:32","modified_gmt":"2026-04-15T23:24:32","slug":"esme-bre-deli-ruzgar","status":"publish","type":"product","link":"https:\/\/roveyayinevi.com.tr\/index.php\/urun\/esme-bre-deli-ruzgar\/","title":{"rendered":"Esme Bre Deli R\u00fczgar"},"content":{"rendered":"<p>Tarihi romanlar\u0131nda ge\u00e7mi\u015fimizin ac\u0131 ger\u00e7eklerini, i\u00e7inde bar\u0131nd\u0131rd\u0131\u011f\u0131 h\u00fcz\u00fcnl\u00fc insan hik\u00e2yeleriyle okurunun y\u00fcre\u011fine i\u015fleyen Nevzat Kutlu; bizi bu kez Manast\u0131r&#8217;a g\u00f6t\u00fcr\u00fcyor&#8230; \u0130nsan\u0131n kaderinin, \u00fczerine do\u011fdu\u011fu toprak ve i\u00e7inde ya\u015fad\u0131\u011f\u0131 halk\u0131n\u0131n kaderiyle ba\u011fl\u0131 oldu\u011funu bize bir kez daha hat\u0131rlatan Nasuh ve Sofia&#8217;n\u0131n y\u0131llara ve s\u0131n\u0131rlara s\u0131\u011fmayan \u00f6l\u00fcms\u00fcz a\u015fk\u0131; hem son d\u00f6nem Osmanl\u0131 tarihinden ac\u0131kl\u0131 bir sayfay\u0131 hem her \u015fartta birbirini sevmeye devam eden iki insan\u0131n, tarihin ac\u0131mas\u0131zl\u0131\u011f\u0131nda savrulu\u015funu anlat\u0131yor bizlere&#8230; Nevzat Kutlu, &#8220;Esme Bre Deli R\u00fczg\u00e2r&#8221; ile bir kez daha y\u00fcre\u011fimizin en insan yan\u0131n\u0131 s\u0131zlat\u0131yor&#8230; \u201cElveda a\u015fkimu. Hakk\u0131m helaldir sana.\u201d<\/p>\n","protected":false},"excerpt":{"rendered":"<p>Tarihi romanlar\u0131nda ge\u00e7mi\u015fimizin ac\u0131 ger\u00e7eklerini, i\u00e7inde bar\u0131nd\u0131rd\u0131\u011f\u0131 h\u00fcz\u00fcnl\u00fc insan hik\u00e2yeleriyle okurunun y\u00fcre\u011fine i\u015fleyen Nevzat Kutlu; bizi bu kez Manast\u0131r&#8217;a g\u00f6t\u00fcr\u00fcyor&#8230; \u0130nsan\u0131n kaderinin, \u00fczerine do\u011fdu\u011fu toprak ve<span class=\"excerpt-hellip\"> [\u2026]<\/span><\/p>\n","protected":false},"featured_media":0,"template":"","meta":{"_monsterinsights_skip_tracking":false,"_monsterinsights_sitenote_active":false,"_monsterinsights_sitenote_note":"","_monsterinsights_sitenote_category":0},"product_brand":[],"product_cat":[12291,12711],"product_tag":[],"class_list":{"0":"post-716160","1":"product","2":"type-product","3":"status-publish","5":"product_cat-edebiyat","6":"product_cat-roman-oyku","7":"pa_cilt-ciltsiz","8":"pa_tur-kitap","9":"pa_yayinevi-telgrafhane-yayinlari","10":"pa_yazar-nevzat-kutlu","12":"first","13":"instock","14":"sale","15":"shipping-taxable","16":"purchasable","17":"product-type-simple"},"_links":{"self":[{"href":"https:\/\/roveyayinevi.com.tr\/index.php\/wp-json\/wp\/v2\/product\/716160","targetHints":{"allow":["GET"]}}],"collection":[{"href":"https:\/\/roveyayinevi.com.tr\/index.php\/wp-json\/wp\/v2\/product"}],"about":[{"href":"https:\/\/roveyayinevi.com.tr\/index.php\/wp-json\/wp\/v2\/types\/product"}],"wp:attachment":[{"href":"https:\/\/roveyayinevi.com.tr\/index.php\/wp-json\/wp\/v2\/media?parent=716160"}],"wp:term":[{"taxonomy":"product_brand","embeddable":true,"href":"https:\/\/roveyayinevi.com.tr\/index.php\/wp-json\/wp\/v2\/product_brand?post=716160"},{"taxonomy":"product_cat","embeddable":true,"href":"https:\/\/roveyayinevi.com.tr\/index.php\/wp-json\/wp\/v2\/product_cat?post=716160"},{"taxonomy":"product_tag","embeddable":true,"href":"https:\/\/roveyayinevi.com.tr\/index.php\/wp-json\/wp\/v2\/product_tag?post=716160"}],"curies":[{"name":"wp","href":"https:\/\/api.w.org\/{rel}","templated":true}]}}