{"id":716159,"date":"2025-08-27T17:39:02","date_gmt":"2025-08-27T14:39:02","guid":{"rendered":"https:\/\/roveyayinevi.com.tr\/index.php\/urun\/finansal-piyasalarda-yatirimcinin-korunmasi-ve-turk-sermaye-piyasasi\/"},"modified":"2026-04-16T02:24:32","modified_gmt":"2026-04-15T23:24:32","slug":"finansal-piyasalarda-yatirimcinin-korunmasi-ve-turk-sermaye-piyasasi","status":"publish","type":"product","link":"https:\/\/roveyayinevi.com.tr\/index.php\/urun\/finansal-piyasalarda-yatirimcinin-korunmasi-ve-turk-sermaye-piyasasi\/","title":{"rendered":"Finansal Piyasalarda Yat\u0131r\u0131mc\u0131n\u0131n Korunmas\u0131 ve T\u00fcrk Sermaye Piyasas\u0131"},"content":{"rendered":"<p>\u00d6ns\u00f6z K\u0131saltmalar Tablolar Listesi Finansal Piyasalarda Yat\u0131r\u0131mc\u0131n\u0131n Korunmas\u0131 T\u00fcrkiye&#8217;de Sermaye Piyasas\u0131 ve Yat\u0131r\u0131mc\u0131n\u0131n Korunmas\u0131na Y\u00f6nelik D\u00fczenlemeler Kaynak\u00e7a <\/p>\n","protected":false},"excerpt":{"rendered":"<p>\u00d6ns\u00f6z K\u0131saltmalar Tablolar Listesi Finansal Piyasalarda Yat\u0131r\u0131mc\u0131n\u0131n Korunmas\u0131 T\u00fcrkiye&#8217;de Sermaye Piyasas\u0131 ve Yat\u0131r\u0131mc\u0131n\u0131n Korunmas\u0131na Y\u00f6nelik D\u00fczenlemeler Kaynak\u00e7a<\/p>\n","protected":false},"featured_media":0,"template":"","meta":{"_monsterinsights_skip_tracking":false,"_monsterinsights_sitenote_active":false,"_monsterinsights_sitenote_note":"","_monsterinsights_sitenote_category":0},"product_brand":[],"product_cat":[20333,13043],"product_tag":[],"class_list":{"0":"post-716159","1":"product","2":"type-product","3":"status-publish","5":"product_cat-diger-ekonomi","6":"product_cat-ekonomi","7":"pa_cilt-ciltsiz","8":"pa_tur-kitap","9":"pa_yayinevi-gazi-kitabevi","10":"pa_yazar-oznur-sakinc","12":"first","13":"instock","14":"sale","15":"shipping-taxable","16":"purchasable","17":"product-type-simple"},"_links":{"self":[{"href":"https:\/\/roveyayinevi.com.tr\/index.php\/wp-json\/wp\/v2\/product\/716159","targetHints":{"allow":["GET"]}}],"collection":[{"href":"https:\/\/roveyayinevi.com.tr\/index.php\/wp-json\/wp\/v2\/product"}],"about":[{"href":"https:\/\/roveyayinevi.com.tr\/index.php\/wp-json\/wp\/v2\/types\/product"}],"wp:attachment":[{"href":"https:\/\/roveyayinevi.com.tr\/index.php\/wp-json\/wp\/v2\/media?parent=716159"}],"wp:term":[{"taxonomy":"product_brand","embeddable":true,"href":"https:\/\/roveyayinevi.com.tr\/index.php\/wp-json\/wp\/v2\/product_brand?post=716159"},{"taxonomy":"product_cat","embeddable":true,"href":"https:\/\/roveyayinevi.com.tr\/index.php\/wp-json\/wp\/v2\/product_cat?post=716159"},{"taxonomy":"product_tag","embeddable":true,"href":"https:\/\/roveyayinevi.com.tr\/index.php\/wp-json\/wp\/v2\/product_tag?post=716159"}],"curies":[{"name":"wp","href":"https:\/\/api.w.org\/{rel}","templated":true}]}}