{"id":716156,"date":"2025-08-27T17:39:00","date_gmt":"2025-08-27T14:39:00","guid":{"rendered":"https:\/\/roveyayinevi.com.tr\/index.php\/urun\/istiridye-kabugum\/"},"modified":"2026-04-16T02:24:32","modified_gmt":"2026-04-15T23:24:32","slug":"istiridye-kabugum","status":"publish","type":"product","link":"https:\/\/roveyayinevi.com.tr\/index.php\/urun\/istiridye-kabugum\/","title":{"rendered":"\u0130stiridye Kabu\u011fum"},"content":{"rendered":"<p>1951 y\u0131l\u0131nda K\u0131r\u0131kkale\u2019nin Delice il\u00e7esi K\u00fc\u00e7\u00fckaf\u015far k\u00f6y\u00fcnde do\u011fdu. \u0130lkokulu k\u00f6y\u00fcnde tamamlayan \u015fair, ard\u0131ndan Saray\u00f6n\u00fc Ziraat Okulu\u2019na devam etmi\u015f ve \u00c7ay\u0131rova Ziraat Okulu\u2019ndan 1970 y\u0131l\u0131nda mezun olmu\u015ftur. Gemici olarak i\u015f hayat\u0131na ba\u015flayan Bozku\u015f, ilk olarak Alexia isimli bir gemide Yunanistan\u2019da 10 ay \u00e7al\u0131\u015ft\u0131. Bu s\u0131rada 1974 K\u0131br\u0131s Bar\u0131\u015f Harekat\u0131 patlak verince Yunan gemisinden ayr\u0131larak, Alman gemi firmas\u0131 J\u00fcbeckde Oldendorff\u2019un b\u00fcy\u00fck tonajl\u0131 gemilerinde deniza\u015f\u0131r\u0131 i\u015flerde \u00e7al\u0131\u015ft\u0131. 1989\u2019a kadar yine Alman gemilerinde gemici reisi olarak \u00e7al\u0131\u015fan \u015fair; \u0130ngilizce, Almanca ve biraz da \u0130spanyolca bilmektedir. Altm\u0131\u015f be\u015f \u00fclke ve bu \u00fclkelere ba\u011fl\u0131 limanlar\u0131 gezdi\u011finden bir \u201cd\u00fcnya gezgini\u201d s\u0131fat\u0131n\u0131 hak etmektedir. \u015eair hayat\u0131 boyunca denizlerde, okyanuslarda ve limanlarda kendi deyimiyle bir\u00e7ok macera ya\u015fam\u0131\u015ft\u0131r. Bu olaylar\u0131n da etkisiyle bir\u00e7ok \u015fiir yazm\u0131\u015ft\u0131r. A\u015fk\u0131, daha \u00e7ocukken okudu\u011fu Karacao\u011flan\u2019dan ve Kerem ile Asl\u0131 gibi hik\u00e2yelerden \u00f6\u011frenmi\u015ftir. Elinizdeki \u0130stiridye Kabu\u011fum adl\u0131 \u015fiir \u00e7al\u0131\u015fmas\u0131ndan \u00f6nce, Bozku\u015f\u2019un dostu olan Ozan Sinemi\u2019nin antolojisinde de baz\u0131 \u015fiirleri yay\u0131nlanm\u0131\u015ft\u0131r. Bu kitapta ise \u015fair t\u00fcm\u00fcyle a\u015fk\u0131 i\u015flemi\u015ftir. Halen devam etmekte olan ve t\u00fcm\u00fcyle sosyal i\u00e7eri\u011fe sahip bir \u015fiir kitab\u0131 ve bir \u00f6yk\u00fc kitab\u0131 haz\u0131rl\u0131klar\u0131na ise devam etmektedir. Yahya Bozku\u015f be\u015f evlat sahibidir, alt\u0131nc\u0131s\u0131 ise kendi deyimiyle tutkusu olan denizlerdir. <\/p>\n","protected":false},"excerpt":{"rendered":"<p>1951 y\u0131l\u0131nda K\u0131r\u0131kkale\u2019nin Delice il\u00e7esi K\u00fc\u00e7\u00fckaf\u015far k\u00f6y\u00fcnde do\u011fdu. \u0130lkokulu k\u00f6y\u00fcnde tamamlayan \u015fair, ard\u0131ndan Saray\u00f6n\u00fc Ziraat Okulu\u2019na devam etmi\u015f ve \u00c7ay\u0131rova Ziraat Okulu\u2019ndan 1970 y\u0131l\u0131nda mezun olmu\u015ftur.<span class=\"excerpt-hellip\"> [\u2026]<\/span><\/p>\n","protected":false},"featured_media":0,"template":"","meta":{"_monsterinsights_skip_tracking":false,"_monsterinsights_sitenote_active":false,"_monsterinsights_sitenote_note":"","_monsterinsights_sitenote_category":0},"product_brand":[],"product_cat":[12291,12509],"product_tag":[],"class_list":{"0":"post-716156","1":"product","2":"type-product","3":"status-publish","5":"product_cat-edebiyat","6":"product_cat-siir","7":"pa_cilt-ciltsiz","8":"pa_tur-kitap","9":"pa_yayinevi-nika-yayinevi","10":"pa_yazar-yahya-bozkus","12":"first","13":"instock","14":"sale","15":"shipping-taxable","16":"purchasable","17":"product-type-simple"},"_links":{"self":[{"href":"https:\/\/roveyayinevi.com.tr\/index.php\/wp-json\/wp\/v2\/product\/716156","targetHints":{"allow":["GET"]}}],"collection":[{"href":"https:\/\/roveyayinevi.com.tr\/index.php\/wp-json\/wp\/v2\/product"}],"about":[{"href":"https:\/\/roveyayinevi.com.tr\/index.php\/wp-json\/wp\/v2\/types\/product"}],"wp:attachment":[{"href":"https:\/\/roveyayinevi.com.tr\/index.php\/wp-json\/wp\/v2\/media?parent=716156"}],"wp:term":[{"taxonomy":"product_brand","embeddable":true,"href":"https:\/\/roveyayinevi.com.tr\/index.php\/wp-json\/wp\/v2\/product_brand?post=716156"},{"taxonomy":"product_cat","embeddable":true,"href":"https:\/\/roveyayinevi.com.tr\/index.php\/wp-json\/wp\/v2\/product_cat?post=716156"},{"taxonomy":"product_tag","embeddable":true,"href":"https:\/\/roveyayinevi.com.tr\/index.php\/wp-json\/wp\/v2\/product_tag?post=716156"}],"curies":[{"name":"wp","href":"https:\/\/api.w.org\/{rel}","templated":true}]}}