{"id":716155,"date":"2025-08-27T17:38:59","date_gmt":"2025-08-27T14:38:59","guid":{"rendered":"https:\/\/roveyayinevi.com.tr\/index.php\/urun\/atesi-calmak-5-ikinci-keman\/"},"modified":"2026-04-16T02:24:32","modified_gmt":"2026-04-15T23:24:32","slug":"atesi-calmak-5-ikinci-keman","status":"publish","type":"product","link":"https:\/\/roveyayinevi.com.tr\/index.php\/urun\/atesi-calmak-5-ikinci-keman\/","title":{"rendered":"Ate\u015fi \u00c7almak 5 \u2013 \u0130kinci Keman"},"content":{"rendered":"<p>Ate\u015fi \u00c7almak, bilimsel sosyalizmin iki kurucusu Karl Marx ve Friedrich Engels\u2019in ya\u015fad\u0131klar\u0131 d\u00f6nemin belgesel roman\u0131d\u0131r. Tamam\u0131 be\u015f cilt halinde T\u00fcrk\u00e7eye kazand\u0131r\u0131lan bu b\u00fcy\u00fck eser, biyografik bir roman\u0131n al\u0131\u015f\u0131lm\u0131\u015f s\u0131n\u0131rlar\u0131n\u0131 a\u015fan bir konu ve ayr\u0131nt\u0131 zenginli\u011fine sahiptir. Sovyet ara\u015ft\u0131rmac\u0131 ve yazar Galina Serebryakova, XIX. y\u00fczy\u0131l\u0131n b\u00fcy\u00fck i\u015f\u00e7i m\u00fccadelelerini, bu m\u00fccadelenin s\u0131n\u0131f \u00f6nderlerini, teorisyenlerini ve \u00f6rg\u00fct\u00e7\u00fclerini, t\u00fcm\u00fcyle belgelere dayanan bir roman kurgusu i\u00e7inde anlatmaktad\u0131r. Serebryakova, ara\u015ft\u0131rmalar\u0131n\u0131, yaln\u0131zca Sovyetler Birli\u011fi Marksizm Leninizm Enstit\u00fcs\u00fc\u2019nde de\u011fil, ayn\u0131 zamanda Avrupa\u2019n\u0131n belli ba\u015fl\u0131 merkezlerinde, i\u015f\u00e7i s\u0131n\u0131f\u0131 m\u00fccadelesinin o d\u00f6nemde ge\u00e7ti\u011fi b\u00fct\u00fcn b\u00f6lgelerde de ince bir sab\u0131rla y\u0131llarca s\u00fcrd\u00fcrm\u00fc\u015f. Eserinde yer verdi\u011fi olaylar\u0131n tarihsel ger\u00e7ekli\u011fe uygun olmas\u0131na \u00f6zen g\u00f6stermi\u015f, dolay\u0131s\u0131yla proletarya hareketinin t\u00fcm boyutlar\u0131na ili\u015fkin tarihsel ger\u00e7ekli\u011fe uygun g\u00f6rkemli bir eser ortaya \u00e7\u0131karm\u0131\u015ft\u0131r.  Eserin Engels\u2019e at\u0131fla \u2018\u0130kinci Keman\u2019 alt ba\u015fl\u0131\u011f\u0131yla yay\u0131mlanan 5. ve son cildinde, Engels\u2019in Marx \u2019\u0131n \u00f6l\u00fcm\u00fcnden sonraki hayat\u0131 ekseninde d\u00f6nemin toplumsal atmosferi canland\u0131r\u0131l\u0131yor ve g\u00fc\u00e7lenen Alman sosyal demokratlar\u0131na kadar belli ba\u015fl\u0131 olaylara yer veriliyor. Ve bu olaylarda devrimci hareketin \u00f6nde gelen isimleri: Lafargue, Liebknecht, Kautsky, Clara Zetkin, Vera Zasuli\u00e7, Plehanov ve \u00f6tekiler&#8230; Bu son ciltle, b\u00fcy\u00fck bulu\u015flar\u0131n, k\u00f6kl\u00fc d\u00f6n\u00fc\u015f\u00fcmlerin, ate\u015fi gelece\u011fe ta\u015f\u0131yan parlak beyinlerin \u00e7a\u011f\u0131 olan XIX. y\u00fczy\u0131l\u0131n canl\u0131 tablosu tamamlanm\u0131\u015f oluyor. <\/p>\n","protected":false},"excerpt":{"rendered":"<p>Ate\u015fi \u00c7almak, bilimsel sosyalizmin iki kurucusu Karl Marx ve Friedrich Engels\u2019in ya\u015fad\u0131klar\u0131 d\u00f6nemin belgesel roman\u0131d\u0131r. Tamam\u0131 be\u015f cilt halinde T\u00fcrk\u00e7eye kazand\u0131r\u0131lan bu b\u00fcy\u00fck eser, biyografik bir<span class=\"excerpt-hellip\"> [\u2026]<\/span><\/p>\n","protected":false},"featured_media":0,"template":"","meta":{"_monsterinsights_skip_tracking":false,"_monsterinsights_sitenote_active":false,"_monsterinsights_sitenote_note":"","_monsterinsights_sitenote_category":0},"product_brand":[],"product_cat":[13661,12291],"product_tag":[],"class_list":{"0":"post-716155","1":"product","2":"type-product","3":"status-publish","5":"product_cat-diger-ulke-edebiyatlari","6":"product_cat-edebiyat","7":"pa_cilt-ciltsiz","8":"pa_tur-kitap","9":"pa_yayinevi-kor-kitap","10":"pa_yazar-galina-serebryakova","12":"first","13":"instock","14":"sale","15":"shipping-taxable","16":"purchasable","17":"product-type-simple"},"_links":{"self":[{"href":"https:\/\/roveyayinevi.com.tr\/index.php\/wp-json\/wp\/v2\/product\/716155","targetHints":{"allow":["GET"]}}],"collection":[{"href":"https:\/\/roveyayinevi.com.tr\/index.php\/wp-json\/wp\/v2\/product"}],"about":[{"href":"https:\/\/roveyayinevi.com.tr\/index.php\/wp-json\/wp\/v2\/types\/product"}],"wp:attachment":[{"href":"https:\/\/roveyayinevi.com.tr\/index.php\/wp-json\/wp\/v2\/media?parent=716155"}],"wp:term":[{"taxonomy":"product_brand","embeddable":true,"href":"https:\/\/roveyayinevi.com.tr\/index.php\/wp-json\/wp\/v2\/product_brand?post=716155"},{"taxonomy":"product_cat","embeddable":true,"href":"https:\/\/roveyayinevi.com.tr\/index.php\/wp-json\/wp\/v2\/product_cat?post=716155"},{"taxonomy":"product_tag","embeddable":true,"href":"https:\/\/roveyayinevi.com.tr\/index.php\/wp-json\/wp\/v2\/product_tag?post=716155"}],"curies":[{"name":"wp","href":"https:\/\/api.w.org\/{rel}","templated":true}]}}