{"id":716154,"date":"2025-08-27T17:38:59","date_gmt":"2025-08-27T14:38:59","guid":{"rendered":"https:\/\/roveyayinevi.com.tr\/index.php\/urun\/atesi-calmak-3-sinamalar\/"},"modified":"2026-04-16T02:24:32","modified_gmt":"2026-04-15T23:24:32","slug":"atesi-calmak-3-sinamalar","status":"publish","type":"product","link":"https:\/\/roveyayinevi.com.tr\/index.php\/urun\/atesi-calmak-3-sinamalar\/","title":{"rendered":"Ate\u015fi \u00c7almak 3 &#8211; S\u0131namalar"},"content":{"rendered":"<p>Ate\u015fi \u00c7almak, bilimsel sosyalizmin iki kurucusu Karl Marx ve Friedrich Engels\u2019in ya\u015fad\u0131klar\u0131 d\u00f6nemin belgesel roman\u0131d\u0131r. Tamam\u0131 be\u015f cilt halinde T\u00fcrk\u00e7eye kazand\u0131r\u0131lan bu b\u00fcy\u00fck eser, biyografik bir roman\u0131n al\u0131\u015f\u0131lm\u0131\u015f s\u0131n\u0131rlar\u0131n\u0131 a\u015fan bir konu ve ayr\u0131nt\u0131 zenginli\u011fine sahiptir. Sovyet ara\u015ft\u0131rmac\u0131 ve yazar Galina Serebryakova, XIX. y\u00fczy\u0131l\u0131n b\u00fcy\u00fck i\u015f\u00e7i m\u00fccadelelerini, bu m\u00fccadelenin s\u0131n\u0131f \u00f6nderlerini, teorisyenlerini ve \u00f6rg\u00fct\u00e7\u00fclerini, t\u00fcm\u00fcyle belgelere dayanan bir roman kurgusu i\u00e7inde anlatmaktad\u0131r. Serebryakova, ara\u015ft\u0131rmalar\u0131n\u0131, yaln\u0131zca Sovyetler Birli\u011fi Marksizm Leninizm Enstit\u00fcs\u00fc\u2019nde de\u011fil, ayn\u0131 zamanda Avrupa\u2019n\u0131n belli ba\u015fl\u0131 merkezlerinde, i\u015f\u00e7i s\u0131n\u0131f\u0131 m\u00fccadelesinin o d\u00f6nemde ge\u00e7ti\u011fi b\u00fct\u00fcn b\u00f6lgelerde de ince bir sab\u0131rla y\u0131llarca s\u00fcrd\u00fcrm\u00fc\u015f. Eserinde yer verdi\u011fi olaylar\u0131n tarihsel ger\u00e7ekli\u011fe uygun olmas\u0131na \u00f6zen g\u00f6stermi\u015f, dolay\u0131s\u0131yla proletarya hareketinin t\u00fcm boyutlar\u0131na ili\u015fkin tarihsel ger\u00e7ekli\u011fe uygun g\u00f6rkemli bir eser ortaya \u00e7\u0131karm\u0131\u015ft\u0131r.  Eserin \u2018S\u0131namalar\u2019 alt ba\u015fl\u0131\u011f\u0131yla yay\u0131mlanan \u00fc\u00e7\u00fcnc\u00fc cildinde, 1864 y\u0131l\u0131na kadar uzanan sanc\u0131l\u0131 d\u00f6nem anlat\u0131lmaktad\u0131r. Kapitalizmin nispeten istikrar i\u00e7inde geli\u015fimi, Avrupa \u00e7ap\u0131nda koyu bir gericilik ve i\u015f\u00e7i hareketinde durgunlu\u011fun karakterize oldu\u011fu bu d\u00f6nem, belli ba\u015fl\u0131 \u00f6zellikleri ve olaylar\u0131yla romanda canland\u0131r\u0131l\u0131yor. Ve d\u00f6nem boyunca Marx ve ailesinin yoksulluk, \u00f6l\u00fcmler ve g\u00fc\u00e7l\u00fcklerle dolu ya\u015fam\u0131&#8230; \u0130nsan toplumunun geli\u015fme yasalar\u0131n\u0131n bulunu\u015fu ve Marx \u2019\u0131n temel eseri \u2018Kapital\u2019in yaz\u0131l\u0131\u015f ser\u00fcveni&#8230; K\u00f6ln Kom\u00fcnist Davas\u0131, s\u0131namalarda savrulanlar, \u00e7elikle\u015fenler&#8230; Birinci Enternasyonal\u2019in do\u011fu\u015fu&#8230; <\/p>\n","protected":false},"excerpt":{"rendered":"<p>Ate\u015fi \u00c7almak, bilimsel sosyalizmin iki kurucusu Karl Marx ve Friedrich Engels\u2019in ya\u015fad\u0131klar\u0131 d\u00f6nemin belgesel roman\u0131d\u0131r. Tamam\u0131 be\u015f cilt halinde T\u00fcrk\u00e7eye kazand\u0131r\u0131lan bu b\u00fcy\u00fck eser, biyografik bir<span class=\"excerpt-hellip\"> [\u2026]<\/span><\/p>\n","protected":false},"featured_media":0,"template":"","meta":{"_monsterinsights_skip_tracking":false,"_monsterinsights_sitenote_active":false,"_monsterinsights_sitenote_note":"","_monsterinsights_sitenote_category":0},"product_brand":[],"product_cat":[13661,12291],"product_tag":[],"class_list":{"0":"post-716154","1":"product","2":"type-product","3":"status-publish","5":"product_cat-diger-ulke-edebiyatlari","6":"product_cat-edebiyat","7":"pa_cilt-ciltsiz","8":"pa_tur-kitap","9":"pa_yayinevi-kor-kitap","10":"pa_yazar-galina-serebryakova","12":"first","13":"instock","14":"sale","15":"shipping-taxable","16":"purchasable","17":"product-type-simple"},"_links":{"self":[{"href":"https:\/\/roveyayinevi.com.tr\/index.php\/wp-json\/wp\/v2\/product\/716154","targetHints":{"allow":["GET"]}}],"collection":[{"href":"https:\/\/roveyayinevi.com.tr\/index.php\/wp-json\/wp\/v2\/product"}],"about":[{"href":"https:\/\/roveyayinevi.com.tr\/index.php\/wp-json\/wp\/v2\/types\/product"}],"wp:attachment":[{"href":"https:\/\/roveyayinevi.com.tr\/index.php\/wp-json\/wp\/v2\/media?parent=716154"}],"wp:term":[{"taxonomy":"product_brand","embeddable":true,"href":"https:\/\/roveyayinevi.com.tr\/index.php\/wp-json\/wp\/v2\/product_brand?post=716154"},{"taxonomy":"product_cat","embeddable":true,"href":"https:\/\/roveyayinevi.com.tr\/index.php\/wp-json\/wp\/v2\/product_cat?post=716154"},{"taxonomy":"product_tag","embeddable":true,"href":"https:\/\/roveyayinevi.com.tr\/index.php\/wp-json\/wp\/v2\/product_tag?post=716154"}],"curies":[{"name":"wp","href":"https:\/\/api.w.org\/{rel}","templated":true}]}}