{"id":716152,"date":"2025-08-27T17:38:57","date_gmt":"2025-08-27T14:38:57","guid":{"rendered":"https:\/\/roveyayinevi.com.tr\/index.php\/urun\/bu-gezegende-otizm-var\/"},"modified":"2026-04-16T02:24:32","modified_gmt":"2026-04-15T23:24:32","slug":"bu-gezegende-otizm-var","status":"publish","type":"product","link":"https:\/\/roveyayinevi.com.tr\/index.php\/urun\/bu-gezegende-otizm-var\/","title":{"rendered":"Bu Gezegende Otizm Var"},"content":{"rendered":"<p>Elinizde tutmu\u015f oldu\u011funuz bu kitap ger\u00e7e\u011fin bir kurgusudur. Anlat\u0131lan \u00f6yk\u00fc i\u00e7inde yakla\u015f\u0131k elli be\u015f otizmli \u00e7ocuk annesi ile yap\u0131lan g\u00f6r\u00fc\u015fmelerden elde edilen bilgiler kullan\u0131lm\u0131\u015ft\u0131r. Olay \u00f6rg\u00fcs\u00fc, ki\u015filer ise kurgu \u00fcr\u00fcnd\u00fcr. Otizmli bir \u00e7ocu\u011fa sahip olman\u0131n neye benzedi\u011fi ile ilgili kendi g\u00f6zlemlerimi ve elde etti\u011fim bilgileri yans\u0131tmaya \u00e7al\u0131\u015ft\u0131m.Buna ra\u011fmen otizmli bir \u00e7ocu\u011fa sahip olman\u0131n neye benzedi\u011fini sadece otizmli \u00e7ocuk ailelerinin anlayabilece\u011fi g\u00f6r\u00fc\u015f\u00fcndeyim. Biraz olsun onlar\u0131n penceresinden bakabilmenizi sa\u011flayabilmek amac\u0131yla giri\u015ftim bu yola. Annelerle yapt\u0131\u011f\u0131m g\u00f6r\u00fc\u015fmeler, onlardan ald\u0131\u011f\u0131m yaz\u0131lar sayesinde yazmaya \u00e7al\u0131\u015ft\u0131\u011f\u0131m bu \u00f6yk\u00fc, benim i\u00e7in de bir ser\u00fcven oldu. Onlar\u0131n sesi sesim, d\u00fc\u015f\u00fcnceleri d\u00fc\u015f\u00fcncelerim oldu. Bu kurgunun i\u00e7inde ben de bir \u00f6yk\u00fc kahraman\u0131 oldum. Bu \u00f6yk\u00fc bizim \u00f6yk\u00fcm\u00fczd\u00fcr.<\/p>\n","protected":false},"excerpt":{"rendered":"<p>Elinizde tutmu\u015f oldu\u011funuz bu kitap ger\u00e7e\u011fin bir kurgusudur. Anlat\u0131lan \u00f6yk\u00fc i\u00e7inde yakla\u015f\u0131k elli be\u015f otizmli \u00e7ocuk annesi ile yap\u0131lan g\u00f6r\u00fc\u015fmelerden elde edilen bilgiler kullan\u0131lm\u0131\u015ft\u0131r. Olay \u00f6rg\u00fcs\u00fc,<span class=\"excerpt-hellip\"> [\u2026]<\/span><\/p>\n","protected":false},"featured_media":0,"template":"","meta":{"_monsterinsights_skip_tracking":false,"_monsterinsights_sitenote_active":false,"_monsterinsights_sitenote_note":"","_monsterinsights_sitenote_category":0},"product_brand":[],"product_cat":[20313,13365],"product_tag":[],"class_list":{"0":"post-716152","1":"product","2":"type-product","3":"status-publish","5":"product_cat-basvuru-kitaplari-saglik","6":"product_cat-saglik","7":"pa_cilt-ciltsiz","8":"pa_tur-kitap","9":"pa_yayinevi-egiten-kitap","10":"pa_yazar-ozge-elicin","12":"first","13":"instock","14":"sale","15":"shipping-taxable","16":"purchasable","17":"product-type-simple"},"_links":{"self":[{"href":"https:\/\/roveyayinevi.com.tr\/index.php\/wp-json\/wp\/v2\/product\/716152","targetHints":{"allow":["GET"]}}],"collection":[{"href":"https:\/\/roveyayinevi.com.tr\/index.php\/wp-json\/wp\/v2\/product"}],"about":[{"href":"https:\/\/roveyayinevi.com.tr\/index.php\/wp-json\/wp\/v2\/types\/product"}],"wp:attachment":[{"href":"https:\/\/roveyayinevi.com.tr\/index.php\/wp-json\/wp\/v2\/media?parent=716152"}],"wp:term":[{"taxonomy":"product_brand","embeddable":true,"href":"https:\/\/roveyayinevi.com.tr\/index.php\/wp-json\/wp\/v2\/product_brand?post=716152"},{"taxonomy":"product_cat","embeddable":true,"href":"https:\/\/roveyayinevi.com.tr\/index.php\/wp-json\/wp\/v2\/product_cat?post=716152"},{"taxonomy":"product_tag","embeddable":true,"href":"https:\/\/roveyayinevi.com.tr\/index.php\/wp-json\/wp\/v2\/product_tag?post=716152"}],"curies":[{"name":"wp","href":"https:\/\/api.w.org\/{rel}","templated":true}]}}