{"id":716150,"date":"2025-08-27T17:38:56","date_gmt":"2025-08-27T14:38:56","guid":{"rendered":"https:\/\/roveyayinevi.com.tr\/index.php\/urun\/soz-meclisten-iceri\/"},"modified":"2026-04-16T02:24:32","modified_gmt":"2026-04-15T23:24:32","slug":"soz-meclisten-iceri","status":"publish","type":"product","link":"https:\/\/roveyayinevi.com.tr\/index.php\/urun\/soz-meclisten-iceri\/","title":{"rendered":"S\u00f6z Meclisten \u0130\u00e7eri"},"content":{"rendered":"<p>&#8221; Bu kitab\u0131n i\u00e7inde ele\u015ftiri konusu, kurum olarak parlemonta de\u011fildir. Parlemontolar\u0131 olu\u015fturan ki\u015filerin aritmetik \u00e7o\u011funlu\u011fu da de\u011fildir. Bu kitap ile yanl\u0131zca, palemento \u00e7al\u0131\u015fmalar\u0131n\u0131 engelleyen, k\u00fcrs\u00fclerde yurt ve d\u00fcnya sorunlar\u0131n\u0131n \u00f6zg\u00fcrce konu\u015fulmas\u0131n\u0131 engelleyen sorumsuz bir az\u0131nl\u0131k ele\u015ftirilmi\u015f, bu az\u0131nl\u0131\u011f\u0131n sergiledi\u011fi \u00e7irkinlikler ele\u015ftiri konusu yap\u0131lm\u0131\u015ft\u0131r. &#8220;-U\u011fur MumcuParlementonun neredeyse tamamen ortadan kald\u0131r\u0131ld\u0131\u011f\u0131, bir fig\u00fcrana d\u00f6n\u00fc\u015ft\u00fcr\u00fcld\u00fc\u011f\u00fc g\u00fcn\u00fcm\u00fcz ko\u015fullar\u0131 i\u00e7in erken bir ele\u015ftiri olarak okunabilir kitap.U\u011fur Mumcu&#8217;nun \u00f6ng\u00f6r\u00fcs\u00fc ise bug\u00fcnden okundu\u011funda takdire \u015fayan. <\/p>\n","protected":false},"excerpt":{"rendered":"<p>&#8221; Bu kitab\u0131n i\u00e7inde ele\u015ftiri konusu, kurum olarak parlemonta de\u011fildir. Parlemontolar\u0131 olu\u015fturan ki\u015filerin aritmetik \u00e7o\u011funlu\u011fu da de\u011fildir. Bu kitap ile yanl\u0131zca, palemento \u00e7al\u0131\u015fmalar\u0131n\u0131 engelleyen, k\u00fcrs\u00fclerde yurt<span class=\"excerpt-hellip\"> [\u2026]<\/span><\/p>\n","protected":false},"featured_media":0,"template":"","meta":{"_monsterinsights_skip_tracking":false,"_monsterinsights_sitenote_active":false,"_monsterinsights_sitenote_note":"","_monsterinsights_sitenote_category":0},"product_brand":[],"product_cat":[12337,14543],"product_tag":[],"class_list":{"0":"post-716150","1":"product","2":"type-product","3":"status-publish","5":"product_cat-politika-siyaset","6":"product_cat-turkiye-siyaseti-ve-politikasi","7":"pa_cilt-ciltsiz","8":"pa_tur-kitap","9":"pa_yayinevi-umag-yayinevi","10":"pa_yazar-ugur-mumcu","12":"first","13":"instock","14":"sale","15":"shipping-taxable","16":"purchasable","17":"product-type-simple"},"_links":{"self":[{"href":"https:\/\/roveyayinevi.com.tr\/index.php\/wp-json\/wp\/v2\/product\/716150","targetHints":{"allow":["GET"]}}],"collection":[{"href":"https:\/\/roveyayinevi.com.tr\/index.php\/wp-json\/wp\/v2\/product"}],"about":[{"href":"https:\/\/roveyayinevi.com.tr\/index.php\/wp-json\/wp\/v2\/types\/product"}],"wp:attachment":[{"href":"https:\/\/roveyayinevi.com.tr\/index.php\/wp-json\/wp\/v2\/media?parent=716150"}],"wp:term":[{"taxonomy":"product_brand","embeddable":true,"href":"https:\/\/roveyayinevi.com.tr\/index.php\/wp-json\/wp\/v2\/product_brand?post=716150"},{"taxonomy":"product_cat","embeddable":true,"href":"https:\/\/roveyayinevi.com.tr\/index.php\/wp-json\/wp\/v2\/product_cat?post=716150"},{"taxonomy":"product_tag","embeddable":true,"href":"https:\/\/roveyayinevi.com.tr\/index.php\/wp-json\/wp\/v2\/product_tag?post=716150"}],"curies":[{"name":"wp","href":"https:\/\/api.w.org\/{rel}","templated":true}]}}