{"id":716149,"date":"2025-08-27T17:38:55","date_gmt":"2025-08-27T14:38:55","guid":{"rendered":"https:\/\/roveyayinevi.com.tr\/index.php\/urun\/kamu-diplomasisi-2\/"},"modified":"2026-04-16T02:24:32","modified_gmt":"2026-04-15T23:24:32","slug":"kamu-diplomasisi-2","status":"publish","type":"product","link":"https:\/\/roveyayinevi.com.tr\/index.php\/urun\/kamu-diplomasisi-2\/","title":{"rendered":"Kamu Diplomasisi"},"content":{"rendered":"<p>\u201cBu kitap, uluslararas\u0131 kurulu\u015flar arac\u0131l\u0131\u011f\u0131yla \u00fclkelerin kamu diplomasisi politikalar\u0131n\u0131 ve yumu\u015fak g\u00fcc\u00fcn\u00fc kendi kapsam\u0131nda dikkat \u00e7ekici bir \u00e7er\u00e7eveye oturtmaktad\u0131r  Sun Tzu\u2019nun belirtti\u011fi gibi bir sava\u015f\u0131n en b\u00fcy\u00fck hedefi sava\u015fmadan h\u00e2kim olmakt\u0131r. Ulusal varl\u0131\u011f\u0131n s\u00fcrd\u00fcr\u00fclebilirli\u011fini ve sava\u015fmadan kazanmay\u0131 sa\u011flayan   yumu\u015fak g\u00fcc\u00fcn di\u011fer d\u0131\u015f politika ara\u00e7lar\u0131yla uyum i\u00e7inde anla\u015f\u0131lmas\u0131 ve kullan\u0131lmas\u0131nda bu eser \u00f6nemli bir ba\u015fvuru kayna\u011f\u0131d\u0131r.\u201d Wilson P. Dizard III, Decalogue Group Ba\u015fkan\u0131, Washington, DC. \u201cPedagojik a\u00e7\u0131dan m\u00fckemmel, derli toplu bir mant\u0131k sistemati\u011fi, temiz, ak\u0131c\u0131 ve kolay anla\u015f\u0131l\u0131r bir T\u00fcrk\u00e7e. Zengin \u00f6rnekleme. Efrad\u0131n\u0131 Cami, a\u011fyar\u0131n\u0131 mani bir anlat\u0131m. Kamu diplomasisi ile ilgilenenler i\u00e7in ideal bir kitap.\u201d Ayd\u0131n Nurhan, Emekli B\u00fcy\u00fckel\u00e7i \u201cElinizdeki bu eser, g\u00fcn\u00fcm\u00fcz diplomatik geli\u015fmelerine \u0131\u015f\u0131k tutan, yumu\u015fak g\u00fcc\u00fcn \u00f6nemini ve kamu diplomasisinin etkin kullan\u0131lmas\u0131 halinde \u00fclkelerin kazan\u0131mlar\u0131n\u0131n neler olabilece\u011fini irdeleyen,  zengin kaynak\u00e7as\u0131yla dikkat \u00e7eken etkileyici bir kitap olmu\u015ftur. Bu kitab\u0131n kamuoyuna kazand\u0131r\u0131lm\u0131\u015f olmas\u0131 bu konudaki literat\u00fcr i\u00e7in b\u00fcy\u00fck bir katk\u0131 niteli\u011findedir.\u201d Prof. Dr. H\u00fcseyin Ba\u011fc\u0131, ODT\u00dc Uluslararas\u0131 \u0130li\u015fkiler B\u00f6l\u00fcm Ba\u015fkan\u0131 \u201cHayli yo\u011fun bir \u00e7al\u0131\u015fma d\u00f6nemi ve ba\u015far\u0131yla tamamlanm\u0131\u015f bir Doktora Tezi sonras\u0131nda, hi\u00e7 ara vermeksizin alan\u0131nda \u00e7ok daha fazla derinle\u015fmek i\u00e7in kaleme ald\u0131\u011f\u0131 pek \u00e7ok makalesinde Birle\u015fmi\u015fMilletler, NATO gibi bir\u00e7ok uluslararas\u0131 organizasyonu, kurulu\u015fu, \u00fclke ve modeli inceleyen Aydemir, di\u011fer \u00e7al\u0131\u015fmalar\u0131n\u0131n yan\u0131 s\u0131ra bu eseri ile Kamu Diplomasisi alan\u0131nda \u00e7al\u0131\u015fan akademisyenler i\u00e7in olduk\u00e7a \u00f6nemli bir kaynak eser \u00fcretmi\u015f bulunuyor. Ancak bundan \u00e7ok daha \u00f6nemlisi, bu eser, Kamu Diplomasisi alan\u0131nda m\u00fccadele veren Kamu Kurulu\u015flar\u0131 ve y\u00f6neticileri a\u00e7\u0131s\u0131ndan da \u00f6nemli bir  ba\u015fvuru kayna\u011f\u0131 olma \u00f6zelli\u011fi ta\u015f\u0131yor. Bu eser sahip oldu\u011fu kayda de\u011fer bilgi \u00fcretme konusunda bir sorunun olmad\u0131\u011f\u0131 ama sorunun, hep oldu\u011fu gibi, \u00fcretilen bilginin hayata ge\u00e7irilememesinde yatt\u0131\u011f\u0131d\u0131r.\u201d Prof. Dr. Ali Murat Vural, \u0130stanbul \u00dcniversitesi \u0130leti\u015fim Fak\u00fcltesi \u00d6\u011fretim \u00dcyesi          \u201cPek \u00e7ok yaz\u0131mda vurgulam\u0131\u015ft\u0131m: Kamu diplomasisinin birinci kural\u0131d\u0131r; e\u011fer sen kamuoyunu en h\u0131zl\u0131 ve do\u011fru \u015fekilde bilgilendirmezsen kamuoyu kendi kendine bilgi kaynaklar\u0131n\u0131 yarat\u0131r. Bu dasenin kontrol\u00fcn\u00fcn d\u0131\u015f\u0131nda ger\u00e7ekle\u015fir\u2026 Yani ev \u00f6devini do\u011fru yapmad\u0131\u011f\u0131n i\u00e7in ortaya \u00e7\u0131kan \u00e7arp\u0131k durumlardan dolay\u0131 ba\u015fkalar\u0131n\u0131 ele\u015ftirmeden \u00f6nce bir kendine bak! Kamu diplomasisi illegal bir i\u015f de\u011fildir. Gizli kapakl\u0131 y\u00fcr\u00fct\u00fclmez. Tam tersine. Apa\u00e7\u0131k y\u00fcr\u00fct\u00fcl\u00fcr. \u0130\u015fte Emrah Aydemir\u2019in bu kitab\u0131 bu ger\u00e7e\u011fi t\u00fcm a\u00e7\u0131kl\u0131\u011f\u0131 ile hem de pek \u00e7ok \u00fclkeyi tek tek inceleyerek ortaya koyuyor. Aydemir, hayli Aydemir, hayli  tek inceleyerek ortaya koyuyor. Aydemir, hayli  derinlikli ve \u00f6nemli bir \u00e7al\u0131\u015fmaya imza atm\u0131\u015f bulunuyor.\u201d Ali Saydam, Bersay \u0130leti\u015fim Grubu Onursal Ba\u015fkan\u0131 <\/p>\n","protected":false},"excerpt":{"rendered":"<p>\u201cBu kitap, uluslararas\u0131 kurulu\u015flar arac\u0131l\u0131\u011f\u0131yla \u00fclkelerin kamu diplomasisi politikalar\u0131n\u0131 ve yumu\u015fak g\u00fcc\u00fcn\u00fc kendi kapsam\u0131nda dikkat \u00e7ekici bir \u00e7er\u00e7eveye oturtmaktad\u0131r Sun Tzu\u2019nun belirtti\u011fi gibi bir sava\u015f\u0131n en<span class=\"excerpt-hellip\"> [\u2026]<\/span><\/p>\n","protected":false},"featured_media":0,"template":"","meta":{"_monsterinsights_skip_tracking":false,"_monsterinsights_sitenote_active":false,"_monsterinsights_sitenote_note":"","_monsterinsights_sitenote_category":0},"product_brand":[],"product_cat":[13590,12337],"product_tag":[],"class_list":{"0":"post-716149","1":"product","2":"type-product","3":"status-publish","5":"product_cat-arastirma-inceleme-politika-siyaset","6":"product_cat-politika-siyaset","7":"pa_cilt-ciltsiz","8":"pa_tur-kitap","9":"pa_yayinevi-kalkedon-yayincilik","10":"pa_yazar-emrah-aydemir","12":"first","13":"instock","14":"sale","15":"shipping-taxable","16":"purchasable","17":"product-type-simple"},"_links":{"self":[{"href":"https:\/\/roveyayinevi.com.tr\/index.php\/wp-json\/wp\/v2\/product\/716149","targetHints":{"allow":["GET"]}}],"collection":[{"href":"https:\/\/roveyayinevi.com.tr\/index.php\/wp-json\/wp\/v2\/product"}],"about":[{"href":"https:\/\/roveyayinevi.com.tr\/index.php\/wp-json\/wp\/v2\/types\/product"}],"wp:attachment":[{"href":"https:\/\/roveyayinevi.com.tr\/index.php\/wp-json\/wp\/v2\/media?parent=716149"}],"wp:term":[{"taxonomy":"product_brand","embeddable":true,"href":"https:\/\/roveyayinevi.com.tr\/index.php\/wp-json\/wp\/v2\/product_brand?post=716149"},{"taxonomy":"product_cat","embeddable":true,"href":"https:\/\/roveyayinevi.com.tr\/index.php\/wp-json\/wp\/v2\/product_cat?post=716149"},{"taxonomy":"product_tag","embeddable":true,"href":"https:\/\/roveyayinevi.com.tr\/index.php\/wp-json\/wp\/v2\/product_tag?post=716149"}],"curies":[{"name":"wp","href":"https:\/\/api.w.org\/{rel}","templated":true}]}}