{"id":716146,"date":"2025-08-27T17:38:53","date_gmt":"2025-08-27T14:38:53","guid":{"rendered":"https:\/\/roveyayinevi.com.tr\/index.php\/urun\/kardes-kavgasi\/"},"modified":"2026-04-16T02:24:32","modified_gmt":"2026-04-15T23:24:32","slug":"kardes-kavgasi","status":"publish","type":"product","link":"https:\/\/roveyayinevi.com.tr\/index.php\/urun\/kardes-kavgasi\/","title":{"rendered":"Karde\u015f Kavgas\u0131"},"content":{"rendered":"<p>Toplumun di\u011fergam olmaya ne kadar da ihtiyac\u0131 oldu\u011funu, birlikte zorlar\u0131n kolayla\u015ft\u0131\u011f\u0131n\u0131 bir kez daha g\u00f6zler \u00f6n\u00fcne seriyor Yunus Ko\u015far, Gara Bilal ile. \u00d6rnek hayatlar ne kadar \u00e7ok olursa; \u00f6rnek alanlar da o kadar \u00e7ok olacakt\u0131r. Bu yol uzun ve me\u015fakkatli. Ko\u015far ad\u0131m ya\u015f\u0131yor insanlar. Hayat bir \u00e7\u00f6lde seyahat. Bu seyahatte dinlenecek vahalar bulmak gerek. \u00c7evreye bak\u0131\u015f\u0131 b\u00fcy\u00fck foto\u011fraf\u0131 g\u00f6renler hengamenin d\u0131\u015f\u0131na \u00e7\u0131kabilecekler. Okumak gibi bir vaha ke\u015ffedebilenler Gara Bilal\u2019le de mutlaka tan\u0131\u015fmal\u0131. Bir nefes Anadolu, bir nefes insanl\u0131k i\u00e7in bir solukta okunacak bir eser. Te\u015fekk\u00fcrler sevgili Yunus. Te\u015fekk\u00fcrler i\u00e7inden \u00e7\u0131kt\u0131\u011f\u0131 k\u00fclt\u00fcr\u00fc unutmad\u0131\u011f\u0131n ve unutturmamak i\u00e7in yapt\u0131\u011f\u0131n \u00e7abalara te\u015fekk\u00fcrler her \u015fart ve zamanla insan kalan\u0131n hikayesini bizlere hat\u0131rlatt\u0131\u011f\u0131n i\u00e7in. Senin ve Karde\u015f Kavgas\u0131 ( Gara Bilal ) yolu a\u00e7\u0131k olsun. Daha b\u00fcy\u00fck kitlelere ula\u015farak; bir\u00e7ok insandaki ikinci, \u00fc\u00e7\u00fcnc\u00fc\u2026 Hatta be\u015finci ki\u015fili\u011fi boynu b\u00fck\u00fckl\u00fckten \u00e7\u0131kar\u0131p, \u00f6ne \u00e7\u0131kmas\u0131na vesile olman dile\u011fiyle\u2026 <\/p>\n","protected":false},"excerpt":{"rendered":"<p>Toplumun di\u011fergam olmaya ne kadar da ihtiyac\u0131 oldu\u011funu, birlikte zorlar\u0131n kolayla\u015ft\u0131\u011f\u0131n\u0131 bir kez daha g\u00f6zler \u00f6n\u00fcne seriyor Yunus Ko\u015far, Gara Bilal ile. \u00d6rnek hayatlar ne kadar<span class=\"excerpt-hellip\"> [\u2026]<\/span><\/p>\n","protected":false},"featured_media":0,"template":"","meta":{"_monsterinsights_skip_tracking":false,"_monsterinsights_sitenote_active":false,"_monsterinsights_sitenote_note":"","_monsterinsights_sitenote_category":0},"product_brand":[],"product_cat":[12291,12711],"product_tag":[],"class_list":{"0":"post-716146","1":"product","2":"type-product","3":"status-publish","5":"product_cat-edebiyat","6":"product_cat-roman-oyku","7":"pa_cilt-ciltsiz","8":"pa_tur-kitap","9":"pa_yayinevi-meric-yayinlari","10":"pa_yazar-yunus-kosar","12":"first","13":"instock","14":"sale","15":"shipping-taxable","16":"purchasable","17":"product-type-simple"},"_links":{"self":[{"href":"https:\/\/roveyayinevi.com.tr\/index.php\/wp-json\/wp\/v2\/product\/716146","targetHints":{"allow":["GET"]}}],"collection":[{"href":"https:\/\/roveyayinevi.com.tr\/index.php\/wp-json\/wp\/v2\/product"}],"about":[{"href":"https:\/\/roveyayinevi.com.tr\/index.php\/wp-json\/wp\/v2\/types\/product"}],"wp:attachment":[{"href":"https:\/\/roveyayinevi.com.tr\/index.php\/wp-json\/wp\/v2\/media?parent=716146"}],"wp:term":[{"taxonomy":"product_brand","embeddable":true,"href":"https:\/\/roveyayinevi.com.tr\/index.php\/wp-json\/wp\/v2\/product_brand?post=716146"},{"taxonomy":"product_cat","embeddable":true,"href":"https:\/\/roveyayinevi.com.tr\/index.php\/wp-json\/wp\/v2\/product_cat?post=716146"},{"taxonomy":"product_tag","embeddable":true,"href":"https:\/\/roveyayinevi.com.tr\/index.php\/wp-json\/wp\/v2\/product_tag?post=716146"}],"curies":[{"name":"wp","href":"https:\/\/api.w.org\/{rel}","templated":true}]}}