{"id":716145,"date":"2025-08-27T17:38:53","date_gmt":"2025-08-27T14:38:53","guid":{"rendered":"https:\/\/roveyayinevi.com.tr\/index.php\/urun\/olmazsa-olmaz\/"},"modified":"2025-11-21T05:04:40","modified_gmt":"2025-11-21T02:04:40","slug":"olmazsa-olmaz","status":"publish","type":"product","link":"https:\/\/roveyayinevi.com.tr\/index.php\/urun\/olmazsa-olmaz\/","title":{"rendered":"Olmazsa Olmaz"},"content":{"rendered":"<p>Do\u011fru insan, yani aranan olmak\u2026 Aranan evlat, aranan arkada\u015f, aranan \u00f6\u011frenci, aranan eleman, aranan y\u00f6netici, aranan e\u015f, aranan kom\u015fu olmak\u2026 Parmakla g\u00f6sterilen bir gen\u00e7, delikanl\u0131 olmak\u2026 Ya aranan ya da s\u0131radan olmak\u2026 Giderek kalabal\u0131kla\u015fan d\u00fcnyada, etraf\u0131m\u0131zdaki bir\u00e7ok ki\u015fi bizimle ayn\u0131 e\u011fitimi al\u0131yor, ayn\u0131 diplomalara sahip, benzer ekonomik ko\u015fullara sahip. Dolay\u0131s\u0131yla kalabal\u0131klar aras\u0131nda kayboluyoruz. Gen\u00e7ler olarak en temel ihtiya\u00e7lar\u0131m\u0131zdan biri de fark edilmek. Annenize\/baban\u0131za \u2018\u2019Ben art\u0131k b\u00fcy\u00fcd\u00fcm.\u2019\u2019 diye hayk\u0131rmak istiyorsunuz. Etraf\u0131n\u0131zdakiler sizi fark etsin istiyorsunuz. S\u0131n\u0131fta \u00f6\u011fretmenim beni anlas\u0131n istiyorsunuz. Oysa do\u011fru insan olmak, aranan ki\u015fi olmak ve fark edilmek; ancak do\u011fru davran\u0131\u015flar ile m\u00fcmk\u00fcn. Gen\u00e7 arkada\u015f\u0131m; \u0130\u015fte bu kitap, ya\u015fam\u0131n \u2018\u2019Olmazsa Olmaz\u2019\u2019lar\u0131 g\u00f6rg\u00fc, nezaket ve ileti\u015fim donan\u0131mlar\u0131 konusunda sana rehberlik edecek. <\/p>\n","protected":false},"excerpt":{"rendered":"<p>Do\u011fru insan, yani aranan olmak\u2026 Aranan evlat, aranan arkada\u015f, aranan \u00f6\u011frenci, aranan eleman, aranan y\u00f6netici, aranan e\u015f, aranan kom\u015fu olmak\u2026 Parmakla g\u00f6sterilen bir gen\u00e7, delikanl\u0131 olmak\u2026<span class=\"excerpt-hellip\"> [\u2026]<\/span><\/p>\n","protected":false},"featured_media":0,"template":"","meta":{"_monsterinsights_skip_tracking":false,"_monsterinsights_sitenote_active":false,"_monsterinsights_sitenote_note":"","_monsterinsights_sitenote_category":0},"product_brand":[],"product_cat":[12364,12376],"product_tag":[],"class_list":{"0":"post-716145","1":"product","2":"type-product","3":"status-publish","5":"product_cat-genel-konular","6":"product_cat-kisisel-gelisim","7":"pa_cilt-ciltsiz","8":"pa_tur-kitap","9":"pa_yayinevi-cinaralti-yayinlari","10":"pa_yazar-idris-koc","12":"first","13":"instock","14":"sale","15":"shipping-taxable","16":"purchasable","17":"product-type-simple"},"_links":{"self":[{"href":"https:\/\/roveyayinevi.com.tr\/index.php\/wp-json\/wp\/v2\/product\/716145","targetHints":{"allow":["GET"]}}],"collection":[{"href":"https:\/\/roveyayinevi.com.tr\/index.php\/wp-json\/wp\/v2\/product"}],"about":[{"href":"https:\/\/roveyayinevi.com.tr\/index.php\/wp-json\/wp\/v2\/types\/product"}],"wp:attachment":[{"href":"https:\/\/roveyayinevi.com.tr\/index.php\/wp-json\/wp\/v2\/media?parent=716145"}],"wp:term":[{"taxonomy":"product_brand","embeddable":true,"href":"https:\/\/roveyayinevi.com.tr\/index.php\/wp-json\/wp\/v2\/product_brand?post=716145"},{"taxonomy":"product_cat","embeddable":true,"href":"https:\/\/roveyayinevi.com.tr\/index.php\/wp-json\/wp\/v2\/product_cat?post=716145"},{"taxonomy":"product_tag","embeddable":true,"href":"https:\/\/roveyayinevi.com.tr\/index.php\/wp-json\/wp\/v2\/product_tag?post=716145"}],"curies":[{"name":"wp","href":"https:\/\/api.w.org\/{rel}","templated":true}]}}