{"id":716142,"date":"2025-08-27T17:38:51","date_gmt":"2025-08-27T14:38:51","guid":{"rendered":"https:\/\/roveyayinevi.com.tr\/index.php\/urun\/cocuklukta-ihmalin-izi-bosluk-hissi\/"},"modified":"2026-04-16T02:24:32","modified_gmt":"2026-04-15T23:24:32","slug":"cocuklukta-ihmalin-izi-bosluk-hissi","status":"publish","type":"product","link":"https:\/\/roveyayinevi.com.tr\/index.php\/urun\/cocuklukta-ihmalin-izi-bosluk-hissi\/","title":{"rendered":"\u00c7ocuklukta \u0130hmalin \u0130zi &#8211; Bo\u015fluk Hissi"},"content":{"rendered":"<p>&#8220;\u00c7ocuklukta \u0130hmalin \u0130zi: Bo\u015fluk Hissi, ebeveynlerimizden bize kalan mirasa farkl\u0131 ve a\u00e7\u0131k bir \u015fekilde \u0131\u015f\u0131k tutmakla kalmay\u0131p \u00e7ocuklu\u011fumuzda ebeveynlerimizden ald\u0131klar\u0131m\u0131z\u0131n, yeti\u015fkinlik d\u00f6neminde duygusal ve sosyal anlamda bizleri nas\u0131l etkiledi\u011fini anlamam\u0131za yard\u0131mc\u0131 oluyor. Dr. Webb zengin, s\u0131cak ve empati y\u00fckl\u00fc c\u00fcmleleriyle do\u011frudan bize hitap ederek, duygusal olarak kar\u015f\u0131la\u015ft\u0131\u011f\u0131m\u0131z engelleri tan\u0131mlamam\u0131za ve bu engellerin \u00fcstesinden gelebilece\u011fimiz yollar\u0131 bulmam\u0131za destek sa\u011fl\u0131yor.&#8221; Dr. Jeffrey Pickar, Harvard T\u0131p Fak\u00fcltesi Bazen hayat\u0131n\u0131z sadece ge\u00e7ip gidiyormu\u015f gibi hissediyor musunuz? \u00c7ok iyiymi\u015f gibi davran\u0131p, gizliden gizliye yaln\u0131z ve kopuk hissetti\u011finiz oluyor mu? Belki \u00e7ok g\u00fczel bir hayat\u0131n\u0131z var, i\u015finizde \u00e7ok iyisiniz ama bu durum sizi mutlu etmeye yetmiyor mu? \u00d6yleyse yaln\u0131z de\u011filsiniz. D\u00fcnya sizin gibi d\u00fc\u015f\u00fcnen insanlarla dolu. Kendini bu d\u00fcnyaya ait hissetmeyen, hissettiklerini kelimelere d\u00f6kemeyen ve yeteri kadar mutlu olmad\u0131\u011f\u0131 i\u00e7in kendini su\u00e7layan bir\u00e7ok insan var. Siz de bu ki\u015filerden biriyseniz, e\u015finize yeteri kadar ba\u011fl\u0131 olmad\u0131\u011f\u0131n\u0131z\u0131 d\u00fc\u015f\u00fcnebilirsiniz, di\u011fer insanlar kadar derinden sevemezsiniz ya da kendinizi mutlu hissetmezsiniz.Jonice Webb, Amazon\u2019da d\u00fcnyan\u0131n en \u00e7ok satan psikoloji kitaplar\u0131ndan birini yazarak iddias\u0131n\u0131n ve \u00e7\u00f6z\u00fcm y\u00f6ntemlerinin t\u00fcm d\u00fcnyada ge\u00e7erli oldu\u011funu kan\u0131tl\u0131yor. Milyonlarca ki\u015finin hayat\u0131na katk\u0131 yapan bu kitab\u0131, okunmas\u0131 gerekenler listenizde en \u00fcste almal\u0131s\u0131n\u0131z. <\/p>\n","protected":false},"excerpt":{"rendered":"<p>&#8220;\u00c7ocuklukta \u0130hmalin \u0130zi: Bo\u015fluk Hissi, ebeveynlerimizden bize kalan mirasa farkl\u0131 ve a\u00e7\u0131k bir \u015fekilde \u0131\u015f\u0131k tutmakla kalmay\u0131p \u00e7ocuklu\u011fumuzda ebeveynlerimizden ald\u0131klar\u0131m\u0131z\u0131n, yeti\u015fkinlik d\u00f6neminde duygusal ve sosyal anlamda<span class=\"excerpt-hellip\"> [\u2026]<\/span><\/p>\n","protected":false},"featured_media":0,"template":"","meta":{"_monsterinsights_skip_tracking":false,"_monsterinsights_sitenote_active":false,"_monsterinsights_sitenote_note":"","_monsterinsights_sitenote_category":0},"product_brand":[],"product_cat":[12679,12357],"product_tag":[],"class_list":{"0":"post-716142","1":"product","2":"type-product","3":"status-publish","5":"product_cat-cocuk-psikolojisi","6":"product_cat-psikoloji","7":"pa_cilt-ciltsiz","8":"pa_tur-kitap","9":"pa_yayinevi-sola-unitas","10":"pa_yazar-jonice-webb","12":"first","13":"instock","14":"sale","15":"shipping-taxable","16":"purchasable","17":"product-type-simple"},"_links":{"self":[{"href":"https:\/\/roveyayinevi.com.tr\/index.php\/wp-json\/wp\/v2\/product\/716142","targetHints":{"allow":["GET"]}}],"collection":[{"href":"https:\/\/roveyayinevi.com.tr\/index.php\/wp-json\/wp\/v2\/product"}],"about":[{"href":"https:\/\/roveyayinevi.com.tr\/index.php\/wp-json\/wp\/v2\/types\/product"}],"wp:attachment":[{"href":"https:\/\/roveyayinevi.com.tr\/index.php\/wp-json\/wp\/v2\/media?parent=716142"}],"wp:term":[{"taxonomy":"product_brand","embeddable":true,"href":"https:\/\/roveyayinevi.com.tr\/index.php\/wp-json\/wp\/v2\/product_brand?post=716142"},{"taxonomy":"product_cat","embeddable":true,"href":"https:\/\/roveyayinevi.com.tr\/index.php\/wp-json\/wp\/v2\/product_cat?post=716142"},{"taxonomy":"product_tag","embeddable":true,"href":"https:\/\/roveyayinevi.com.tr\/index.php\/wp-json\/wp\/v2\/product_tag?post=716142"}],"curies":[{"name":"wp","href":"https:\/\/api.w.org\/{rel}","templated":true}]}}