{"id":716140,"date":"2025-08-27T17:38:50","date_gmt":"2025-08-27T14:38:50","guid":{"rendered":"https:\/\/roveyayinevi.com.tr\/index.php\/urun\/dedektif-is-basinda-hiper-cemil-3\/"},"modified":"2026-04-16T02:24:32","modified_gmt":"2026-04-15T23:24:32","slug":"dedektif-is-basinda-hiper-cemil-3","status":"publish","type":"product","link":"https:\/\/roveyayinevi.com.tr\/index.php\/urun\/dedektif-is-basinda-hiper-cemil-3\/","title":{"rendered":"Dedektif \u0130\u015f Ba\u015f\u0131nda &#8211; Hiper Cemil 3"},"content":{"rendered":"<p>Merhaba arkada\u015flar; komik, e\u011flenceli, deli dolu, hiper maceralar\u0131mla kar\u015f\u0131n\u0131zday\u0131m. Arkada\u015flar, Konya\u2019ya bir geziye gittim; bir gittim pir gittim. \u0130\u015fler \u00e7\u0131\u011f\u0131r\u0131ndan \u00e7\u0131kt\u0131 ama ben i\u015fin i\u00e7inden \u00e7\u0131kamad\u0131m. Neler mi oldu? Ne olmad\u0131 ki! Cing\u00f6z \u015einasi \u015fark\u0131c\u0131 oldu, K\u00fclyutmaz Cabbar kelebekler gibi u\u00e7tu, \u00e7\u00f6lle\u015fmenin \u00f6n\u00fcne ge\u00e7mek i\u00e7in \u00e7\u00f6lde ko\u015ftuk, tramvay s\u00fcren amca bizi tramvaydan a\u015fa\u011f\u0131ya att\u0131, Nasrettin Hoca bana k\u0131zd\u0131. Durun, durun daha bitmedi, b\u00fct\u00fcn bunlar\u0131n \u00fcst\u00fcne bir de Uyurgezer Ali, Konya\u2019da uyurgezer bir h\u00e2lde kaybolmas\u0131n m\u0131? B\u00fct\u00fcn s\u0131n\u0131f onu bulaca\u011f\u0131z diye akla karay\u0131 se\u00e7tik. Peki, bu kadar olay\u0131n \u00fcstesinden nas\u0131l m\u0131 geldim? Eee, art\u0131k onu da kitab\u0131 okuyunca \u00f6\u011frenirsiniz,   hadi bakal\u0131m ba\u015flay\u0131n sayfalar\u0131 \u00e7evirmeye.<\/p>\n","protected":false},"excerpt":{"rendered":"<p>Merhaba arkada\u015flar; komik, e\u011flenceli, deli dolu, hiper maceralar\u0131mla kar\u015f\u0131n\u0131zday\u0131m. Arkada\u015flar, Konya\u2019ya bir geziye gittim; bir gittim pir gittim. \u0130\u015fler \u00e7\u0131\u011f\u0131r\u0131ndan \u00e7\u0131kt\u0131 ama ben i\u015fin i\u00e7inden \u00e7\u0131kamad\u0131m.<span class=\"excerpt-hellip\"> [\u2026]<\/span><\/p>\n","protected":false},"featured_media":0,"template":"","meta":{"_monsterinsights_skip_tracking":false,"_monsterinsights_sitenote_active":false,"_monsterinsights_sitenote_note":"","_monsterinsights_sitenote_category":0},"product_brand":[],"product_cat":[12274,12284],"product_tag":[],"class_list":{"0":"post-716140","1":"product","2":"type-product","3":"status-publish","5":"product_cat-cocuk-ve-genclik-kitaplari","6":"product_cat-hikayeler","7":"pa_cilt-ciltsiz","8":"pa_tur-kitap","9":"pa_yayinevi-genc-hayat","10":"pa_yazar-mustafa-kemal-celik","12":"first","13":"instock","14":"sale","15":"shipping-taxable","16":"purchasable","17":"product-type-simple"},"_links":{"self":[{"href":"https:\/\/roveyayinevi.com.tr\/index.php\/wp-json\/wp\/v2\/product\/716140","targetHints":{"allow":["GET"]}}],"collection":[{"href":"https:\/\/roveyayinevi.com.tr\/index.php\/wp-json\/wp\/v2\/product"}],"about":[{"href":"https:\/\/roveyayinevi.com.tr\/index.php\/wp-json\/wp\/v2\/types\/product"}],"wp:attachment":[{"href":"https:\/\/roveyayinevi.com.tr\/index.php\/wp-json\/wp\/v2\/media?parent=716140"}],"wp:term":[{"taxonomy":"product_brand","embeddable":true,"href":"https:\/\/roveyayinevi.com.tr\/index.php\/wp-json\/wp\/v2\/product_brand?post=716140"},{"taxonomy":"product_cat","embeddable":true,"href":"https:\/\/roveyayinevi.com.tr\/index.php\/wp-json\/wp\/v2\/product_cat?post=716140"},{"taxonomy":"product_tag","embeddable":true,"href":"https:\/\/roveyayinevi.com.tr\/index.php\/wp-json\/wp\/v2\/product_tag?post=716140"}],"curies":[{"name":"wp","href":"https:\/\/api.w.org\/{rel}","templated":true}]}}