{"id":716138,"date":"2025-08-27T17:38:48","date_gmt":"2025-08-27T14:38:48","guid":{"rendered":"https:\/\/roveyayinevi.com.tr\/index.php\/urun\/adada-isyan-fener-adasi-maceralari-1\/"},"modified":"2026-04-16T02:24:32","modified_gmt":"2026-04-15T23:24:32","slug":"adada-isyan-fener-adasi-maceralari-1","status":"publish","type":"product","link":"https:\/\/roveyayinevi.com.tr\/index.php\/urun\/adada-isyan-fener-adasi-maceralari-1\/","title":{"rendered":"Adada \u0130syan &#8211; Fener Adas\u0131 Maceralar\u0131 1"},"content":{"rendered":"<p>Al\u0131\u015f\u0131ld\u0131k d\u0131\u015f\u0131 biri kurallar\u0131 bozarsa, herkes onu sorgulamaya ba\u015flar\u2026Fantastik m\u00fckemmelli\u011fiyle nesillerdir kendi i\u00e7inde ya\u015fayan Fener Adas\u0131\u2019nda bamba\u015fka \u015feyler olmaya ba\u015fl\u0131yor.Yasaklar y\u0131k\u0131l\u0131yor. Cesur kalpler bir ad\u0131m \u00f6ne \u00e7\u0131k\u0131yor.Sisin ard\u0131nda ger\u00e7ekten bir d\u00fcnya var m\u0131? T\u00fcm bu bildikleri ger\u00e7eklik, yasaklanan haritalar ve denizcilik onlar\u0131 susturmak i\u00e7in mi? Yoksa s\u00f6ylendi\u011fi gibi Fener Adas\u0131 d\u00fcnyada kalan tek yer mi?Adal\u0131 olmak nedir biliyor musunuz?\u015eimdi tam da bunu \u00f6\u011frenmek \u00fczeresiniz;i\u00e7inden \u00e7\u0131kmas\u0131 imk\u00e2ns\u0131z bu sislere dalmaya haz\u0131rsan\u0131z tabii&#8230;<\/p>\n","protected":false},"excerpt":{"rendered":"<p>Al\u0131\u015f\u0131ld\u0131k d\u0131\u015f\u0131 biri kurallar\u0131 bozarsa, herkes onu sorgulamaya ba\u015flar\u2026Fantastik m\u00fckemmelli\u011fiyle nesillerdir kendi i\u00e7inde ya\u015fayan Fener Adas\u0131\u2019nda bamba\u015fka \u015feyler olmaya ba\u015fl\u0131yor.Yasaklar y\u0131k\u0131l\u0131yor. Cesur kalpler bir ad\u0131m \u00f6ne<span class=\"excerpt-hellip\"> [\u2026]<\/span><\/p>\n","protected":false},"featured_media":0,"template":"","meta":{"_monsterinsights_skip_tracking":false,"_monsterinsights_sitenote_active":false,"_monsterinsights_sitenote_note":"","_monsterinsights_sitenote_category":0},"product_brand":[],"product_cat":[12274,12284],"product_tag":[],"class_list":{"0":"post-716138","1":"product","2":"type-product","3":"status-publish","5":"product_cat-cocuk-ve-genclik-kitaplari","6":"product_cat-hikayeler","7":"pa_cilt-ciltsiz","8":"pa_tur-kitap","9":"pa_yayinevi-genc-hayat","10":"pa_yazar-zumrut-tanrioven","12":"first","13":"instock","14":"sale","15":"shipping-taxable","16":"purchasable","17":"product-type-simple"},"_links":{"self":[{"href":"https:\/\/roveyayinevi.com.tr\/index.php\/wp-json\/wp\/v2\/product\/716138","targetHints":{"allow":["GET"]}}],"collection":[{"href":"https:\/\/roveyayinevi.com.tr\/index.php\/wp-json\/wp\/v2\/product"}],"about":[{"href":"https:\/\/roveyayinevi.com.tr\/index.php\/wp-json\/wp\/v2\/types\/product"}],"wp:attachment":[{"href":"https:\/\/roveyayinevi.com.tr\/index.php\/wp-json\/wp\/v2\/media?parent=716138"}],"wp:term":[{"taxonomy":"product_brand","embeddable":true,"href":"https:\/\/roveyayinevi.com.tr\/index.php\/wp-json\/wp\/v2\/product_brand?post=716138"},{"taxonomy":"product_cat","embeddable":true,"href":"https:\/\/roveyayinevi.com.tr\/index.php\/wp-json\/wp\/v2\/product_cat?post=716138"},{"taxonomy":"product_tag","embeddable":true,"href":"https:\/\/roveyayinevi.com.tr\/index.php\/wp-json\/wp\/v2\/product_tag?post=716138"}],"curies":[{"name":"wp","href":"https:\/\/api.w.org\/{rel}","templated":true}]}}