{"id":716135,"date":"2025-08-27T17:38:46","date_gmt":"2025-08-27T14:38:46","guid":{"rendered":"https:\/\/roveyayinevi.com.tr\/index.php\/urun\/buyuk-yaris-macera-gecidi-13\/"},"modified":"2026-04-16T02:24:32","modified_gmt":"2026-04-15T23:24:32","slug":"buyuk-yaris-macera-gecidi-13","status":"publish","type":"product","link":"https:\/\/roveyayinevi.com.tr\/index.php\/urun\/buyuk-yaris-macera-gecidi-13\/","title":{"rendered":"B\u00fcy\u00fck Yar\u0131\u015f &#8211; Macera Ge\u00e7idi 13"},"content":{"rendered":"<p>Bu macerada gen\u00e7 bir motosiklet yar\u0131\u015f\u00e7\u0131s\u0131s\u0131n\u0131z. D\u00fcnyan\u0131n en zorlu yar\u0131\u015flar\u0131ndan birinde, Peru Dakar Rallisi\u2019nde yar\u0131\u015facaks\u0131n\u0131z. Hem de d\u00fcnyan\u0131n en \u00fcnl\u00fc yar\u0131\u015f\u00e7\u0131lar\u0131yla birlikte\u2026 Bu kitapta tam 10 farkl\u0131 son var. Kimi iyi, kimi k\u00f6t\u00fc&#8230; Do\u011fru se\u00e7imler yapabilirseniz, Dakar Rallisi\u2019ni \u015fampiyon olarak bitirip d\u00fcnyan\u0131n en \u00fcnl\u00fc sporcular\u0131ndan biri olabilirsiniz. \u00dclkenizde krallar gibi kar\u015f\u0131lan\u0131p ya\u015fam\u0131n\u0131z\u0131 zengin ve \u00fcnl\u00fc biri olarak s\u00fcrd\u00fcrebilirsiniz. Ya da Peru\u2019nun vah\u015fi co\u011frafyas\u0131nda ya\u015fam\u0131n\u0131zdan olabilirsiniz. Bunu, roman\u0131 okurken verece\u011finiz kararlar belirleyecek. \u00c7\u00fcnk\u00fc bu roman\u0131n kahraman\u0131, b\u00fcy\u00fck yar\u0131\u015f\u0131n pilotu sizsiniz. <\/p>\n","protected":false},"excerpt":{"rendered":"<p>Bu macerada gen\u00e7 bir motosiklet yar\u0131\u015f\u00e7\u0131s\u0131s\u0131n\u0131z. D\u00fcnyan\u0131n en zorlu yar\u0131\u015flar\u0131ndan birinde, Peru Dakar Rallisi\u2019nde yar\u0131\u015facaks\u0131n\u0131z. Hem de d\u00fcnyan\u0131n en \u00fcnl\u00fc yar\u0131\u015f\u00e7\u0131lar\u0131yla birlikte\u2026 Bu kitapta tam 10<span class=\"excerpt-hellip\"> [\u2026]<\/span><\/p>\n","protected":false},"featured_media":0,"template":"","meta":{"_monsterinsights_skip_tracking":false,"_monsterinsights_sitenote_active":false,"_monsterinsights_sitenote_note":"","_monsterinsights_sitenote_category":0},"product_brand":[],"product_cat":[12274,12284],"product_tag":[],"class_list":{"0":"post-716135","1":"product","2":"type-product","3":"status-publish","5":"product_cat-cocuk-ve-genclik-kitaplari","6":"product_cat-hikayeler","7":"pa_cilt-ciltsiz","8":"pa_tur-kitap","9":"pa_yayinevi-genc-hayat","10":"pa_yazar-tuncel-altinkopru","12":"first","13":"instock","14":"sale","15":"shipping-taxable","16":"purchasable","17":"product-type-simple"},"_links":{"self":[{"href":"https:\/\/roveyayinevi.com.tr\/index.php\/wp-json\/wp\/v2\/product\/716135","targetHints":{"allow":["GET"]}}],"collection":[{"href":"https:\/\/roveyayinevi.com.tr\/index.php\/wp-json\/wp\/v2\/product"}],"about":[{"href":"https:\/\/roveyayinevi.com.tr\/index.php\/wp-json\/wp\/v2\/types\/product"}],"wp:attachment":[{"href":"https:\/\/roveyayinevi.com.tr\/index.php\/wp-json\/wp\/v2\/media?parent=716135"}],"wp:term":[{"taxonomy":"product_brand","embeddable":true,"href":"https:\/\/roveyayinevi.com.tr\/index.php\/wp-json\/wp\/v2\/product_brand?post=716135"},{"taxonomy":"product_cat","embeddable":true,"href":"https:\/\/roveyayinevi.com.tr\/index.php\/wp-json\/wp\/v2\/product_cat?post=716135"},{"taxonomy":"product_tag","embeddable":true,"href":"https:\/\/roveyayinevi.com.tr\/index.php\/wp-json\/wp\/v2\/product_tag?post=716135"}],"curies":[{"name":"wp","href":"https:\/\/api.w.org\/{rel}","templated":true}]}}