{"id":716132,"date":"2025-08-27T17:38:44","date_gmt":"2025-08-27T14:38:44","guid":{"rendered":"https:\/\/roveyayinevi.com.tr\/index.php\/urun\/her-yonuyle-yoga\/"},"modified":"2026-04-16T02:24:32","modified_gmt":"2026-04-15T23:24:32","slug":"her-yonuyle-yoga","status":"publish","type":"product","link":"https:\/\/roveyayinevi.com.tr\/index.php\/urun\/her-yonuyle-yoga\/","title":{"rendered":"Her Y\u00f6n\u00fcyle Yoga"},"content":{"rendered":"<p>Her Y\u00f6n\u00fcyle Yoga, sizi yogan\u0131n temel ilkeleriyle tan\u0131\u015ft\u0131r\u0131yor ve kendinizi iyi hissetmenizi sa\u011flayacak temel duru\u015flardan, belirli rahats\u0131zl\u0131klara y\u00f6nelik \u00f6zel duru\u015flara kadar, yogaya nas\u0131l ba\u015flayabilece\u011finizi g\u00f6steriyor. T\u00fcm yoga duru\u015flar\u0131n\u0131n g\u00f6sterildi\u011fi y\u00fczlerce resimle zenginle\u015ftirilmi\u015f bu yoga kitab\u0131nda kendiniz i\u00e7in en uygun yoga t\u00fcr\u00fcn\u00fcn de ne oldu\u011funu \u00f6\u011frenip, sa\u011fl\u0131kl\u0131 ve do\u011fru bir y\u00f6ntemle rahatlayacaks\u0131n\u0131z. Her Y\u00f6n\u00fcyle Yoga, stres d\u00fczeyinizi azaltman\u0131za, daha rahat nefes alman\u0131za; bedensel, zihinsel ve ruhsal a\u00e7\u0131dan daha sa\u011fl\u0131kl\u0131 bir ya\u015fam s\u00fcrmenize yard\u0131mc\u0131 olacak.<\/p>\n","protected":false},"excerpt":{"rendered":"<p>Her Y\u00f6n\u00fcyle Yoga, sizi yogan\u0131n temel ilkeleriyle tan\u0131\u015ft\u0131r\u0131yor ve kendinizi iyi hissetmenizi sa\u011flayacak temel duru\u015flardan, belirli rahats\u0131zl\u0131klara y\u00f6nelik \u00f6zel duru\u015flara kadar, yogaya nas\u0131l ba\u015flayabilece\u011finizi g\u00f6steriyor. T\u00fcm<span class=\"excerpt-hellip\"> [\u2026]<\/span><\/p>\n","protected":false},"featured_media":0,"template":"","meta":{"_monsterinsights_skip_tracking":false,"_monsterinsights_sitenote_active":false,"_monsterinsights_sitenote_note":"","_monsterinsights_sitenote_category":0},"product_brand":[],"product_cat":[13365,19822],"product_tag":[],"class_list":{"0":"post-716132","1":"product","2":"type-product","3":"status-publish","5":"product_cat-saglik","6":"product_cat-yoga-meditasyon","7":"pa_cilt-ciltsiz","8":"pa_tur-kitap","9":"pa_yayinevi-akil-celen-kitaplar","10":"pa_yazar-cynthia-worby","12":"first","13":"instock","14":"sale","15":"shipping-taxable","16":"purchasable","17":"product-type-simple"},"_links":{"self":[{"href":"https:\/\/roveyayinevi.com.tr\/index.php\/wp-json\/wp\/v2\/product\/716132","targetHints":{"allow":["GET"]}}],"collection":[{"href":"https:\/\/roveyayinevi.com.tr\/index.php\/wp-json\/wp\/v2\/product"}],"about":[{"href":"https:\/\/roveyayinevi.com.tr\/index.php\/wp-json\/wp\/v2\/types\/product"}],"wp:attachment":[{"href":"https:\/\/roveyayinevi.com.tr\/index.php\/wp-json\/wp\/v2\/media?parent=716132"}],"wp:term":[{"taxonomy":"product_brand","embeddable":true,"href":"https:\/\/roveyayinevi.com.tr\/index.php\/wp-json\/wp\/v2\/product_brand?post=716132"},{"taxonomy":"product_cat","embeddable":true,"href":"https:\/\/roveyayinevi.com.tr\/index.php\/wp-json\/wp\/v2\/product_cat?post=716132"},{"taxonomy":"product_tag","embeddable":true,"href":"https:\/\/roveyayinevi.com.tr\/index.php\/wp-json\/wp\/v2\/product_tag?post=716132"}],"curies":[{"name":"wp","href":"https:\/\/api.w.org\/{rel}","templated":true}]}}